	{"id":85,"date":"2020-11-26T19:08:54","date_gmt":"2020-11-26T18:08:54","guid":{"rendered":"http:\/\/sereconnecteralavie.com\/?page_id=85"},"modified":"2023-05-15T21:22:10","modified_gmt":"2023-05-15T19:22:10","slug":"qui-suis-je","status":"publish","type":"page","link":"https:\/\/sereconnecteralavie.com\/index.php\/me-joindre\/qui-suis-je\/","title":{"rendered":"Qui suis-je ?"},"content":{"rendered":"\n<h2 class=\"wp-block-heading\">Praticienne de la Reconnexion\u00ae<\/h2>\n\n\n<div class=\"wp-block-image\">\n<figure class=\"aligncenter size-large is-resized\"><img loading=\"lazy\" decoding=\"async\" src=\"http:\/\/sereconnecteralavie.com\/wp-content\/uploads\/2020\/11\/me_loup.jpg\" alt=\"\" class=\"wp-image-84\" width=\"240\" height=\"300\"\/><\/figure>\n<\/div>\n\n\n<p id=\"xparagr\">Depuis toute petite, je pensais devenir m\u00e9decin &#8230;<br>comme une vive envie de soigner les autres.<br>J&rsquo;ai grandi \u00e0 la campagne, non loin de Granville &#8230;<br>ai \u00e9t\u00e9 scolaris\u00e9e chez les s\u0153urs en face la baie du Mont St Michel .<br><br>Tr\u00e8s bizarrement, je me suis ensuite retrouv\u00e9e dans une Ecole de Commerce&#8230;<br>Comment expliquer un tel d\u00e9calage ?&#8230;<br><br>A mon insu, je m&rsquo;\u00e9tais mise d\u00e8s mon adolescence dans un fonctionnement de sabotage&#8230;<br>pour des raisons syst\u00e9miques familiales, maladie et d\u00e9c\u00e8s&#8230;<br><br>Dans mes relations, j&rsquo;ai toujours consid\u00e9r\u00e9 l&rsquo;\u00e9coute de l&rsquo;autre comme primordiale :<br>\u00eatre attentif \u00e0 ses besoins, \u00e0 sa requ\u00eate et savoir lui proposer la r\u00e9ponse la plus appropri\u00e9e.<br>Pendant toutes ces ann\u00e9es, je n&rsquo;avais de cesse de lire des livres de psychologie, de m\u00e9decine chinoise, de m\u00e9decines alternatives de tout ordre voulant assouvir ma soif de savoir et de connaissance.<br><br><strong>Je cherchais le chemin pour devenir moi-m\u00eame&#8230; \u00eatre sur mon identit\u00e9&#8230;,<\/strong><br>\u00eatre bien dans mon corps et dans tout mon \u00eatre&#8230;<br>\u00eatre \u00e9panouie et heureuse tout simplement&#8230;<br><br>Aux portes du \u00ab mal \u00e0 dit \u00bb, cela m&rsquo;a amen\u00e9 \u00e0 prendre conscience, qu&rsquo;il \u00e9tait temps de dire : \u00ab stop &#8230;., maintenant je prends mon destin en main \u00bb en choisissant de faire changer les choses.<\/p>\n\n\n\n<p class=\"has-text-align-center\" id=\"xparagr\">&#8230;&#8230;. <strong>Mon changement de parcours &#8230;&#8230;<\/strong><\/p>\n\n\n<div class=\"wp-block-image\">\n<figure class=\"aligncenter size-large is-resized\"><img loading=\"lazy\" decoding=\"async\" src=\"http:\/\/sereconnecteralavie.com\/wp-content\/uploads\/2020\/11\/dauphins.jpg\" alt=\"\" class=\"wp-image-89\" width=\"300\" height=\"240\"\/><\/figure>\n<\/div>\n\n\n<p id=\"xparagr\"><strong>Pour r\u00e9pondre \u00e0 ma qu\u00eate du savoir, j&rsquo;ai commenc\u00e9 ma reconversion professionnelle en 2004.<\/strong><br>Je suis devenue en trois ans kin\u00e9siologue &#8211; kin\u00e9siologie issue des recherches du Docteur G. Goodheart chiropracteur &#8211; ce qui m&rsquo;a profond\u00e9ment invit\u00e9e \u00e0 grandir et<br>je me suis sp\u00e9cialis\u00e9e en psycho-traumatologie.<br>J&rsquo;ai aussi d\u00e9couvert le monde des \u00e9nergies \u00e0 travers le Reiki du Docteur Mikao Usui -Japon Mt Kurana-<br>pour en devenir enseignante et initier les personnes au Reiki.<br><br>J&rsquo;ai suivi les transmissions de chamanes avec Lucille \u00e0 Broc\u00e9liande, Touma\u00ef, Athanor lors de<br>voyages initiatiques <strong>en reliance avec les dauphins et les baleines.<\/strong><br>J&rsquo;ai beaucoup travaill\u00e9 mon ancrage dans le cadre de voyage chamanique et retrouver mes liens avec les anc\u00eatres, avec la terre, avec les min\u00e9raux.<br>Ils m&rsquo;ont initi\u00e9e et ont r\u00e9veill\u00e9 en moi la chamane endormie* &#8230;<\/p>\n\n\n<div class=\"wp-block-image\">\n<figure class=\"aligncenter size-large is-resized\"><img loading=\"lazy\" decoding=\"async\" src=\"http:\/\/sereconnecteralavie.com\/wp-content\/uploads\/2020\/11\/quantique.jpg\" alt=\"\" class=\"wp-image-92\" width=\"300\" height=\"200\" srcset=\"https:\/\/sereconnecteralavie.com\/wp-content\/uploads\/2020\/11\/quantique.jpg 500w, https:\/\/sereconnecteralavie.com\/wp-content\/uploads\/2020\/11\/quantique-300x201.jpg 300w\" sizes=\"auto, (max-width: 300px) 100vw, 300px\" \/><\/figure>\n<\/div>\n\n\n<p id=\"xparagr\"><strong>J&rsquo;ai reconnect\u00e9 les acquis d&rsquo;autres vies<\/strong> avec des missions telles que la transmission,<br>la connaissance, l&rsquo;origine de la vie, son sens, l&rsquo;utilisation des plantes, la gu\u00e9rison des maux&#8230; <strong>j&rsquo;ai \u00e9t\u00e9 druidesse.<\/strong><br><br>Je suis consciente que Marie, Isis m&rsquo;accompagnent depuis toujours et m&rsquo;invitent \u00e0 me tenir align\u00e9e selon l&rsquo;axe Terre\/Ciel en respect avec la loi divine.<br><strong>Le Sacr\u00e9, le Divin, l&rsquo;Energie Christique r\u00e9sonnent tr\u00e8s fort en moi, ils sont mes pr\u00e9cieux fondamentaux.<\/strong><br><br>Enfin, j&rsquo;ai \u00e9t\u00e9 subjugu\u00e9e par les fr\u00e9quences qu&rsquo; Eric Pearl, m\u00e9decin chiropracteur, a d\u00e9couvertes et dont il transmet le processus.<br>C&rsquo;est en effectuant ma Reconnexion &#8211; <strong>reconnexion \u00e0 mon \u00e9tincelle divine <\/strong>&#8211; en juillet 2008 que tout s&rsquo;est vraiment agenc\u00e9 comme un puzzle pour moi.<br>De r\u00e9els changements positifs se sont mis en place avec des synchronicit\u00e9s dans ma vie, mes relations et ma sant\u00e9 comme si j&rsquo;avais re\u00e7u une forte acc\u00e9l\u00e9ration pour faire un bond sur mon chemin de vie.<br><strong>C&rsquo;est avec mon c\u0153ur et mes convictions profondes que je me mets \u00e0 votre disposition afin de transmuter quelque chose de vitale dans votre vie.<\/strong><\/p>\n\n\n<div class=\"wp-block-image\">\n<figure class=\"aligncenter size-large is-resized\"><img loading=\"lazy\" decoding=\"async\" src=\"http:\/\/sereconnecteralavie.com\/wp-content\/uploads\/2020\/11\/soinrecon.jpg\" alt=\"\" class=\"wp-image-94\" width=\"300\" height=\"200\"\/><\/figure>\n<\/div>\n\n\n<p id=\"xparagr\">Je suis <strong>ravie de manier avec amour et art <\/strong>les nouvelles fr\u00e9quences disponibles et de participer \u00e0 \u00e9lever votre taux vibratoire.<br>Elles sont pr\u00e9sentes <strong>pour \u00e9veiller nos consciences <\/strong>en agissant sur notre ADN.<br><br>Aujourd&rsquo;hui, je suis heureuse d&rsquo;en \u00eatre l\u00e0, ici et maintenant,<br>en tant que femme et m\u00e8re de trois enfants.<br><br>Je suis ouverte \u00e0 l&rsquo;\u00e9coute de l&rsquo;autre dans l&rsquo;\u00e9motion&#8230;<br><br>Je suis l\u00e0 pour l&rsquo;accompagner en douceur afin qu&rsquo;il d\u00e9couvre son temple int\u00e9rieur et qu&rsquo;il aille librement vers son potentiel.<br><br>Dans le bonheur de partager &#8230;<\/p>\n\n\n\n<p class=\"has-text-align-center\" id=\"xparagr\"><strong>Catherine Cacquevel<\/strong><br>Port. : 06 30 81 29 12<\/p>\n\n\n<div class=\"wp-block-image\">\n<figure class=\"aligncenter size-large is-resized\"><img loading=\"lazy\" decoding=\"async\" src=\"http:\/\/sereconnecteralavie.com\/wp-content\/uploads\/2020\/11\/paragr.gif\" alt=\"\" class=\"wp-image-113\" width=\"333\" height=\"30\"\/><\/figure>\n<\/div>\n\n\n<p class=\"has-text-align-center\" id=\"xparagr\">&nbsp;<strong>Dipl\u00f4mes de Catherine Cacquevel<\/strong><\/p>\n\n\n\n<p><strong>IFKA Institut Fran\u00e7ais de Kin\u00e9siologie Appliqu\u00e9e \u00e0 Grenoble 2004 \u00e0 2006 &#8211; Freddy Potschka :<\/strong><\/p>\n\n\n\n<ul class=\"wp-block-list\">\n<li>Touch for Health : Niveau 1,2,3<\/li>\n\n\n\n<li>Anatomie &amp; Physiologie : Corine Binoche<\/li>\n\n\n\n<li>Kin\u00e9siologie Avanc\u00e9e : de 1 \u00e0 3<\/li>\n\n\n\n<li>Kin\u00e9siologie Professionnelle : de 1 \u00e0 5<\/li>\n\n\n\n<li>PscychoTraumatologie<\/li>\n\n\n\n<li>Neuro-Int\u00e9gration &amp; Plan d&rsquo;Organisation C\u00e9r\u00e9brale<\/li>\n\n\n\n<li>Brain Gym (1,2,3) &#8212; Edu K : les 7 dimensions de l&rsquo;Intelligence avec Docteur en Neurosciences Paul Denisson<\/li>\n\n\n\n<li>Constellations Familiales : Mathias Engel &amp; Constanze Potschka<\/li>\n\n\n\n<li>Massages Energ\u00e9tiques, TUI NA &amp; MTC : Hugues Bravo<\/li>\n\n\n\n<li>Aromath\u00e9rapie : Gilles Corjon<\/li>\n\n\n\n<li>Cr\u00e2nio-Sacr\u00e9e &amp; Ost\u00e9o : Herv\u00e9 Chambon<\/li>\n<\/ul>\n\n\n\n<p id=\"xparagr\"><strong>Institut d&rsquo;Enseignement de Kin\u00e9siologie Sp\u00e9cialis\u00e9e \u00e0 Saintes 2010 &amp; 2011 &#8211; Alfred Manuel<\/strong><br>Onto Kin\u00e9siologie 3 sessions \u00ab ConnaisSens, RenaisSens, CroisSens \u00bb<br><br><strong>Reiki de Ma\u00eetre Mikao Usui : Niveau I Initiation au Niveau IV Ma\u00eetrise (2008 \u00e0 2010)<\/strong><br><br>Cycle de <strong>Transmissions Chamaniques avec Lucille <\/strong>(For\u00eat de Broc\u00e9liande)<br>Cycle de <strong>Transmissions Chamaniques avec Toumai<\/strong> (France)<br>Cycle de 3 Modules avec <strong>Serge Boutboul \u00ab Comment d\u00e9velopper ses facult\u00e9s psychiques et spirituelles ? \u00bb<\/strong> (2011 \u00e0 2013)<br><br><strong>Voyages Initiatiques de Gu\u00e9rison avec Athanor<\/strong> en Egypte \u00e0 la rencontre des Dauphins en 2010<br>et \u00e0 Hawa\u00ef \u00e0 la rencontre des Baleines et des Dauphins en 2011.<br><br><strong>S\u00e9minaires Niveaux I II &amp; III avec Docteur Eric Pearl en 2008 et en 2014 (Paris &amp; Bruxelles).<\/strong><br><\/p>\n\n\n\n<p class=\"has-text-align-left\" id=\"xparagr\"><em>Ma formation initiale :<br>&nbsp;&nbsp;&nbsp;&nbsp;&nbsp;Ecole de Commerce Neuilly\/Seine 92 et US TX MBA<br>&nbsp;&nbsp;&nbsp;&nbsp;&nbsp;Universit\u00e9 de Nanterre &#8211; Licence Informatique.<\/em><\/p>\n\n\n<div class=\"wp-block-image\">\n<figure class=\"aligncenter size-large is-resized\"><img loading=\"lazy\" decoding=\"async\" src=\"http:\/\/sereconnecteralavie.com\/wp-content\/uploads\/2020\/11\/paragr.gif\" alt=\"\" class=\"wp-image-113\" width=\"333\" height=\"30\"\/><\/figure>\n<\/div>\n\n\n<p id=\"xparagr\"><strong>Je vous souhaite une ann\u00e9e 2020 pleine de r\u00e9compenses.<\/strong><br><br>\u00c0 l&rsquo;image du Petit Prince,<br><br><em>\u00ab\u00a0J&rsquo;ai appris, dit le Petit Prince, que le monde est le miroir de mon \u00e2me&#8230;<br>Quand elle est enjou\u00e9e, le Monde lui semble gai.<br>Quand elle est accabl\u00e9e, le Monde lui semble triste.<br>Le monde, lui, n&rsquo;est ni triste, ni gai.<br>Il est l\u00e0, c&rsquo;est tout. Ce n&rsquo;\u00e9tait pas le monde qui me troublait, mais l&rsquo;id\u00e9e que je m&rsquo;en faisais&#8230;<br>J&rsquo;ai appris \u00e0 accepter sans le juger, totalement, inconditionnellement&#8230;\u00a0\u00bb<\/em><br><\/p>\n\n\n<div class=\"wp-block-image\">\n<figure class=\"aligncenter size-large is-resized\"><img loading=\"lazy\" decoding=\"async\" src=\"http:\/\/sereconnecteralavie.com\/wp-content\/uploads\/2020\/11\/paragr.gif\" alt=\"\" class=\"wp-image-113\" width=\"333\" height=\"30\"\/><\/figure>\n<\/div>\n\n\n<h1 class=\"has-text-align-right wp-block-heading\"><strong>Catherine<\/strong><\/h1>\n\n\n\n<p><\/p>\n","protected":false},"excerpt":{"rendered":"<p>Praticienne de la Reconnexion\u00ae Depuis toute petite, je pensais devenir m\u00e9decin &#8230;comme une vive envie de soigner les autres.J&rsquo;ai grandi \u00e0 la campagne, non loin de Granville &#8230;ai \u00e9t\u00e9 scolaris\u00e9e chez les s\u0153urs en face la baie du Mont St Michel . Tr\u00e8s bizarrement, je me suis ensuite retrouv\u00e9e dans une Ecole de Commerce&#8230;Comment expliquer &hellip; <\/p>\n<p class=\"link-more\"><a href=\"https:\/\/sereconnecteralavie.com\/index.php\/me-joindre\/qui-suis-je\/\" class=\"more-link\">Continuer la lecture<span class=\"screen-reader-text\"> de &laquo;&nbsp;Qui suis-je ?&nbsp;&raquo;<\/span><\/a><\/p>\n","protected":false},"author":1,"featured_media":0,"parent":124,"menu_order":0,"comment_status":"closed","ping_status":"closed","template":"","meta":{"footnotes":""},"class_list":["post-85","page","type-page","status-publish","hentry"],"_links":{"self":[{"href":"https:\/\/sereconnecteralavie.com\/index.php\/wp-json\/wp\/v2\/pages\/85","targetHints":{"allow":["GET"]}}],"collection":[{"href":"https:\/\/sereconnecteralavie.com\/index.php\/wp-json\/wp\/v2\/pages"}],"about":[{"href":"https:\/\/sereconnecteralavie.com\/index.php\/wp-json\/wp\/v2\/types\/page"}],"author":[{"embeddable":true,"href":"https:\/\/sereconnecteralavie.com\/index.php\/wp-json\/wp\/v2\/users\/1"}],"replies":[{"embeddable":true,"href":"https:\/\/sereconnecteralavie.com\/index.php\/wp-json\/wp\/v2\/comments?post=85"}],"version-history":[{"count":28,"href":"https:\/\/sereconnecteralavie.com\/index.php\/wp-json\/wp\/v2\/pages\/85\/revisions"}],"predecessor-version":[{"id":691,"href":"https:\/\/sereconnecteralavie.com\/index.php\/wp-json\/wp\/v2\/pages\/85\/revisions\/691"}],"up":[{"embeddable":true,"href":"https:\/\/sereconnecteralavie.com\/index.php\/wp-json\/wp\/v2\/pages\/124"}],"wp:attachment":[{"href":"https:\/\/sereconnecteralavie.com\/index.php\/wp-json\/wp\/v2\/media?parent=85"}],"curies":[{"name":"wp","href":"https:\/\/api.w.org\/{rel}","templated":true}]}}