	{"id":761,"date":"2024-10-31T23:59:59","date_gmt":"2024-10-31T22:59:59","guid":{"rendered":"https:\/\/sereconnecteralavie.com\/?page_id=761"},"modified":"2024-11-01T00:11:08","modified_gmt":"2024-10-31T23:11:08","slug":"catherine","status":"publish","type":"page","link":"https:\/\/sereconnecteralavie.com\/index.php\/livre-dor\/catherine\/","title":{"rendered":"Livre d&rsquo;or"},"content":{"rendered":"<div class=\"wp-block-image\">\n<figure class=\"aligncenter size-large\"><img loading=\"lazy\" decoding=\"async\" width=\"240\" height=\"125\" src=\"http:\/\/sereconnecteralavie.com\/wp-content\/uploads\/2020\/11\/jane.jpg\" alt=\"\" class=\"wp-image-339\"\/><\/figure>\n<\/div>\n\n\n<p>Catherine le 24 octobre 2024<br><\/p>\n\n\n\n<p>En d\u00e9pression depuis un an, j&rsquo;ai fait un soin avec Mme Cacquerel. <strong>Ce fut comme une r\u00e9volution<\/strong> car j<strong>&lsquo;ai retrouv\u00e9 ma joie de vivre<\/strong> sans anxi\u00e9t\u00e9 matinale. L&rsquo;\u00e9nergie est revenue et je peux enfin reprendre mes activit\u00e9s comme avant.<br><strong>Je recommande vivement Mme Cacquerel<\/strong> pour les soins qu&rsquo;elle donne et <strong>les r\u00e9sultats obtenus.<\/strong><\/p>\n\n\n<div class=\"wp-block-image\">\n<figure class=\"aligncenter size-large\"><img loading=\"lazy\" decoding=\"async\" width=\"333\" height=\"30\" src=\"http:\/\/sereconnecteralavie.com\/wp-content\/uploads\/2020\/11\/paragr.gif\" alt=\"\" class=\"wp-image-266\"\/><\/figure>\n<\/div>","protected":false},"excerpt":{"rendered":"<p>Catherine le 24 octobre 2024 En d\u00e9pression depuis un an, j&rsquo;ai fait un soin avec Mme Cacquerel. Ce fut comme une r\u00e9volution car j&lsquo;ai retrouv\u00e9 ma joie de vivre sans anxi\u00e9t\u00e9 matinale. L&rsquo;\u00e9nergie est revenue et je peux enfin reprendre mes activit\u00e9s comme avant.Je recommande vivement Mme Cacquerel pour les soins qu&rsquo;elle donne et les &hellip; <\/p>\n<p class=\"link-more\"><a href=\"https:\/\/sereconnecteralavie.com\/index.php\/livre-dor\/catherine\/\" class=\"more-link\">Continuer la lecture<span class=\"screen-reader-text\"> de &laquo;&nbsp;Livre d&rsquo;or&nbsp;&raquo;<\/span><\/a><\/p>\n","protected":false},"author":1,"featured_media":0,"parent":185,"menu_order":0,"comment_status":"closed","ping_status":"closed","template":"","meta":{"footnotes":""},"class_list":["post-761","page","type-page","status-publish","hentry"],"_links":{"self":[{"href":"https:\/\/sereconnecteralavie.com\/index.php\/wp-json\/wp\/v2\/pages\/761","targetHints":{"allow":["GET"]}}],"collection":[{"href":"https:\/\/sereconnecteralavie.com\/index.php\/wp-json\/wp\/v2\/pages"}],"about":[{"href":"https:\/\/sereconnecteralavie.com\/index.php\/wp-json\/wp\/v2\/types\/page"}],"author":[{"embeddable":true,"href":"https:\/\/sereconnecteralavie.com\/index.php\/wp-json\/wp\/v2\/users\/1"}],"replies":[{"embeddable":true,"href":"https:\/\/sereconnecteralavie.com\/index.php\/wp-json\/wp\/v2\/comments?post=761"}],"version-history":[{"count":3,"href":"https:\/\/sereconnecteralavie.com\/index.php\/wp-json\/wp\/v2\/pages\/761\/revisions"}],"predecessor-version":[{"id":764,"href":"https:\/\/sereconnecteralavie.com\/index.php\/wp-json\/wp\/v2\/pages\/761\/revisions\/764"}],"up":[{"embeddable":true,"href":"https:\/\/sereconnecteralavie.com\/index.php\/wp-json\/wp\/v2\/pages\/185"}],"wp:attachment":[{"href":"https:\/\/sereconnecteralavie.com\/index.php\/wp-json\/wp\/v2\/media?parent=761"}],"curies":[{"name":"wp","href":"https:\/\/api.w.org\/{rel}","templated":true}]}}