	{"id":693,"date":"2023-02-02T18:01:09","date_gmt":"2023-02-02T17:01:09","guid":{"rendered":"https:\/\/sereconnecteralavie.com\/?page_id=693"},"modified":"2023-05-15T21:21:28","modified_gmt":"2023-05-15T19:21:28","slug":"kinesiologie","status":"publish","type":"page","link":"https:\/\/sereconnecteralavie.com\/index.php\/medecines-naturelles\/kinesiologie\/","title":{"rendered":"Kin\u00e9siologie"},"content":{"rendered":"\n<h2 class=\"has-text-align-center wp-block-heading\"><strong>Je vous accompagne sur votre chemin<\/strong><\/h2>\n\n\n<div class=\"wp-block-image\">\n<figure class=\"aligncenter size-large\"><img loading=\"lazy\" decoding=\"async\" width=\"290\" height=\"155\" src=\"http:\/\/sereconnecteralavie.com\/wp-content\/uploads\/2020\/11\/kinesiologie.png\" alt=\"\" class=\"wp-image-305\"\/><\/figure>\n<\/div>\n\n\n<p><strong>Kin\u00e9siologue<\/strong> depuis 2006, je vous accompagne sur votre chemin de la gu\u00e9rison, de la lib\u00e9ration des m\u00e9moires de tout type&#8230;<br>pour enfin avoir acc\u00e8s \u00e0 vos ressources,<strong> d\u00e9couvrir votre Vrai Potentiel et vivre en Harmonie et en Pl\u00e9nitude.<\/strong><br><br>Mes s\u00e9ances se d\u00e9roulent dans le confort de l&rsquo;\u00e9change, c&rsquo;est un dialogue entre vous (votre Etre, Votre Corps et votre Ame) et moi-m\u00eame, pour une d\u00e9couverte de <strong>votre Essence Profonde<\/strong>&#8230;<\/p>\n\n\n<div class=\"wp-block-image\">\n<figure class=\"aligncenter size-large is-resized\"><img loading=\"lazy\" decoding=\"async\" src=\"http:\/\/sereconnecteralavie.com\/wp-content\/uploads\/2020\/11\/paragr.gif\" alt=\"\" class=\"wp-image-266\" width=\"333\" height=\"30\"\/><\/figure>\n<\/div>\n\n\n<p><strong>Qu&rsquo;est ce que la Kin\u00e9siologie ?<\/strong><br><br><strong>La Kin\u00e9siologie est une m\u00e9thode holistique bas\u00e9e sur la Triade de la Sant\u00e9.<\/strong><br>Elle consid\u00e8re le corps et l&rsquo;esprit comme une seule entit\u00e9<br>et op\u00e8re sur la globalit\u00e9 de la personne &#8212; structurel, \u00e9motionnel, \u00e9nerg\u00e9tique &#8212; .<br>Cette technique est issue de l&rsquo;exp\u00e9rience du <strong>Dr G. Goodhart Chiropracteur US<\/strong> et est bas\u00e9e sur des protocoles de m\u00e9decine occidentale (Dr Diamond &amp; Dr Callahan) et de <strong>m\u00e9decine chinoise.<\/strong><br>Ceci inclut \u00e9galement : <strong>Kin\u00e9siologie Educative de Dr Paul Denisson <\/strong>: Brain Gym, Equilibrage \u00e9nerg\u00e9tique via m\u00e9ridiens et points d&rsquo;acupuncture, Psychotraumatologie (<strong>hypnose, EFT, EMDR<\/strong>&#8230;.), R\u00e9gression de m\u00e9moire- Cr\u00e2nio-Sacr\u00e9e, Elixirs Floraux&#8230;<br><br>Pour davantage de d\u00e9tails, consulter \u00ab\u00a0Ma Formation\u00a0\u00bb dans <a href=\"http:\/\/xavier-a67\/index.php\/qui-suis-je\/\">Qui Suis-je ?<\/a><\/p>\n\n\n<div class=\"wp-block-image\">\n<figure class=\"aligncenter size-large is-resized\"><img loading=\"lazy\" decoding=\"async\" src=\"http:\/\/sereconnecteralavie.com\/wp-content\/uploads\/2020\/11\/paragr.gif\" alt=\"\" class=\"wp-image-266\" width=\"333\" height=\"30\"\/><\/figure>\n<\/div>\n\n\n<p><strong>Une s\u00e9ance de Kin\u00e9siologie :<\/strong><br>&nbsp;&nbsp;&nbsp;&nbsp; entre 1 heure et 1 heure 30&nbsp;&nbsp;&nbsp;&nbsp;&nbsp;&nbsp;&nbsp;&nbsp; &nbsp;&nbsp;&nbsp;&nbsp;70 Euros<\/p>\n\n\n\n<p><strong>en Normandie, Avranches (50) Manche,<\/strong><br><strong>ou en Bretagne<\/strong>, <strong>Dinan (22) C\u00f4tes d\u2019Armor<\/strong><\/p>\n\n\n<div class=\"wp-block-image\">\n<figure class=\"aligncenter size-large\"><img loading=\"lazy\" decoding=\"async\" width=\"333\" height=\"30\" src=\"http:\/\/sereconnecteralavie.com\/wp-content\/uploads\/2020\/11\/paragr.gif\" alt=\"\" class=\"wp-image-266\"\/><\/figure>\n<\/div>","protected":false},"excerpt":{"rendered":"<p>Je vous accompagne sur votre chemin Kin\u00e9siologue depuis 2006, je vous accompagne sur votre chemin de la gu\u00e9rison, de la lib\u00e9ration des m\u00e9moires de tout type&#8230;pour enfin avoir acc\u00e8s \u00e0 vos ressources, d\u00e9couvrir votre Vrai Potentiel et vivre en Harmonie et en Pl\u00e9nitude. Mes s\u00e9ances se d\u00e9roulent dans le confort de l&rsquo;\u00e9change, c&rsquo;est un dialogue &hellip; <\/p>\n<p class=\"link-more\"><a href=\"https:\/\/sereconnecteralavie.com\/index.php\/medecines-naturelles\/kinesiologie\/\" class=\"more-link\">Continuer la lecture<span class=\"screen-reader-text\"> de &laquo;&nbsp;Kin\u00e9siologie&nbsp;&raquo;<\/span><\/a><\/p>\n","protected":false},"author":1,"featured_media":0,"parent":732,"menu_order":0,"comment_status":"closed","ping_status":"closed","template":"","meta":{"footnotes":""},"class_list":["post-693","page","type-page","status-publish","hentry"],"_links":{"self":[{"href":"https:\/\/sereconnecteralavie.com\/index.php\/wp-json\/wp\/v2\/pages\/693","targetHints":{"allow":["GET"]}}],"collection":[{"href":"https:\/\/sereconnecteralavie.com\/index.php\/wp-json\/wp\/v2\/pages"}],"about":[{"href":"https:\/\/sereconnecteralavie.com\/index.php\/wp-json\/wp\/v2\/types\/page"}],"author":[{"embeddable":true,"href":"https:\/\/sereconnecteralavie.com\/index.php\/wp-json\/wp\/v2\/users\/1"}],"replies":[{"embeddable":true,"href":"https:\/\/sereconnecteralavie.com\/index.php\/wp-json\/wp\/v2\/comments?post=693"}],"version-history":[{"count":1,"href":"https:\/\/sereconnecteralavie.com\/index.php\/wp-json\/wp\/v2\/pages\/693\/revisions"}],"predecessor-version":[{"id":694,"href":"https:\/\/sereconnecteralavie.com\/index.php\/wp-json\/wp\/v2\/pages\/693\/revisions\/694"}],"up":[{"embeddable":true,"href":"https:\/\/sereconnecteralavie.com\/index.php\/wp-json\/wp\/v2\/pages\/732"}],"wp:attachment":[{"href":"https:\/\/sereconnecteralavie.com\/index.php\/wp-json\/wp\/v2\/media?parent=693"}],"curies":[{"name":"wp","href":"https:\/\/api.w.org\/{rel}","templated":true}]}}