	{"id":651,"date":"2022-08-12T14:10:05","date_gmt":"2022-08-12T12:10:05","guid":{"rendered":"http:\/\/sereconnecteralavie.com\/?page_id=651"},"modified":"2024-10-31T23:44:18","modified_gmt":"2024-10-31T22:44:18","slug":"jocelyne","status":"publish","type":"page","link":"https:\/\/sereconnecteralavie.com\/index.php\/livre-dor\/jocelyne\/","title":{"rendered":"Livre d&rsquo;or"},"content":{"rendered":"\n<div class=\"wp-block-image\"><figure class=\"aligncenter size-thumbnail is-resized\"><img loading=\"lazy\" decoding=\"async\" src=\"http:\/\/sereconnecteralavie.com\/wp-content\/uploads\/2022\/08\/femme-spirituelle-150x150.jpg\" alt=\"\" class=\"wp-image-652\" width=\"220\" height=\"180\"\/><\/figure><\/div>\n\n\n\n<p>Jocelyne le 20 juin 2022<\/p>\n\n\n\n<p>Je voulais te remercier sinc\u00e8rement pour nos s\u00e9ances qui me font un bien fou.<\/p>\n\n\n\n<p>En seulement <strong>3 s\u00e9ances<\/strong>, c&rsquo;est incroyable ce que je ressens comme bienfaits.<\/p>\n\n\n\n<p>Avant nos s\u00e9ances, je me sentais emprisonn\u00e9e dans ma t\u00eate et mon corps. Je me sentais comme un robot. Ces \u00e9tapes de ma vie auront \u00e9t\u00e9 tr\u00e8s difficiles \u00e0 vivre. D&rsquo;autant plus que personne ne comprenait ma douleur pour m&rsquo;aider. Je ressentais cet \u00e9tat depuis mon adolescence.<\/p>\n\n\n\n<p>Puis j&rsquo;ai d\u00e9couvert la \u00ab\u00a0Reconnexion\u00a0\u00bb d&rsquo;Eric Pearl. J&rsquo;ai fait des recherches sur internet pour savoir qui pourrait m&rsquo;aider pas trop loin de chez moi. J&rsquo;esp\u00e9rais que cette \u00e9nergie me lib\u00e8re.<\/p>\n\n\n\n<p>Lors de notre rdv et apr\u00e8s un <strong>temps d&rsquo;\u00e9coute bienveillant<\/strong>, tu as su me guider vers la kin\u00e9siologie puis le reiki et un soin reconnectif.<\/p>\n\n\n\n<p>Au fur et \u00e0 mesure de nos s\u00e9ances, je me suis sentie plus l\u00e9g\u00e8re, plus vivante, plus \u00e0 l&rsquo;\u00e9coute de moi-m\u00eame \u2026 et des autres. Je ne sens plus cet \u00e9tat de \u00ab\u00a0robot\u00a0\u00bb. <strong>Quel bonheur et quel soulagement !<\/strong><\/p>\n\n\n\n<p>A l&rsquo;heure actuelle, je prends du plaisir lorsque je fais une activit\u00e9. Je me suis remise au Reiki. Je parle avec les gens, ils m&rsquo;\u00e9coutent et \u00e9changent avec moi. Je suis bien plus \u00e0 l&rsquo;aise professionnellement. Quelle m\u00e9tamorphose ! Une coll\u00e8gue m&rsquo;a dit que je rayonnais.<\/p>\n\n\n\n<p>En parall\u00e8le de nos s\u00e9ances, je suis aussi suivie par un psychologue depuis plusieurs ann\u00e9es.<br>Pouvoir parler de choses personnelles de mani\u00e8re r\u00e9guli\u00e8re me fait beaucoup de bien aussi.<\/p>\n\n\n\n<p>Je te remercie chaleureusement Catherine.<\/p>\n\n\n\n<div class=\"wp-block-image\"><figure class=\"aligncenter size-large\"><img loading=\"lazy\" decoding=\"async\" width=\"333\" height=\"30\" src=\"http:\/\/sereconnecteralavie.com\/wp-content\/uploads\/2020\/11\/paragr.gif\" alt=\"\" class=\"wp-image-266\"\/><\/figure><\/div>\n\n\n\n<p><\/p>\n","protected":false},"excerpt":{"rendered":"<p>Jocelyne le 20 juin 2022 Je voulais te remercier sinc\u00e8rement pour nos s\u00e9ances qui me font un bien fou. En seulement 3 s\u00e9ances, c&rsquo;est incroyable ce que je ressens comme bienfaits. Avant nos s\u00e9ances, je me sentais emprisonn\u00e9e dans ma t\u00eate et mon corps. Je me sentais comme un robot. Ces \u00e9tapes de ma vie &hellip; <\/p>\n<p class=\"link-more\"><a href=\"https:\/\/sereconnecteralavie.com\/index.php\/livre-dor\/jocelyne\/\" class=\"more-link\">Continuer la lecture<span class=\"screen-reader-text\"> de &laquo;&nbsp;Livre d&rsquo;or&nbsp;&raquo;<\/span><\/a><\/p>\n","protected":false},"author":1,"featured_media":0,"parent":185,"menu_order":0,"comment_status":"closed","ping_status":"closed","template":"","meta":{"footnotes":""},"class_list":["post-651","page","type-page","status-publish","hentry"],"_links":{"self":[{"href":"https:\/\/sereconnecteralavie.com\/index.php\/wp-json\/wp\/v2\/pages\/651","targetHints":{"allow":["GET"]}}],"collection":[{"href":"https:\/\/sereconnecteralavie.com\/index.php\/wp-json\/wp\/v2\/pages"}],"about":[{"href":"https:\/\/sereconnecteralavie.com\/index.php\/wp-json\/wp\/v2\/types\/page"}],"author":[{"embeddable":true,"href":"https:\/\/sereconnecteralavie.com\/index.php\/wp-json\/wp\/v2\/users\/1"}],"replies":[{"embeddable":true,"href":"https:\/\/sereconnecteralavie.com\/index.php\/wp-json\/wp\/v2\/comments?post=651"}],"version-history":[{"count":1,"href":"https:\/\/sereconnecteralavie.com\/index.php\/wp-json\/wp\/v2\/pages\/651\/revisions"}],"predecessor-version":[{"id":653,"href":"https:\/\/sereconnecteralavie.com\/index.php\/wp-json\/wp\/v2\/pages\/651\/revisions\/653"}],"up":[{"embeddable":true,"href":"https:\/\/sereconnecteralavie.com\/index.php\/wp-json\/wp\/v2\/pages\/185"}],"wp:attachment":[{"href":"https:\/\/sereconnecteralavie.com\/index.php\/wp-json\/wp\/v2\/media?parent=651"}],"curies":[{"name":"wp","href":"https:\/\/api.w.org\/{rel}","templated":true}]}}