	{"id":613,"date":"2020-11-29T11:48:09","date_gmt":"2020-11-29T10:48:09","guid":{"rendered":"http:\/\/sereconnecteralavie.com\/?page_id=613"},"modified":"2024-10-31T23:43:16","modified_gmt":"2024-10-31T22:43:16","slug":"adeline-2","status":"publish","type":"page","link":"https:\/\/sereconnecteralavie.com\/index.php\/livre-dor\/adeline-2\/","title":{"rendered":"Livre d&rsquo;or"},"content":{"rendered":"\n<div class=\"wp-block-image\"><figure class=\"aligncenter size-large\"><img loading=\"lazy\" decoding=\"async\" width=\"240\" height=\"240\" src=\"http:\/\/sereconnecteralavie.com\/wp-content\/uploads\/2020\/11\/adeline.jpg\" alt=\"\" class=\"wp-image-603\" srcset=\"https:\/\/sereconnecteralavie.com\/wp-content\/uploads\/2020\/11\/adeline.jpg 240w, https:\/\/sereconnecteralavie.com\/wp-content\/uploads\/2020\/11\/adeline-150x150.jpg 150w, https:\/\/sereconnecteralavie.com\/wp-content\/uploads\/2020\/11\/adeline-100x100.jpg 100w\" sizes=\"auto, (max-width: 240px) 100vw, 240px\" \/><\/figure><\/div>\n\n\n\n<p>Adeline, le 22 Mai 2020<\/p>\n\n\n\n<p>Mon fils Auguste de 7ans avait de nombreuses angoisses notamment tr\u00e8s <strong>peur de l\u2019abandon<\/strong> et que l\u2019on ne revienne pas le chercher, qu\u2019on l\u2019oublie etc&#8230; cela prenait de grandes proportions, pleurs pour aller \u00e0 l\u2019\u00e9cole, difficult\u00e9s d\u2019endormissement surtout de s\u00e9paration pour se coucher seul par exemple.<\/p>\n\n\n\n<p><strong>2 s\u00e9ances<\/strong> avec Mme Cacquevel ont \u00e9t\u00e9 tr\u00e8s porteuses de r\u00e9sultat ! M\u00eame lui l\u2019exprime r\u00e9ellement, \u00ab&nbsp;<strong>c\u2019est incroyable et quasi instantan\u00e9&nbsp;\u00bb<\/strong> ! Je recommande vivement cette exp\u00e9rience en toute confiance. <\/p>\n\n\n\n<p>Adeline<\/p>\n\n\n\n<div class=\"wp-block-image\"><figure class=\"aligncenter size-large\"><img loading=\"lazy\" decoding=\"async\" width=\"333\" height=\"30\" src=\"http:\/\/sereconnecteralavie.com\/wp-content\/uploads\/2020\/11\/paragr.gif\" alt=\"\" class=\"wp-image-266\"\/><\/figure><\/div>\n","protected":false},"excerpt":{"rendered":"<p>Adeline, le 22 Mai 2020 Mon fils Auguste de 7ans avait de nombreuses angoisses notamment tr\u00e8s peur de l\u2019abandon et que l\u2019on ne revienne pas le chercher, qu\u2019on l\u2019oublie etc&#8230; cela prenait de grandes proportions, pleurs pour aller \u00e0 l\u2019\u00e9cole, difficult\u00e9s d\u2019endormissement surtout de s\u00e9paration pour se coucher seul par exemple. 2 s\u00e9ances avec Mme &hellip; <\/p>\n<p class=\"link-more\"><a href=\"https:\/\/sereconnecteralavie.com\/index.php\/livre-dor\/adeline-2\/\" class=\"more-link\">Continuer la lecture<span class=\"screen-reader-text\"> de &laquo;&nbsp;Livre d&rsquo;or&nbsp;&raquo;<\/span><\/a><\/p>\n","protected":false},"author":1,"featured_media":0,"parent":185,"menu_order":0,"comment_status":"closed","ping_status":"closed","template":"","meta":{"footnotes":""},"class_list":["post-613","page","type-page","status-publish","hentry"],"_links":{"self":[{"href":"https:\/\/sereconnecteralavie.com\/index.php\/wp-json\/wp\/v2\/pages\/613","targetHints":{"allow":["GET"]}}],"collection":[{"href":"https:\/\/sereconnecteralavie.com\/index.php\/wp-json\/wp\/v2\/pages"}],"about":[{"href":"https:\/\/sereconnecteralavie.com\/index.php\/wp-json\/wp\/v2\/types\/page"}],"author":[{"embeddable":true,"href":"https:\/\/sereconnecteralavie.com\/index.php\/wp-json\/wp\/v2\/users\/1"}],"replies":[{"embeddable":true,"href":"https:\/\/sereconnecteralavie.com\/index.php\/wp-json\/wp\/v2\/comments?post=613"}],"version-history":[{"count":2,"href":"https:\/\/sereconnecteralavie.com\/index.php\/wp-json\/wp\/v2\/pages\/613\/revisions"}],"predecessor-version":[{"id":616,"href":"https:\/\/sereconnecteralavie.com\/index.php\/wp-json\/wp\/v2\/pages\/613\/revisions\/616"}],"up":[{"embeddable":true,"href":"https:\/\/sereconnecteralavie.com\/index.php\/wp-json\/wp\/v2\/pages\/185"}],"wp:attachment":[{"href":"https:\/\/sereconnecteralavie.com\/index.php\/wp-json\/wp\/v2\/media?parent=613"}],"curies":[{"name":"wp","href":"https:\/\/api.w.org\/{rel}","templated":true}]}}