	{"id":584,"date":"2020-11-29T10:44:59","date_gmt":"2020-11-29T09:44:59","guid":{"rendered":"http:\/\/sereconnecteralavie.com\/?page_id=584"},"modified":"2023-05-15T19:27:45","modified_gmt":"2023-05-15T17:27:45","slug":"accueil-dinan","status":"publish","type":"page","link":"https:\/\/sereconnecteralavie.com\/index.php\/accueil\/accueil-dinan\/","title":{"rendered":"Accueil Dinan"},"content":{"rendered":"\n<p>Les consultations de <strong>kin\u00e9siologie ou de soins \u00e9nerg\u00e9tiques et quantiques<\/strong> sont appropri\u00e9es pour <strong>toute personne<\/strong> : seniors, adultes, enfants et b\u00e9b\u00e9s \u00e9galement,<\/p>\n\n\n\n<div class=\"wp-block-image\"><figure class=\"aligncenter size-large\"><img decoding=\"async\" src=\"http:\/\/sereconnecteralavie.com\/wp-content\/uploads\/2020\/11\/Accueil-Dinan.jpg\" alt=\"\" class=\"wp-image-599\"\/><\/figure><\/div>\n\n\n\n<p>Je vous accompagne sur votre Chemin de Lib\u00e9ration et d\u2019Eveil \u2026<\/p>\n\n\n\n<p><strong>Je vous propose en kin\u00e9siologie, de faire parler votre corps au travers de diff\u00e9rents outils :<\/strong><\/p>\n\n\n\n<ul class=\"wp-block-list\"><li>EFT, <\/li><li>l&rsquo;EMDR, <\/li><li>la psycho-traumatologie, <\/li><li>l&rsquo;hypnose r\u00e9gressive, <\/li><li>la r\u00e9cession d&rsquo;\u00e2ge, <\/li><li>la constellation familiale, <\/li><li>les vies ant\u00e9rieures, <\/li><li>la psycho-\u00e9nerg\u00e9tique,<\/li><li>les m\u00e9ridiens, <\/li><li>les points d&rsquo;acupuncture,<\/li><li>l&rsquo;\u00e9quilibrage \u00e9nerg\u00e9tique,<\/li><li>l&rsquo;\u00e9quilibre bio-\u00e9cologique&#8230;.<\/li><\/ul>\n\n\n\n<p><strong>Je vous propose des soins \u00e9nerg\u00e9tiques :<\/strong><\/p>\n\n\n\n<ul class=\"wp-block-list\"><li>Reiki,<\/li><li>soin Reconnectif,<\/li><li>la Reconnexion Personnelle,<\/li><li>Reconnecting Healing<\/li><\/ul>\n\n\n\n<p><strong>Des formations et ateliers sont \u00e9galement propos\u00e9s :<\/strong><\/p>\n\n\n\n<ul class=\"wp-block-list\"><li>la formation aux \u00e9nergies,<\/li><li>l&rsquo;enseignement au Reiki,<\/li><li>l&rsquo;initiation au Reiki,<\/li><li>la formation aux nouvelles fr\u00e9quences,<\/li><li>la m\u00e9ditation associ\u00e9es aux fr\u00e9quences&#8230;.<\/li><\/ul>\n\n\n\n<p><br><\/p>\n\n\n\n<div class=\"wp-block-image\"><figure class=\"aligncenter size-large\"><img loading=\"lazy\" decoding=\"async\" width=\"333\" height=\"30\" src=\"http:\/\/sereconnecteralavie.com\/wp-content\/uploads\/2020\/11\/paragr.gif\" alt=\"\" class=\"wp-image-266\"\/><\/figure><\/div>\n\n\n\n<p>Je vous accueille du lundi au samedi <strong>sur rendez-vous<\/strong> dans mon cabinet : <br><\/p>\n\n\n\n<p>Je vous accueille du lundi au samedi <strong>sur rendez-vous<\/strong> dans mon cabinet : <br><strong>pr\u00e8s de Dinan, <\/strong>au 8 le Bois Guillaume 22130 Corseul &#8211; (C\u00f4tes d&rsquo;Armor) &#8211;<\/p>\n\n\n\n<h2 class=\"wp-block-heading\"><strong>T\u00e9l\u00e9phone : 06.30.81.29.12<\/strong><\/h2>\n","protected":false},"excerpt":{"rendered":"<p>Les consultations de kin\u00e9siologie ou de soins \u00e9nerg\u00e9tiques et quantiques sont appropri\u00e9es pour toute personne : seniors, adultes, enfants et b\u00e9b\u00e9s \u00e9galement, Je vous accompagne sur votre Chemin de Lib\u00e9ration et d\u2019Eveil \u2026 Je vous propose en kin\u00e9siologie, de faire parler votre corps au travers de diff\u00e9rents outils : EFT, l&rsquo;EMDR, la psycho-traumatologie, l&rsquo;hypnose r\u00e9gressive, &hellip; <\/p>\n<p class=\"link-more\"><a href=\"https:\/\/sereconnecteralavie.com\/index.php\/accueil\/accueil-dinan\/\" class=\"more-link\">Continuer la lecture<span class=\"screen-reader-text\"> de &laquo;&nbsp;Accueil Dinan&nbsp;&raquo;<\/span><\/a><\/p>\n","protected":false},"author":1,"featured_media":0,"parent":36,"menu_order":0,"comment_status":"closed","ping_status":"closed","template":"","meta":{"footnotes":""},"class_list":["post-584","page","type-page","status-publish","hentry"],"_links":{"self":[{"href":"https:\/\/sereconnecteralavie.com\/index.php\/wp-json\/wp\/v2\/pages\/584","targetHints":{"allow":["GET"]}}],"collection":[{"href":"https:\/\/sereconnecteralavie.com\/index.php\/wp-json\/wp\/v2\/pages"}],"about":[{"href":"https:\/\/sereconnecteralavie.com\/index.php\/wp-json\/wp\/v2\/types\/page"}],"author":[{"embeddable":true,"href":"https:\/\/sereconnecteralavie.com\/index.php\/wp-json\/wp\/v2\/users\/1"}],"replies":[{"embeddable":true,"href":"https:\/\/sereconnecteralavie.com\/index.php\/wp-json\/wp\/v2\/comments?post=584"}],"version-history":[{"count":8,"href":"https:\/\/sereconnecteralavie.com\/index.php\/wp-json\/wp\/v2\/pages\/584\/revisions"}],"predecessor-version":[{"id":666,"href":"https:\/\/sereconnecteralavie.com\/index.php\/wp-json\/wp\/v2\/pages\/584\/revisions\/666"}],"up":[{"embeddable":true,"href":"https:\/\/sereconnecteralavie.com\/index.php\/wp-json\/wp\/v2\/pages\/36"}],"wp:attachment":[{"href":"https:\/\/sereconnecteralavie.com\/index.php\/wp-json\/wp\/v2\/media?parent=584"}],"curies":[{"name":"wp","href":"https:\/\/api.w.org\/{rel}","templated":true}]}}