	{"id":546,"date":"2020-11-28T16:36:17","date_gmt":"2020-11-28T15:36:17","guid":{"rendered":"http:\/\/sereconnecteralavie.com\/?page_id=546"},"modified":"2024-10-31T23:42:32","modified_gmt":"2024-10-31T22:42:32","slug":"anita","status":"publish","type":"page","link":"https:\/\/sereconnecteralavie.com\/index.php\/livre-dor\/anita\/","title":{"rendered":"Livre d&rsquo;or"},"content":{"rendered":"\n<div class=\"wp-block-image\"><figure class=\"aligncenter size-large\"><img loading=\"lazy\" decoding=\"async\" width=\"240\" height=\"115\" src=\"http:\/\/sereconnecteralavie.com\/wp-content\/uploads\/2020\/11\/anita.jpg\" alt=\"\" class=\"wp-image-547\"\/><\/figure><\/div>\n\n\n\n<p>Anita, le 10\/11\/2018<\/p>\n\n\n\n<p>J&rsquo;ai rencontr\u00e9 Catherine en mars 2018.<\/p>\n\n\n\n<p>Alors que j&rsquo;\u00e9tais scotch\u00e9e chez moi entre mon lit et mon fauteuil de salon. Maison ferm\u00e9e. Volets ferm\u00e9s. Pas de radio. Pas de t\u00e9l\u00e9. Pas de contact ext\u00e9rieur. Hyper angoiss\u00e9e.<\/p>\n\n\n\n<p>Habit\u00e9e par des flashs de ma vie de couple\/ violences conjugales physiques et psychologiques.<\/p>\n\n\n\n<p>Mon ex-mari \u00e9tait revenu\u2026. Il \u00e9tait partout, ses mains \u00e9taient devant moi\u2026 Son pull gris\u2026. Son visage agressif, sa voix forte, cassante, effrayante\u2026. Comme avant que je vive seule depuis 3 ans.<\/p>\n\n\n\n<p>Il \u00e9tait \u00abrentr\u00e9 \u00bb chez moi. Dans mon univers, ma petite maison. Le seul endroit qui m&rsquo;appartient.<br>Apr\u00e8s 4 jours et 4 nuits sous cette emprise je me suis dit que j&rsquo;avais besoin d&rsquo;aide. J&rsquo;ai cherch\u00e9sur GOOGLE trouv\u00e9\u2026 Kin\u00e9siologie\u2026 Catherine\u2026. J&rsquo;ai envoy\u00e9 1 SMS. Incapable de l&rsquo;appeler. 2 jours apr\u00e8s j&rsquo;avais mon 1er RDV.<br>Retour \u00e0 la Vie &#8211; Ma reconnexion Personnelle 1\u00e8re s\u00e9ance d&rsquo;1h30.<\/p>\n\n\n\n<p>Je suis rentr\u00e9e chez moi vers 11h45. Tr\u00e8s fatigu\u00e9e. Vers 13h j&rsquo;ai commenc\u00e9 \u00e0 me lever\u2026 Ouvrir volets et fen\u00eatres\u2026 Mettre de la musique &#8211; Bouger &#8211; Chanter-<\/p>\n\n\n\n<p>Me sentir lib\u00e9r\u00e9e &#8211; Il avait disparu! Et je retrouvais la Vie.<\/p>\n\n\n\n<p>Depuis ce jour je suis dans le vivant. Heureuse de vivre. De Vivre pour Moi. Pour ce que je suis.<\/p>\n\n\n\n<p>J&rsquo;ai consult\u00e9 Catherine 6 fois en 6 mois.<br>Mon taux vibratoire (dont j&rsquo;ai d\u00e9couvert l&rsquo;existence) m&rsquo;a transform\u00e9. Mon esprit est devenu positif.<br>J&rsquo;ai senti la confiance en moi s&rsquo;installer.<\/p>\n\n\n\n<p>Je me suis surprise \u00e0 prendre conscience de mon Courage et de ma volont\u00e9 d&rsquo;aller de l&rsquo;avant.<\/p>\n\n\n\n<p>Mon inspiration et mon imagination ont pris le dessus !<\/p>\n\n\n\n<p>Guid\u00e9e par je ne sais qu&rsquo;elle \u00e9nergie\u2026 Je suis devenue communicante, pleine de projets, d&rsquo;un dynamisme \u00e9tonnant.<br>Mon entourage, les gens qui me croisent me disent<\/p>\n\n\n\n<p>\u00ab Oh ! Tu es rayonnante ! Tu as chang\u00e9 ! On dirait un rayon de soleil ! Quelle p\u00eache ! \u00bb<\/p>\n\n\n\n<p>Il y a aussi quelques jours de tristesse profonde \u2026profonde que je laisse venir. Ces jours-l\u00e0\u2026 chez moi, je pleure\u2026 je pleure\u2026 Je laisse partir la souffrance de mes 24 ans de vie de couple tr\u00e8s difficile.<\/p>\n\n\n\n<p>Je me suis sacrifi\u00e9e pour que mes enfants vivent et se construisent ; qu&rsquo;ils aient \u00ab les cl\u00e9s du bien vivre \u00bb tout en subissant la destruction d&rsquo;un mari pervers narcissique.<\/p>\n\n\n\n<p>La kin\u00e9siologie, j&rsquo;ai appris \u00e0 me conna\u00eetre. Me retrouver loin des discours de cet homme qui m&rsquo;insultait et me disait que \u00ab j&rsquo;\u00e9tais une mauvaise personnemais heureusement il \u00e9tait l\u00e0 pour moi\u2026 pauvre femme malade de la t\u00eate \u00bb.<br>J&rsquo;ai m\u00eame pardonn\u00e9 \u00e0 cet homme ces ann\u00e9es terribles. Pardonner n&rsquo;est pas excuser !<\/p>\n\n\n\n<p>Depuis ce pardon je suis lib\u00e9r\u00e9e. J&rsquo;ai pris conscience de ma force de caract\u00e8re\u2026 Et que je suis une belle personne empathique.<br>Ma positivit\u00e9 et ma joie de vivre ont entra\u00een\u00e9 mes enfants jeunes adultes\u2026 Ils m&rsquo;ont observ\u00e9\u2026 Et eux aussi sont devenus rayonnants, joyeux. Ont retrouv\u00e9 la confiance en eux.<\/p>\n\n\n\n<p>Ils ont \u00e9volu\u00e9 vers des projets professionnels sans limite.<\/p>\n\n\n\n<p>Ma fille reprend une formation.<\/p>\n\n\n\n<p>Mon fils part en service civique en Italie pour 1 an.<\/p>\n\n\n\n<p>Moi\u2026 J&rsquo;ai bouscul\u00e9 tous les codes ; chang\u00e9 de travail ; de voiture ; chang\u00e9 mes meubles ; ma d\u00e9co\/maison.<br>J&rsquo;ai plein de projets.<\/p>\n\n\n\n<p>J&rsquo;ai mis fin \u00e0 la proc\u00e9dure sans fin de liquidation des biens suite au divorce.<\/p>\n\n\n\n<p>J&rsquo;ai laiss\u00e9 \u00e0 mon ex\u2026 la maison. Tout son int\u00e9rieur, notre \u00e9pargne de 25 ans\u2026<\/p>\n\n\n\n<p>Mais je vis. Je pense que le bonheur est enfin devant moi.<\/p>\n\n\n\n<p>Je crois en cette reconnexion avec l&rsquo;Univers.<\/p>\n\n\n\n<p>Je remercie Catherine pour toutes ces s\u00e9ances \u00e9tonnantes ; parfois riches en rebondissements : douloureux ou joyeux.<br>Ils m&rsquo;ont permis de me lib\u00e9rer du N\u00e9gatif qui \u00e9tait en moi. D e me d\u00e9faire des propos n\u00e9gatifs que mon ex-mari avait encr\u00e9 dans mon corps.<\/p>\n\n\n\n<p>GANESH est mon confident. BOUDDHA n&rsquo;est pas loin.<\/p>\n\n\n\n<p>Je suis \u00e0 l&rsquo;\u00e9coute de mes 3 guides dont j&rsquo;ai accept\u00e9 les invitations\u2026<\/p>\n\n\n\n<p>Je ne suis plus seule. J&rsquo;avance, sereine et r\u00e9siliente.<\/p>\n\n\n\n<p>Je remercie Catherine pour cet accompagnement.<\/p>\n\n\n\n<div class=\"wp-block-image\"><figure class=\"aligncenter size-large\"><img loading=\"lazy\" decoding=\"async\" width=\"333\" height=\"30\" src=\"http:\/\/sereconnecteralavie.com\/wp-content\/uploads\/2020\/11\/paragr.gif\" alt=\"\" class=\"wp-image-266\"\/><\/figure><\/div>\n","protected":false},"excerpt":{"rendered":"<p>Anita, le 10\/11\/2018 J&rsquo;ai rencontr\u00e9 Catherine en mars 2018. Alors que j&rsquo;\u00e9tais scotch\u00e9e chez moi entre mon lit et mon fauteuil de salon. Maison ferm\u00e9e. Volets ferm\u00e9s. Pas de radio. Pas de t\u00e9l\u00e9. Pas de contact ext\u00e9rieur. Hyper angoiss\u00e9e. Habit\u00e9e par des flashs de ma vie de couple\/ violences conjugales physiques et psychologiques. Mon ex-mari &hellip; <\/p>\n<p class=\"link-more\"><a href=\"https:\/\/sereconnecteralavie.com\/index.php\/livre-dor\/anita\/\" class=\"more-link\">Continuer la lecture<span class=\"screen-reader-text\"> de &laquo;&nbsp;Livre d&rsquo;or&nbsp;&raquo;<\/span><\/a><\/p>\n","protected":false},"author":1,"featured_media":0,"parent":185,"menu_order":0,"comment_status":"closed","ping_status":"closed","template":"","meta":{"footnotes":""},"class_list":["post-546","page","type-page","status-publish","hentry"],"_links":{"self":[{"href":"https:\/\/sereconnecteralavie.com\/index.php\/wp-json\/wp\/v2\/pages\/546","targetHints":{"allow":["GET"]}}],"collection":[{"href":"https:\/\/sereconnecteralavie.com\/index.php\/wp-json\/wp\/v2\/pages"}],"about":[{"href":"https:\/\/sereconnecteralavie.com\/index.php\/wp-json\/wp\/v2\/types\/page"}],"author":[{"embeddable":true,"href":"https:\/\/sereconnecteralavie.com\/index.php\/wp-json\/wp\/v2\/users\/1"}],"replies":[{"embeddable":true,"href":"https:\/\/sereconnecteralavie.com\/index.php\/wp-json\/wp\/v2\/comments?post=546"}],"version-history":[{"count":2,"href":"https:\/\/sereconnecteralavie.com\/index.php\/wp-json\/wp\/v2\/pages\/546\/revisions"}],"predecessor-version":[{"id":550,"href":"https:\/\/sereconnecteralavie.com\/index.php\/wp-json\/wp\/v2\/pages\/546\/revisions\/550"}],"up":[{"embeddable":true,"href":"https:\/\/sereconnecteralavie.com\/index.php\/wp-json\/wp\/v2\/pages\/185"}],"wp:attachment":[{"href":"https:\/\/sereconnecteralavie.com\/index.php\/wp-json\/wp\/v2\/media?parent=546"}],"curies":[{"name":"wp","href":"https:\/\/api.w.org\/{rel}","templated":true}]}}