	{"id":541,"date":"2020-11-28T16:33:05","date_gmt":"2020-11-28T15:33:05","guid":{"rendered":"http:\/\/sereconnecteralavie.com\/?page_id=541"},"modified":"2024-10-31T23:42:23","modified_gmt":"2024-10-31T22:42:23","slug":"louna","status":"publish","type":"page","link":"https:\/\/sereconnecteralavie.com\/index.php\/livre-dor\/louna\/","title":{"rendered":"Livre d&rsquo;or"},"content":{"rendered":"\n<div class=\"wp-block-image\"><figure class=\"aligncenter size-large\"><img loading=\"lazy\" decoding=\"async\" width=\"260\" height=\"135\" src=\"http:\/\/sereconnecteralavie.com\/wp-content\/uploads\/2020\/11\/louna.jpg\" alt=\"\" class=\"wp-image-542\"\/><\/figure><\/div>\n\n\n\n<p>Louna, le 7 septembre 2018<\/p>\n\n\n\n<p>Louna est une petite de fille 8 ans, elle est n\u00e9e avec 5 semaines d&rsquo;avance. Ma grossesse, je l&rsquo;ai mal v\u00e9cue car j&rsquo;\u00e9tais ob\u00e8se et on ne voyait pas forc\u00e9ment que j&rsquo;\u00e9tais enceinte jusqu&rsquo;au 6eme mois de grossesse. De plus, avec mon diab\u00e8te de type 1, la grossesse a \u00e9t\u00e9 plus compliqu\u00e9e que pr\u00e9vu, j&rsquo;ai pris 40 kilos \u00e2\u20ac\u00a6 dont 35 d&rsquo;eau, ce qui fait que j&rsquo;ai accouch\u00e9 pr\u00e9matur\u00e9ment. Tous ces soucis pendant la grossesse, Louna les a ressentis. De plus, \u00e0 sa naissance, nous avons \u00e9t\u00e9 s\u00e9par\u00e9es quasi 3 jours, c&rsquo;\u00e9tait tr\u00e8s difficile, autant pour elle que pour moi. En grandissant, Louna a d\u00e9velopp\u00e9 un tr\u00e8s fort attachement pour moi et son p\u00e8re mais surtout pour moi\u2026<\/p>\n\n\n\n<p>Elle a commenc\u00e9 \u00e0 aller \u00e0 l&rsquo;\u00e9cole \u00e0 2 ans et demi, la premi\u00e8re ann\u00e9e, les pleurs du matin se faisaient rares mais \u00e0 partir de la 2\u00e9me ann\u00e9e, elle ne s&rsquo;est plus arr\u00eat\u00e9e jusqu&rsquo;\u00e0 ce que l&rsquo;on rencontre Mme Cacquevel d\u00e9but 2017.<\/p>\n\n\n\n<p>Louna pleurait chaque matin, ne voulait pas aller \u00e0 l&rsquo;\u00e9cole, se sauvait m\u00eame sur le parking ou voulait rester dans la voiture, tout \u00e7a pour ne pas me quitter. Elle se rendait malade la journ\u00e9e jusqu&rsquo;\u00e0 en vomir. Nous avons vu p\u00e9dopsychiatre, psychologue et rien n&rsquo;y faisait, elle trouvait tous les pr\u00e9textes de maladie le matin pour ne pas partir, ne sachant plus apr\u00e8s quand elle \u00e9tait vraiment malade.<\/p>\n\n\n\n<p>Il \u00e9tait aussi impossible pour Louna d&rsquo;aller dormir ailleurs que chez elle, m\u00eame pas chez ses grands parents.<\/p>\n\n\n\n<p>Ma cousine , qui est agoraphobe, m&rsquo;a conseill\u00e9 Mme Cacquevel car elle l&rsquo;a vraiment soulag\u00e9e . Nous avons donc vu Mme Cacquevel une premi\u00e8re fois, Louna \u00e9tait tr\u00e8s introvertie et ne racontait pas grand-chose mais elle s&rsquo;est laiss\u00e9 faire et a ex\u00e9cut\u00e9 ce qu&rsquo;elle lui demandait de faire, tout s&rsquo;est bien pass\u00e9. Nous sommes rentr\u00e9es \u00e0 la maison avec des petits exercices \u00e0 faire \u00e0 la maison pendant 21 jours. Le lendemain, stup\u00e9faction, Louna n&rsquo;a pas pleur\u00e9 pour aller \u00e0 l&rsquo;\u00e9cole, ni les jours suivants. Elle a fait ses exercices avec s\u00e9rieux et se sentait beaucoup mieux. Nous avons vu Mme Cacquevel 3 fois et Louna est transform\u00e9e, elle n&rsquo;a plus peur comme avant, elle a compris que je ne l&rsquo;abandonnais pas quand je la d\u00e9posais \u00e0 l&rsquo;\u00e9cole, ni chez ses grands-parents, ni aux anniversaires de ses copines, \u00e0 pr\u00e9sent elle dort m\u00eame chez des copines !<\/p>\n\n\n\n<p>Apr\u00e8s plusieurs ann\u00e9es de souffrance pour Louna, elle est maintenant comme les autres enfants, elle a retrouv\u00e9 son insouciance et perdu toutes ces inqui\u00e9tudes qui lui polluaient la vie.<\/p>\n\n\n\n<div class=\"wp-block-image\"><figure class=\"aligncenter size-large\"><img loading=\"lazy\" decoding=\"async\" width=\"333\" height=\"30\" src=\"http:\/\/sereconnecteralavie.com\/wp-content\/uploads\/2020\/11\/paragr.gif\" alt=\"\" class=\"wp-image-266\"\/><\/figure><\/div>\n","protected":false},"excerpt":{"rendered":"<p>Louna, le 7 septembre 2018 Louna est une petite de fille 8 ans, elle est n\u00e9e avec 5 semaines d&rsquo;avance. Ma grossesse, je l&rsquo;ai mal v\u00e9cue car j&rsquo;\u00e9tais ob\u00e8se et on ne voyait pas forc\u00e9ment que j&rsquo;\u00e9tais enceinte jusqu&rsquo;au 6eme mois de grossesse. De plus, avec mon diab\u00e8te de type 1, la grossesse a \u00e9t\u00e9 &hellip; <\/p>\n<p class=\"link-more\"><a href=\"https:\/\/sereconnecteralavie.com\/index.php\/livre-dor\/louna\/\" class=\"more-link\">Continuer la lecture<span class=\"screen-reader-text\"> de &laquo;&nbsp;Livre d&rsquo;or&nbsp;&raquo;<\/span><\/a><\/p>\n","protected":false},"author":1,"featured_media":0,"parent":185,"menu_order":0,"comment_status":"closed","ping_status":"closed","template":"","meta":{"footnotes":""},"class_list":["post-541","page","type-page","status-publish","hentry"],"_links":{"self":[{"href":"https:\/\/sereconnecteralavie.com\/index.php\/wp-json\/wp\/v2\/pages\/541","targetHints":{"allow":["GET"]}}],"collection":[{"href":"https:\/\/sereconnecteralavie.com\/index.php\/wp-json\/wp\/v2\/pages"}],"about":[{"href":"https:\/\/sereconnecteralavie.com\/index.php\/wp-json\/wp\/v2\/types\/page"}],"author":[{"embeddable":true,"href":"https:\/\/sereconnecteralavie.com\/index.php\/wp-json\/wp\/v2\/users\/1"}],"replies":[{"embeddable":true,"href":"https:\/\/sereconnecteralavie.com\/index.php\/wp-json\/wp\/v2\/comments?post=541"}],"version-history":[{"count":3,"href":"https:\/\/sereconnecteralavie.com\/index.php\/wp-json\/wp\/v2\/pages\/541\/revisions"}],"predecessor-version":[{"id":560,"href":"https:\/\/sereconnecteralavie.com\/index.php\/wp-json\/wp\/v2\/pages\/541\/revisions\/560"}],"up":[{"embeddable":true,"href":"https:\/\/sereconnecteralavie.com\/index.php\/wp-json\/wp\/v2\/pages\/185"}],"wp:attachment":[{"href":"https:\/\/sereconnecteralavie.com\/index.php\/wp-json\/wp\/v2\/media?parent=541"}],"curies":[{"name":"wp","href":"https:\/\/api.w.org\/{rel}","templated":true}]}}