	{"id":535,"date":"2020-11-28T16:29:20","date_gmt":"2020-11-28T15:29:20","guid":{"rendered":"http:\/\/sereconnecteralavie.com\/?page_id=535"},"modified":"2024-10-31T23:42:16","modified_gmt":"2024-10-31T22:42:16","slug":"keziah","status":"publish","type":"page","link":"https:\/\/sereconnecteralavie.com\/index.php\/livre-dor\/keziah\/","title":{"rendered":"Livre d&rsquo;or"},"content":{"rendered":"\n<div class=\"wp-block-image\"><figure class=\"aligncenter size-large\"><img loading=\"lazy\" decoding=\"async\" width=\"260\" height=\"135\" src=\"http:\/\/sereconnecteralavie.com\/wp-content\/uploads\/2020\/11\/keziah.jpg\" alt=\"\" class=\"wp-image-536\"\/><\/figure><\/div>\n\n\n\n<p>Keziah, le 18 ao\u00fbt 2018<\/p>\n\n\n\n<p>Apr\u00e8s une s\u00e9ance, Keziah reste un enfant dynamique, qui sait ce qu&rsquo;il veut, assez actif mais qui peut aussi \u00eatre calme et c\u00e2lin.<\/p>\n\n\n\n<p>Il y a encore certains moments o\u00f9 il tape. Nous le recadrons syst\u00e9matiquement dans ces cas-l\u00e0. Cependant nous n&rsquo;avons pas connu de violences aussi intenses qui avaient eu lieu avant notre visite (crises dans sa chambre, revenant tr\u00e8s difficilement au calme). Les moments violents sont nettement moins nombreux, vont moins loin et durent moins longtemps.<\/p>\n\n\n\n<p>Nous poursuivons, ensemble, le travail, \u00e0 la maison.<\/p>\n\n\n\n<p>Cordialement<\/p>\n\n\n\n<div class=\"wp-block-image\"><figure class=\"aligncenter size-large\"><img loading=\"lazy\" decoding=\"async\" width=\"333\" height=\"30\" src=\"http:\/\/sereconnecteralavie.com\/wp-content\/uploads\/2020\/11\/paragr.gif\" alt=\"\" class=\"wp-image-266\"\/><\/figure><\/div>\n","protected":false},"excerpt":{"rendered":"<p>Keziah, le 18 ao\u00fbt 2018 Apr\u00e8s une s\u00e9ance, Keziah reste un enfant dynamique, qui sait ce qu&rsquo;il veut, assez actif mais qui peut aussi \u00eatre calme et c\u00e2lin. Il y a encore certains moments o\u00f9 il tape. Nous le recadrons syst\u00e9matiquement dans ces cas-l\u00e0. Cependant nous n&rsquo;avons pas connu de violences aussi intenses qui avaient &hellip; <\/p>\n<p class=\"link-more\"><a href=\"https:\/\/sereconnecteralavie.com\/index.php\/livre-dor\/keziah\/\" class=\"more-link\">Continuer la lecture<span class=\"screen-reader-text\"> de &laquo;&nbsp;Livre d&rsquo;or&nbsp;&raquo;<\/span><\/a><\/p>\n","protected":false},"author":1,"featured_media":0,"parent":185,"menu_order":0,"comment_status":"closed","ping_status":"closed","template":"","meta":{"footnotes":""},"class_list":["post-535","page","type-page","status-publish","hentry"],"_links":{"self":[{"href":"https:\/\/sereconnecteralavie.com\/index.php\/wp-json\/wp\/v2\/pages\/535","targetHints":{"allow":["GET"]}}],"collection":[{"href":"https:\/\/sereconnecteralavie.com\/index.php\/wp-json\/wp\/v2\/pages"}],"about":[{"href":"https:\/\/sereconnecteralavie.com\/index.php\/wp-json\/wp\/v2\/types\/page"}],"author":[{"embeddable":true,"href":"https:\/\/sereconnecteralavie.com\/index.php\/wp-json\/wp\/v2\/users\/1"}],"replies":[{"embeddable":true,"href":"https:\/\/sereconnecteralavie.com\/index.php\/wp-json\/wp\/v2\/comments?post=535"}],"version-history":[{"count":3,"href":"https:\/\/sereconnecteralavie.com\/index.php\/wp-json\/wp\/v2\/pages\/535\/revisions"}],"predecessor-version":[{"id":558,"href":"https:\/\/sereconnecteralavie.com\/index.php\/wp-json\/wp\/v2\/pages\/535\/revisions\/558"}],"up":[{"embeddable":true,"href":"https:\/\/sereconnecteralavie.com\/index.php\/wp-json\/wp\/v2\/pages\/185"}],"wp:attachment":[{"href":"https:\/\/sereconnecteralavie.com\/index.php\/wp-json\/wp\/v2\/media?parent=535"}],"curies":[{"name":"wp","href":"https:\/\/api.w.org\/{rel}","templated":true}]}}