	{"id":530,"date":"2020-11-28T16:25:59","date_gmt":"2020-11-28T15:25:59","guid":{"rendered":"http:\/\/sereconnecteralavie.com\/?page_id=530"},"modified":"2024-10-31T23:42:09","modified_gmt":"2024-10-31T22:42:09","slug":"fanny","status":"publish","type":"page","link":"https:\/\/sereconnecteralavie.com\/index.php\/livre-dor\/fanny\/","title":{"rendered":"Livre d&rsquo;or"},"content":{"rendered":"\n<div class=\"wp-block-image\"><figure class=\"aligncenter size-large\"><img loading=\"lazy\" decoding=\"async\" width=\"260\" height=\"135\" src=\"http:\/\/sereconnecteralavie.com\/wp-content\/uploads\/2020\/11\/fanny.jpg\" alt=\"\" class=\"wp-image-531\"\/><\/figure><\/div>\n\n\n\n<p>Fanny, le 13 ao\u00fbt 2018<\/p>\n\n\n\n<p>Bonjour, au d\u00e9but de l&rsquo;exp\u00e9rience, je ne croyais pas trop \u00e0 votre technique. Mais le fait que vous ayez devin\u00e9 de vrais \u00e9l\u00e9ments en les cherchant dans ma main j&rsquo;ai commenc\u00e9 \u00e0 vous faire confiance.<\/p>\n\n\n\n<p>Je pense que le travail sur \u00ab\u00a0s&rsquo;exprimer avec assurance\u00a0\u00bb a bien fonctionn\u00e9 selon mon entourage.<br>En revanche, celui sur \u00ab\u00a0d\u00e9couvrir mon \u00eatre en totalit\u00e9\u00a0\u00bb n&rsquo;a pas r\u00e9ellement fonctionn\u00e9.<\/p>\n\n\n\n<p>Merci. Fanny<\/p>\n\n\n\n<div class=\"wp-block-image\"><figure class=\"aligncenter size-large\"><img loading=\"lazy\" decoding=\"async\" width=\"333\" height=\"30\" src=\"http:\/\/sereconnecteralavie.com\/wp-content\/uploads\/2020\/11\/paragr.gif\" alt=\"\" class=\"wp-image-266\"\/><\/figure><\/div>\n","protected":false},"excerpt":{"rendered":"<p>Fanny, le 13 ao\u00fbt 2018 Bonjour, au d\u00e9but de l&rsquo;exp\u00e9rience, je ne croyais pas trop \u00e0 votre technique. Mais le fait que vous ayez devin\u00e9 de vrais \u00e9l\u00e9ments en les cherchant dans ma main j&rsquo;ai commenc\u00e9 \u00e0 vous faire confiance. Je pense que le travail sur \u00ab\u00a0s&rsquo;exprimer avec assurance\u00a0\u00bb a bien fonctionn\u00e9 selon mon entourage.En &hellip; <\/p>\n<p class=\"link-more\"><a href=\"https:\/\/sereconnecteralavie.com\/index.php\/livre-dor\/fanny\/\" class=\"more-link\">Continuer la lecture<span class=\"screen-reader-text\"> de &laquo;&nbsp;Livre d&rsquo;or&nbsp;&raquo;<\/span><\/a><\/p>\n","protected":false},"author":1,"featured_media":0,"parent":185,"menu_order":0,"comment_status":"closed","ping_status":"closed","template":"","meta":{"footnotes":""},"class_list":["post-530","page","type-page","status-publish","hentry"],"_links":{"self":[{"href":"https:\/\/sereconnecteralavie.com\/index.php\/wp-json\/wp\/v2\/pages\/530","targetHints":{"allow":["GET"]}}],"collection":[{"href":"https:\/\/sereconnecteralavie.com\/index.php\/wp-json\/wp\/v2\/pages"}],"about":[{"href":"https:\/\/sereconnecteralavie.com\/index.php\/wp-json\/wp\/v2\/types\/page"}],"author":[{"embeddable":true,"href":"https:\/\/sereconnecteralavie.com\/index.php\/wp-json\/wp\/v2\/users\/1"}],"replies":[{"embeddable":true,"href":"https:\/\/sereconnecteralavie.com\/index.php\/wp-json\/wp\/v2\/comments?post=530"}],"version-history":[{"count":2,"href":"https:\/\/sereconnecteralavie.com\/index.php\/wp-json\/wp\/v2\/pages\/530\/revisions"}],"predecessor-version":[{"id":534,"href":"https:\/\/sereconnecteralavie.com\/index.php\/wp-json\/wp\/v2\/pages\/530\/revisions\/534"}],"up":[{"embeddable":true,"href":"https:\/\/sereconnecteralavie.com\/index.php\/wp-json\/wp\/v2\/pages\/185"}],"wp:attachment":[{"href":"https:\/\/sereconnecteralavie.com\/index.php\/wp-json\/wp\/v2\/media?parent=530"}],"curies":[{"name":"wp","href":"https:\/\/api.w.org\/{rel}","templated":true}]}}