	{"id":524,"date":"2020-11-28T16:21:24","date_gmt":"2020-11-28T15:21:24","guid":{"rendered":"http:\/\/sereconnecteralavie.com\/?page_id=524"},"modified":"2024-10-31T23:42:02","modified_gmt":"2024-10-31T22:42:02","slug":"margareth","status":"publish","type":"page","link":"https:\/\/sereconnecteralavie.com\/index.php\/livre-dor\/margareth\/","title":{"rendered":"Livre d&rsquo;or"},"content":{"rendered":"\n<div class=\"wp-block-image\"><figure class=\"aligncenter size-large\"><img loading=\"lazy\" decoding=\"async\" width=\"260\" height=\"135\" src=\"http:\/\/sereconnecteralavie.com\/wp-content\/uploads\/2020\/11\/margareth.jpg\" alt=\"\" class=\"wp-image-525\"\/><\/figure><\/div>\n\n\n\n<p>Margareth, le 26 juillet 2018<\/p>\n\n\n\n<p>Ch\u00e8re Catherine,<\/p>\n\n\n\n<p>Tout d&rsquo;abord mille mercis.<\/p>\n\n\n\n<p>Voici un peu plus de trois mois que nous travaillons ensemble et quel chemin parcouru.<\/p>\n\n\n\n<p>Il y a trois mois, je ne savais plus qui j&rsquo;\u00e9tais, o\u00f9 j&rsquo;allais. Mon couple \u00e9tait au bord de la rupture et l&rsquo;ultimatum de mon conjoint m&rsquo;a fait r\u00e9agir + toute une enfance compliqu\u00e9e.<\/p>\n\n\n\n<p>J&rsquo;ai cherch\u00e9 quelle th\u00e9rapie me conviendrait et je vous ai contact\u00e9.<\/p>\n\n\n\n<p>Le premier contact a \u00e9t\u00e9 rassurant, votre pr\u00e9sence par SMS,.. et d\u00e8s la 1\u00e8re s\u00e9ance, le poids le plus lourd que je portais s&rsquo;est all\u00e9g\u00e9, comme envol\u00e9. J&rsquo;ai pleur\u00e9 sur 2 s\u00e9ances ensuite mais je me sentais tellement bien apr\u00e8s.<\/p>\n\n\n\n<p>C&rsquo;est presque de la magie, Catherine \ud83d\ude42<\/p>\n\n\n\n<p>Aujourd&rsquo;hui, 5 s\u00e9ances ont pass\u00e9, je prends les choses avec plus de l\u00e9g\u00e8ret\u00e9, je suis plus optimiste et j&rsquo;ai envie de tellement de choses comme d&rsquo;aller dans ce pays qui me tient tant \u00e0 c\u0153ur avec ma petite famille, me reconvertir professionnellement et profiter de ma fille.<\/p>\n\n\n\n<p>Enorm\u00e9ment de choses ont chang\u00e9 et changent dans mon inconscient dont je suis Totalement consciente mais je n&rsquo;ai plus peur (ce qui n&rsquo;\u00e9tait pas le cas avant).<\/p>\n\n\n\n<p>Je laisse venir ce qui doit venir \u00e0 moi et j&rsquo;\u00e9coute mon \u00e2me, j&rsquo;apprends \u00e0 me faire confiance ENFIN.<\/p>\n\n\n\n<p>Je vais profiter de ma vie si pr\u00e9cieuse qu&rsquo;elle m&rsquo;ait \u00e9t\u00e9 offerte.<\/p>\n\n\n\n<p>Aujourd&rsquo;hui, je me sens bien<\/p>\n\n\n\n<div class=\"wp-block-image\"><figure class=\"aligncenter size-large\"><img loading=\"lazy\" decoding=\"async\" width=\"333\" height=\"30\" src=\"http:\/\/sereconnecteralavie.com\/wp-content\/uploads\/2020\/11\/paragr.gif\" alt=\"\" class=\"wp-image-266\"\/><\/figure><\/div>\n","protected":false},"excerpt":{"rendered":"<p>Margareth, le 26 juillet 2018 Ch\u00e8re Catherine, Tout d&rsquo;abord mille mercis. Voici un peu plus de trois mois que nous travaillons ensemble et quel chemin parcouru. Il y a trois mois, je ne savais plus qui j&rsquo;\u00e9tais, o\u00f9 j&rsquo;allais. Mon couple \u00e9tait au bord de la rupture et l&rsquo;ultimatum de mon conjoint m&rsquo;a fait r\u00e9agir &hellip; <\/p>\n<p class=\"link-more\"><a href=\"https:\/\/sereconnecteralavie.com\/index.php\/livre-dor\/margareth\/\" class=\"more-link\">Continuer la lecture<span class=\"screen-reader-text\"> de &laquo;&nbsp;Livre d&rsquo;or&nbsp;&raquo;<\/span><\/a><\/p>\n","protected":false},"author":1,"featured_media":0,"parent":185,"menu_order":0,"comment_status":"closed","ping_status":"closed","template":"","meta":{"footnotes":""},"class_list":["post-524","page","type-page","status-publish","hentry"],"_links":{"self":[{"href":"https:\/\/sereconnecteralavie.com\/index.php\/wp-json\/wp\/v2\/pages\/524","targetHints":{"allow":["GET"]}}],"collection":[{"href":"https:\/\/sereconnecteralavie.com\/index.php\/wp-json\/wp\/v2\/pages"}],"about":[{"href":"https:\/\/sereconnecteralavie.com\/index.php\/wp-json\/wp\/v2\/types\/page"}],"author":[{"embeddable":true,"href":"https:\/\/sereconnecteralavie.com\/index.php\/wp-json\/wp\/v2\/users\/1"}],"replies":[{"embeddable":true,"href":"https:\/\/sereconnecteralavie.com\/index.php\/wp-json\/wp\/v2\/comments?post=524"}],"version-history":[{"count":3,"href":"https:\/\/sereconnecteralavie.com\/index.php\/wp-json\/wp\/v2\/pages\/524\/revisions"}],"predecessor-version":[{"id":529,"href":"https:\/\/sereconnecteralavie.com\/index.php\/wp-json\/wp\/v2\/pages\/524\/revisions\/529"}],"up":[{"embeddable":true,"href":"https:\/\/sereconnecteralavie.com\/index.php\/wp-json\/wp\/v2\/pages\/185"}],"wp:attachment":[{"href":"https:\/\/sereconnecteralavie.com\/index.php\/wp-json\/wp\/v2\/media?parent=524"}],"curies":[{"name":"wp","href":"https:\/\/api.w.org\/{rel}","templated":true}]}}