	{"id":513,"date":"2020-11-28T16:03:26","date_gmt":"2020-11-28T15:03:26","guid":{"rendered":"http:\/\/sereconnecteralavie.com\/?page_id=513"},"modified":"2024-10-31T23:41:40","modified_gmt":"2024-10-31T22:41:40","slug":"celine","status":"publish","type":"page","link":"https:\/\/sereconnecteralavie.com\/index.php\/livre-dor\/celine\/","title":{"rendered":"Livre d&rsquo;or"},"content":{"rendered":"\n<div class=\"wp-block-image\"><figure class=\"aligncenter size-large\"><img loading=\"lazy\" decoding=\"async\" width=\"140\" height=\"215\" src=\"http:\/\/sereconnecteralavie.com\/wp-content\/uploads\/2020\/11\/celine.jpg\" alt=\"\" class=\"wp-image-514\"\/><\/figure><\/div>\n\n\n\n<p>C\u00e9line, le 23 septembre 2017<br><br>Bonjour,<br><br>Merci pour la s\u00e9ance de samedi dernier. Je n&rsquo;avais jamais ressenti autant de bien-\u00eatre. <strong>Je me sens presque en paix.<\/strong><br>Est-ce que vous pourriez me conseiller des livres, me donner des r\u00e9f\u00e9rences sur l&rsquo;enfant int\u00e9rieur s&rsquo;il vous plait? J&rsquo;aimerai \u00e9tudier le sujet.<br><br>Merci beaucoup, bien cordialement.<br><br>C\u00e9line, le 30 janvier 2015<br><br>Bonjour Catherine,<br><br>J&rsquo;esp\u00e8re que vous allez bien.<br><br>Catherine a fait <strong>plus que changer ma fa\u00e7on de voir la vie, elle a activ\u00e9 comme une force int\u00e9rieure.<br>Gr\u00e2ce \u00e0 elle je suis de plus en plus en accord avec moi-m\u00eame.<\/strong><br><br>Rest\u00e9e bloqu\u00e9e sur des traumatismes datant de mon enfance j&rsquo;avais l&rsquo;impression de ne pas \u00ab\u00a0avancer\u00a0\u00bb, de rester toujours trop fragile.<br><br><strong>Aujourd&rsquo;hui je profite vraiment de ce que le pr\u00e9sent m&rsquo;offre et je sais de quoi je suis capable.<\/strong><br>M\u00eame mes rapports avec mes proches ont chang\u00e9: ils sentent que je suis plus confiante et d\u00e9tendue&#8230;<br><br>En somme je ne tire que du positif des soins de Catherine.<br><br>Cordialement, bonne journ\u00e9e.<\/p>\n\n\n\n<div class=\"wp-block-image\"><figure class=\"aligncenter size-large\"><img loading=\"lazy\" decoding=\"async\" width=\"333\" height=\"30\" src=\"http:\/\/sereconnecteralavie.com\/wp-content\/uploads\/2020\/11\/paragr.gif\" alt=\"\" class=\"wp-image-266\"\/><\/figure><\/div>\n","protected":false},"excerpt":{"rendered":"<p>C\u00e9line, le 23 septembre 2017 Bonjour, Merci pour la s\u00e9ance de samedi dernier. Je n&rsquo;avais jamais ressenti autant de bien-\u00eatre. Je me sens presque en paix.Est-ce que vous pourriez me conseiller des livres, me donner des r\u00e9f\u00e9rences sur l&rsquo;enfant int\u00e9rieur s&rsquo;il vous plait? J&rsquo;aimerai \u00e9tudier le sujet. Merci beaucoup, bien cordialement. C\u00e9line, le 30 janvier &hellip; <\/p>\n<p class=\"link-more\"><a href=\"https:\/\/sereconnecteralavie.com\/index.php\/livre-dor\/celine\/\" class=\"more-link\">Continuer la lecture<span class=\"screen-reader-text\"> de &laquo;&nbsp;Livre d&rsquo;or&nbsp;&raquo;<\/span><\/a><\/p>\n","protected":false},"author":1,"featured_media":0,"parent":185,"menu_order":0,"comment_status":"closed","ping_status":"closed","template":"","meta":{"footnotes":""},"class_list":["post-513","page","type-page","status-publish","hentry"],"_links":{"self":[{"href":"https:\/\/sereconnecteralavie.com\/index.php\/wp-json\/wp\/v2\/pages\/513","targetHints":{"allow":["GET"]}}],"collection":[{"href":"https:\/\/sereconnecteralavie.com\/index.php\/wp-json\/wp\/v2\/pages"}],"about":[{"href":"https:\/\/sereconnecteralavie.com\/index.php\/wp-json\/wp\/v2\/types\/page"}],"author":[{"embeddable":true,"href":"https:\/\/sereconnecteralavie.com\/index.php\/wp-json\/wp\/v2\/users\/1"}],"replies":[{"embeddable":true,"href":"https:\/\/sereconnecteralavie.com\/index.php\/wp-json\/wp\/v2\/comments?post=513"}],"version-history":[{"count":2,"href":"https:\/\/sereconnecteralavie.com\/index.php\/wp-json\/wp\/v2\/pages\/513\/revisions"}],"predecessor-version":[{"id":516,"href":"https:\/\/sereconnecteralavie.com\/index.php\/wp-json\/wp\/v2\/pages\/513\/revisions\/516"}],"up":[{"embeddable":true,"href":"https:\/\/sereconnecteralavie.com\/index.php\/wp-json\/wp\/v2\/pages\/185"}],"wp:attachment":[{"href":"https:\/\/sereconnecteralavie.com\/index.php\/wp-json\/wp\/v2\/media?parent=513"}],"curies":[{"name":"wp","href":"https:\/\/api.w.org\/{rel}","templated":true}]}}