	{"id":508,"date":"2020-11-28T15:58:52","date_gmt":"2020-11-28T14:58:52","guid":{"rendered":"http:\/\/sereconnecteralavie.com\/?page_id=508"},"modified":"2024-10-31T23:46:51","modified_gmt":"2024-10-31T22:46:51","slug":"corinne","status":"publish","type":"page","link":"https:\/\/sereconnecteralavie.com\/index.php\/livre-dor\/corinne\/","title":{"rendered":"Livre d&rsquo;or"},"content":{"rendered":"\n<div class=\"wp-block-image\"><figure class=\"aligncenter size-large\"><img loading=\"lazy\" decoding=\"async\" width=\"220\" height=\"115\" src=\"http:\/\/sereconnecteralavie.com\/wp-content\/uploads\/2020\/11\/corinne.jpg\" alt=\"\" class=\"wp-image-509\"\/><\/figure><\/div>\n\n\n\n<p>Corinne, le 18 Septembre 2017<br><br>Bonjour Catherine,<br><br>Suite \u00e0 ma Reconnexion Personnelle, <strong>beaucoup d&rsquo;opportunit\u00e9s se pr\u00e9sentent :<\/strong><br>une amie me d\u00e9l\u00e8gue tous ses ateliers pour enfants car elle arr\u00eate pour se consacrer \u00e0 un autre projet; les ateliers adultes \u00e0 la maison se remplissent;<br><br>c&rsquo;est g\u00e9nial !<br><br>et j&rsquo;ai pr\u00e9vu de prospecter dans les assos pour tout petits.<br><br><strong>Je commence \u00e0 donner un sens \u00e0 ma vie professionnelle, enfin !!!<br><br>Se reconnecter \u00e9tait bienvenu.<\/strong><br><br>Merci encore et \u00e0 bient\u00f4t,<\/p>\n\n\n\n<div class=\"wp-block-image\"><figure class=\"aligncenter size-large\"><img loading=\"lazy\" decoding=\"async\" width=\"333\" height=\"30\" src=\"http:\/\/sereconnecteralavie.com\/wp-content\/uploads\/2020\/11\/paragr.gif\" alt=\"\" class=\"wp-image-266\"\/><\/figure><\/div>\n","protected":false},"excerpt":{"rendered":"<p>Corinne, le 18 Septembre 2017 Bonjour Catherine, Suite \u00e0 ma Reconnexion Personnelle, beaucoup d&rsquo;opportunit\u00e9s se pr\u00e9sentent :une amie me d\u00e9l\u00e8gue tous ses ateliers pour enfants car elle arr\u00eate pour se consacrer \u00e0 un autre projet; les ateliers adultes \u00e0 la maison se remplissent; c&rsquo;est g\u00e9nial ! et j&rsquo;ai pr\u00e9vu de prospecter dans les assos pour &hellip; <\/p>\n<p class=\"link-more\"><a href=\"https:\/\/sereconnecteralavie.com\/index.php\/livre-dor\/corinne\/\" class=\"more-link\">Continuer la lecture<span class=\"screen-reader-text\"> de &laquo;&nbsp;Livre d&rsquo;or&nbsp;&raquo;<\/span><\/a><\/p>\n","protected":false},"author":1,"featured_media":0,"parent":185,"menu_order":0,"comment_status":"closed","ping_status":"closed","template":"","meta":{"footnotes":""},"class_list":["post-508","page","type-page","status-publish","hentry"],"_links":{"self":[{"href":"https:\/\/sereconnecteralavie.com\/index.php\/wp-json\/wp\/v2\/pages\/508","targetHints":{"allow":["GET"]}}],"collection":[{"href":"https:\/\/sereconnecteralavie.com\/index.php\/wp-json\/wp\/v2\/pages"}],"about":[{"href":"https:\/\/sereconnecteralavie.com\/index.php\/wp-json\/wp\/v2\/types\/page"}],"author":[{"embeddable":true,"href":"https:\/\/sereconnecteralavie.com\/index.php\/wp-json\/wp\/v2\/users\/1"}],"replies":[{"embeddable":true,"href":"https:\/\/sereconnecteralavie.com\/index.php\/wp-json\/wp\/v2\/comments?post=508"}],"version-history":[{"count":2,"href":"https:\/\/sereconnecteralavie.com\/index.php\/wp-json\/wp\/v2\/pages\/508\/revisions"}],"predecessor-version":[{"id":511,"href":"https:\/\/sereconnecteralavie.com\/index.php\/wp-json\/wp\/v2\/pages\/508\/revisions\/511"}],"up":[{"embeddable":true,"href":"https:\/\/sereconnecteralavie.com\/index.php\/wp-json\/wp\/v2\/pages\/185"}],"wp:attachment":[{"href":"https:\/\/sereconnecteralavie.com\/index.php\/wp-json\/wp\/v2\/media?parent=508"}],"curies":[{"name":"wp","href":"https:\/\/api.w.org\/{rel}","templated":true}]}}