	{"id":502,"date":"2020-11-28T15:54:38","date_gmt":"2020-11-28T14:54:38","guid":{"rendered":"http:\/\/sereconnecteralavie.com\/?page_id=502"},"modified":"2024-10-31T23:46:44","modified_gmt":"2024-10-31T22:46:44","slug":"sylviane","status":"publish","type":"page","link":"https:\/\/sereconnecteralavie.com\/index.php\/livre-dor\/sylviane\/","title":{"rendered":"Livre d&rsquo;or"},"content":{"rendered":"\n<div class=\"wp-block-image\"><figure class=\"aligncenter size-large\"><img loading=\"lazy\" decoding=\"async\" width=\"260\" height=\"135\" src=\"http:\/\/sereconnecteralavie.com\/wp-content\/uploads\/2020\/11\/sylviane.jpg\" alt=\"\" class=\"wp-image-503\"\/><\/figure><\/div>\n\n\n\n<p>Sylviane, le 15 septembre 2017,<br><br>Je m&rsquo;appelle Sylviane, j&rsquo;ai 40 ans et je suis alcoolique. Je me le suis enfin avou\u00e9.<br><br>Un Burn-out, une D\u00e9pression, d&rsquo;importants \u00e9v\u00e8nements successifs&#8230;&#8230;..trop !<br><br>Un soir, une envie de boire un verre. Le lendemain soir, m\u00eame sc\u00e9nario et puis deux verres, trois verres et puis tous les soirs, cette envie qui devenait une habitude mais \u00e9galement un Besoin. Je me sentais mieux, j&rsquo;avais l&rsquo;impression que j&rsquo;allais mieux \u00e0 ce moment-l\u00e0, mais c&rsquo;\u00e9tait une Carapace, une Fuite de la R\u00e9alit\u00e9 que je n&rsquo;acceptais plus, que je n&rsquo;arrivais pas \u00e0 surmonter.<br>Tous les soirs, cette Envie, cette Pulsion que je ne contr\u00f4lais pas m\u00eame si j&rsquo;\u00e9tais bien consciente de chaque geste. Mon inconscient me contr\u00f4lait, il \u00e9tait plus fort que Moi.<br>J&rsquo;ai consult\u00e9 Mme Cacquevel mais je n&rsquo;\u00e9tais pas pr\u00eate, je n&rsquo;avais pas envie d&rsquo;arr\u00eater de boire,<br>j&rsquo;aimais ce go\u00fbt, ce moment de d\u00e9tente, de consolation mentale.<br>Des douleurs corporelles quotidiennes m&rsquo;amenaient \u00e0 une Rechute.<br>Je n&rsquo;achetais plus Une bouteille mais Deux pour \u00eatre s\u00fbre d&rsquo;en avoir toujours sous la main.<br>Cela ne pouvait pas durer, plus durer.<br><br><strong>Je suis revenue consulter Mme Cacquevel et je lui ai dit : \u00ab\u00a0je suis pr\u00eate, c&rsquo;est maintenant\u00a0\u00bb.<br>Enfin , un D\u00e9clic &#8230;&#8230;.ce D\u00e9clic inesp\u00e9r\u00e9, je n&rsquo;ai plus envie de Boire Seule chez moi.<\/strong><br><br><strong>UNE SEANCE a suffi mais je souhaitais une deuxi\u00e8me car la peur d&rsquo;une Rechute \u00e9tait pr\u00e9sente.<\/strong><br><br>Trois heures apr\u00e8s la s\u00e9ance, un D\u00e9clic, une Pens\u00e9e d&rsquo;une seconde a travers\u00e9 mon Esprit et l\u00e0 je me suis dit : Je n&rsquo;ai plus du tout Envie de Boire ! <strong>Et depuis ce jour, une sensation de Libert\u00e9, d\u00e9livr\u00e9e de cet Ennemi qui m&rsquo;envahissait au Quotidien.<br><br>Apr\u00e8s analyse de ma situation avec Mme Cacquevel, je la remercie beaucoup pour le R\u00e9sultat et je suis ravie d&rsquo;avoir frapp\u00e9 \u00e0 la Bonne Porte.<br><br>Je vous la recommande.<\/strong><\/p>\n\n\n\n<div class=\"wp-block-image\"><figure class=\"aligncenter size-large\"><img loading=\"lazy\" decoding=\"async\" width=\"333\" height=\"30\" src=\"http:\/\/sereconnecteralavie.com\/wp-content\/uploads\/2020\/11\/paragr.gif\" alt=\"\" class=\"wp-image-266\"\/><\/figure><\/div>\n","protected":false},"excerpt":{"rendered":"<p>Sylviane, le 15 septembre 2017, Je m&rsquo;appelle Sylviane, j&rsquo;ai 40 ans et je suis alcoolique. Je me le suis enfin avou\u00e9. Un Burn-out, une D\u00e9pression, d&rsquo;importants \u00e9v\u00e8nements successifs&#8230;&#8230;..trop ! Un soir, une envie de boire un verre. Le lendemain soir, m\u00eame sc\u00e9nario et puis deux verres, trois verres et puis tous les soirs, cette envie &hellip; <\/p>\n<p class=\"link-more\"><a href=\"https:\/\/sereconnecteralavie.com\/index.php\/livre-dor\/sylviane\/\" class=\"more-link\">Continuer la lecture<span class=\"screen-reader-text\"> de &laquo;&nbsp;Livre d&rsquo;or&nbsp;&raquo;<\/span><\/a><\/p>\n","protected":false},"author":1,"featured_media":0,"parent":185,"menu_order":0,"comment_status":"closed","ping_status":"closed","template":"","meta":{"footnotes":""},"class_list":["post-502","page","type-page","status-publish","hentry"],"_links":{"self":[{"href":"https:\/\/sereconnecteralavie.com\/index.php\/wp-json\/wp\/v2\/pages\/502","targetHints":{"allow":["GET"]}}],"collection":[{"href":"https:\/\/sereconnecteralavie.com\/index.php\/wp-json\/wp\/v2\/pages"}],"about":[{"href":"https:\/\/sereconnecteralavie.com\/index.php\/wp-json\/wp\/v2\/types\/page"}],"author":[{"embeddable":true,"href":"https:\/\/sereconnecteralavie.com\/index.php\/wp-json\/wp\/v2\/users\/1"}],"replies":[{"embeddable":true,"href":"https:\/\/sereconnecteralavie.com\/index.php\/wp-json\/wp\/v2\/comments?post=502"}],"version-history":[{"count":2,"href":"https:\/\/sereconnecteralavie.com\/index.php\/wp-json\/wp\/v2\/pages\/502\/revisions"}],"predecessor-version":[{"id":505,"href":"https:\/\/sereconnecteralavie.com\/index.php\/wp-json\/wp\/v2\/pages\/502\/revisions\/505"}],"up":[{"embeddable":true,"href":"https:\/\/sereconnecteralavie.com\/index.php\/wp-json\/wp\/v2\/pages\/185"}],"wp:attachment":[{"href":"https:\/\/sereconnecteralavie.com\/index.php\/wp-json\/wp\/v2\/media?parent=502"}],"curies":[{"name":"wp","href":"https:\/\/api.w.org\/{rel}","templated":true}]}}