	{"id":497,"date":"2020-11-28T14:02:14","date_gmt":"2020-11-28T13:02:14","guid":{"rendered":"http:\/\/sereconnecteralavie.com\/?page_id=497"},"modified":"2024-10-31T23:46:38","modified_gmt":"2024-10-31T22:46:38","slug":"sabine","status":"publish","type":"page","link":"https:\/\/sereconnecteralavie.com\/index.php\/livre-dor\/sabine\/","title":{"rendered":"Livre d&rsquo;or"},"content":{"rendered":"\n<div class=\"wp-block-image\"><figure class=\"aligncenter size-large\"><img loading=\"lazy\" decoding=\"async\" width=\"220\" height=\"135\" src=\"http:\/\/sereconnecteralavie.com\/wp-content\/uploads\/2020\/11\/sabine.jpg\" alt=\"\" class=\"wp-image-498\"\/><\/figure><\/div>\n\n\n\n<p>Sabine, Le 16 ao\u00fbt 2017<br><br>Bonjour,<br><br>Suite \u00e0 ma Reconnexion d&rsquo;il y a une semaine.<br>Ma probl\u00e9matique principale \u00e9tant ma relation avec mon ami.<br><strong>Dans les 2 jours qui ont suivi, quelque chose s&rsquo;est all\u00e9g\u00e9e entre lui et moi.<br>Les lourdeurs et les zones d&rsquo;ombres semblent s&rsquo;\u00eatre \u00e9clair\u00e9es comme par magie.<br>Tant et si bien qu&rsquo;il y a l&rsquo;amorce d&rsquo;un \u00e9change plus \u00e9quilibr\u00e9 et plus vrai.<\/strong><br><br>Je ne pr\u00e9tends pas que tout soit encore parfait, mais le changement d&rsquo;attitude de sa part a \u00e9t\u00e9 simultan\u00e9 \u00e0 ma Reconnexion.<br>Aujourd&rsquo;hui, nous sommes \u00e0 un palier. J&rsquo;ai encore des points d&rsquo;interrogation \u00e0 propos de cette histoire, et des peurs qui remontent.<br>Mais peut-\u00eatre faut-il le temps d&rsquo;int\u00e9grer en profondeur ce changement ?<br>Si vous avez la possibilit\u00e9, j&rsquo;aimerais en parler avec vous d\u00e8s que vous pourrez.<br><br>Bonne soir\u00e9e et merci.<\/p>\n\n\n\n<div class=\"wp-block-image\"><figure class=\"aligncenter size-large\"><img loading=\"lazy\" decoding=\"async\" width=\"333\" height=\"30\" src=\"http:\/\/sereconnecteralavie.com\/wp-content\/uploads\/2020\/11\/paragr.gif\" alt=\"\" class=\"wp-image-266\"\/><\/figure><\/div>\n","protected":false},"excerpt":{"rendered":"<p>Sabine, Le 16 ao\u00fbt 2017 Bonjour, Suite \u00e0 ma Reconnexion d&rsquo;il y a une semaine.Ma probl\u00e9matique principale \u00e9tant ma relation avec mon ami.Dans les 2 jours qui ont suivi, quelque chose s&rsquo;est all\u00e9g\u00e9e entre lui et moi.Les lourdeurs et les zones d&rsquo;ombres semblent s&rsquo;\u00eatre \u00e9clair\u00e9es comme par magie.Tant et si bien qu&rsquo;il y a l&rsquo;amorce &hellip; <\/p>\n<p class=\"link-more\"><a href=\"https:\/\/sereconnecteralavie.com\/index.php\/livre-dor\/sabine\/\" class=\"more-link\">Continuer la lecture<span class=\"screen-reader-text\"> de &laquo;&nbsp;Livre d&rsquo;or&nbsp;&raquo;<\/span><\/a><\/p>\n","protected":false},"author":1,"featured_media":0,"parent":185,"menu_order":0,"comment_status":"closed","ping_status":"closed","template":"","meta":{"footnotes":""},"class_list":["post-497","page","type-page","status-publish","hentry"],"_links":{"self":[{"href":"https:\/\/sereconnecteralavie.com\/index.php\/wp-json\/wp\/v2\/pages\/497","targetHints":{"allow":["GET"]}}],"collection":[{"href":"https:\/\/sereconnecteralavie.com\/index.php\/wp-json\/wp\/v2\/pages"}],"about":[{"href":"https:\/\/sereconnecteralavie.com\/index.php\/wp-json\/wp\/v2\/types\/page"}],"author":[{"embeddable":true,"href":"https:\/\/sereconnecteralavie.com\/index.php\/wp-json\/wp\/v2\/users\/1"}],"replies":[{"embeddable":true,"href":"https:\/\/sereconnecteralavie.com\/index.php\/wp-json\/wp\/v2\/comments?post=497"}],"version-history":[{"count":2,"href":"https:\/\/sereconnecteralavie.com\/index.php\/wp-json\/wp\/v2\/pages\/497\/revisions"}],"predecessor-version":[{"id":500,"href":"https:\/\/sereconnecteralavie.com\/index.php\/wp-json\/wp\/v2\/pages\/497\/revisions\/500"}],"up":[{"embeddable":true,"href":"https:\/\/sereconnecteralavie.com\/index.php\/wp-json\/wp\/v2\/pages\/185"}],"wp:attachment":[{"href":"https:\/\/sereconnecteralavie.com\/index.php\/wp-json\/wp\/v2\/media?parent=497"}],"curies":[{"name":"wp","href":"https:\/\/api.w.org\/{rel}","templated":true}]}}