	{"id":492,"date":"2020-11-28T13:56:03","date_gmt":"2020-11-28T12:56:03","guid":{"rendered":"http:\/\/sereconnecteralavie.com\/?page_id=492"},"modified":"2024-10-31T23:46:32","modified_gmt":"2024-10-31T22:46:32","slug":"josephine","status":"publish","type":"page","link":"https:\/\/sereconnecteralavie.com\/index.php\/livre-dor\/josephine\/","title":{"rendered":"Livre d&rsquo;or"},"content":{"rendered":"\n<div class=\"wp-block-image\"><figure class=\"aligncenter size-large\"><img loading=\"lazy\" decoding=\"async\" width=\"240\" height=\"125\" src=\"http:\/\/sereconnecteralavie.com\/wp-content\/uploads\/2020\/11\/joseph.jpg\" alt=\"\" class=\"wp-image-493\"\/><\/figure><\/div>\n\n\n\n<p>Jos\u00e9phine le 4 Ao\u00fbt 2017<br><br>Aujourd&rsquo;hui \u00e0 9h26 Merci pour les informations. J&rsquo;ai lu un tarif de 333e sur internet, est-ce exact ?<br>Je suis en recherche d&rsquo;appartement , et je me disais que cela serait bien de le faire une fois installer dans ce nouveau lieu, comme une nouvelle page blanche .<br><strong>Comme je te disais sur mon sms , les s\u00e9ances ont vraiment chang\u00e9es ma vie .<br>D\u00e8s la premi\u00e8re , le sommeil est revenu . Naturel et profond\u00e9ment r\u00e9parateur . Je n&rsquo;ai pas souvenir avoir aussi bien dormi de toute ma vie .<\/strong><br>Et comme je travaille de nuit, plus l&rsquo;agression, je ne dormais plus , je somnolais par ci par l\u00e0 . Le soir m\u00eame, je plongeais dans un sommeil profond .<br>Depuis je me sens comme envelopp\u00e9e dans du \u00a0\u00bb doux \u00a0\u00bb . Il m&rsquo;a fallu 2 s\u00e9ances pour \u00eatre compl\u00e8tement tranquille.<br>Pour ne plus me r\u00e9veiller toutes les heures.<br><strong>Les gens tr\u00e8s proches, ont trouv\u00e9 que ma voix avait chang\u00e9, en sortant de chez toi. Et pourtant ils n&rsquo;\u00e9taient pas au courant de ma d\u00e9marche.<br>Les traits de mon visage se sont d\u00e9tendus. Lors de notre premi\u00e8re s\u00e9ance, j&rsquo;ai ressenti , comme si on m&rsquo;arrachait une boule dans le ventre . Et effectivement suite \u00e0 \u00e7a je me suis sentie beaucoup plus l\u00e9g\u00e8re. Un r\u00e9el sentiment d&rsquo;apaisement.<br>J&rsquo;\u00e9tais bien , j&rsquo;\u00e9tais enfin sereine .<\/strong><br>Je n&rsquo;ai plus d&rsquo;image de mon bourreau . Ni de ce qu&rsquo;il m&rsquo;a fait . Je le sais , je sais ce qui s&rsquo;est pass\u00e9 .<br><strong>Mais je n&rsquo;ai plus de souvenirs , c&rsquo;est tr\u00e8s tr\u00e8s flou . Comme une esp\u00e8ce d&rsquo;amn\u00e9sie .<\/strong><br>J&rsquo;ai ressenti le besoin de faire une autre s\u00e9ance , car je sentais en moi quelques choses d&rsquo;inachev\u00e9 .<br>Il fallait faire les \u00a0\u00bb finitions \u00ab\u00a0<br>Et effectivement \u00e0 la deuxi\u00e8me s\u00e9ance , j ai ressenti non plus une boule qu&rsquo;on arrache , mais plut\u00f4t comme si on \u00a0\u00bb soufflait \u00a0\u00bb en moi , ou on \u00ab\u00a0balayait \u00a0\u00bb .<br>Pour que tout soit \u00a0\u00bb propre \u00ab\u00a0<br>Depuis, j&rsquo;ai fait le \u00ab\u00a0m\u00e9nage \u00a0\u00bb , justement , dans mon entourage .<br>J&rsquo;ai ressenti fortement le besoin de purifier , tout ce qui se trouvait autour de moi .<br>Fuir les gens n\u00e9gatifs , et les relations toxiques . Des gens , dont je n&rsquo;arrivais pas \u00e0 me d\u00e9faire depuis si longtemps , parce qu&rsquo;on ose pas , on veut pas blesser . J&rsquo;ai enfin dit NON aux personnes n\u00e9fastes .<br>Et c&rsquo;est quelque chose qui est devenu primordial pour moi , le positif .<br>Sentir le \u00ab\u00a0bon \u00a0\u00bb ou le \u00ab\u00a0mauvais \u00a0\u00bb chez les gens et s&rsquo;entourer en fonction . J&rsquo;ai r\u00e9ussi \u00e0 cr\u00e9er une bulle de s\u00e9r\u00e9nit\u00e9 , et la pr\u00e9server m&rsquo;est devenu essentiel .<br><br>Depuis la 2 \u00e8me s\u00e9ance , j&rsquo;ai cess\u00e9 le grignotage . Je n&rsquo;en ressens plus le besoin .<br>Pour tout vous dire , j&rsquo;ai refait mon premier mac do , hier ( alors que j&rsquo;en faisait 3 au moins par semaine avant ) et , \u00e0 la moiti\u00e9 , j&rsquo;ai \u00e9t\u00e9 \u00e9c\u0153ur\u00e9e . Je ne dis pas que je mange \u00e9quilibr\u00e9 , mais je ne ressens plus le besoin de manger continuellement .<br>Par la m\u00eame occasion , j&rsquo;ai cess\u00e9 les achats compulsifs .<br>J&rsquo;\u00e9tais jusqu&rsquo;\u00e0 il y a peu , compl\u00e8tement dingue de shopping . Au point de me mettre en situation de surendettement . Il fallait \u00e0 tout prix que j&rsquo;ach\u00e8te, que je d\u00e9pense . C&rsquo;\u00e9tait plus fort que tout . Je n&rsquo;ai plus ce besoin .<br>La tentation s&rsquo;est beaucoup apais\u00e9e . Je fais toujours tr\u00e8s attention . Mais je ne le prend plus comme un d\u00e9chirement .<br>J&rsquo;arrive \u00e0 rester plus ou moins raisonnable . Je vois que je suis sur la voie de la gu\u00e9rison .<br><strong>Pourtant j&rsquo;avais essay\u00e9 les th\u00e9rapies ,<\/strong> et m\u00eame les s\u00e9ances de groupe anonyme d&rsquo;acheteurs compulsif . <strong>Ce qui n&rsquo;avait absolument rien donn\u00e9 .<\/strong><br><strong>Aujourd&rsquo;hui , je me d\u00e9couvre . Je suis une nouvelle femme . Apais\u00e9e et sereine . Les termes peuvent para\u00eetre d\u00e9risoires et na\u00effs . Mais une fois qu&rsquo;on y acc\u00e8de , on voit la vie vraiment autrement . Ne plus s&rsquo;\u00e9nerver , se contrarier pour des futilit\u00e9s . Se d\u00e9tacher des souffrances pass\u00e9es . Appr\u00e9cier les petits bonheurs du quotidien fait que chaque jour soit agr\u00e9able . Le r\u00e9veil n&rsquo;est plus douloureux . Les objectifs de vie semblent plus clairs. Je ne suis plus aveugl\u00e9e par la douleur . Ce jour l\u00e0 , quand j&rsquo;ai pris mon t\u00e9l\u00e9phone pour te contacter , je ne savais pas que ma vie allait changer .<br>Merci pour tout.<br><br>Chaleureusement<\/strong><\/p>\n\n\n\n<div class=\"wp-block-image\"><figure class=\"aligncenter size-large\"><img loading=\"lazy\" decoding=\"async\" width=\"333\" height=\"30\" src=\"http:\/\/sereconnecteralavie.com\/wp-content\/uploads\/2020\/11\/paragr.gif\" alt=\"\" class=\"wp-image-266\"\/><\/figure><\/div>\n","protected":false},"excerpt":{"rendered":"<p>Jos\u00e9phine le 4 Ao\u00fbt 2017 Aujourd&rsquo;hui \u00e0 9h26 Merci pour les informations. J&rsquo;ai lu un tarif de 333e sur internet, est-ce exact ?Je suis en recherche d&rsquo;appartement , et je me disais que cela serait bien de le faire une fois installer dans ce nouveau lieu, comme une nouvelle page blanche .Comme je te disais &hellip; <\/p>\n<p class=\"link-more\"><a href=\"https:\/\/sereconnecteralavie.com\/index.php\/livre-dor\/josephine\/\" class=\"more-link\">Continuer la lecture<span class=\"screen-reader-text\"> de &laquo;&nbsp;Livre d&rsquo;or&nbsp;&raquo;<\/span><\/a><\/p>\n","protected":false},"author":1,"featured_media":0,"parent":185,"menu_order":0,"comment_status":"closed","ping_status":"closed","template":"","meta":{"footnotes":""},"class_list":["post-492","page","type-page","status-publish","hentry"],"_links":{"self":[{"href":"https:\/\/sereconnecteralavie.com\/index.php\/wp-json\/wp\/v2\/pages\/492","targetHints":{"allow":["GET"]}}],"collection":[{"href":"https:\/\/sereconnecteralavie.com\/index.php\/wp-json\/wp\/v2\/pages"}],"about":[{"href":"https:\/\/sereconnecteralavie.com\/index.php\/wp-json\/wp\/v2\/types\/page"}],"author":[{"embeddable":true,"href":"https:\/\/sereconnecteralavie.com\/index.php\/wp-json\/wp\/v2\/users\/1"}],"replies":[{"embeddable":true,"href":"https:\/\/sereconnecteralavie.com\/index.php\/wp-json\/wp\/v2\/comments?post=492"}],"version-history":[{"count":2,"href":"https:\/\/sereconnecteralavie.com\/index.php\/wp-json\/wp\/v2\/pages\/492\/revisions"}],"predecessor-version":[{"id":495,"href":"https:\/\/sereconnecteralavie.com\/index.php\/wp-json\/wp\/v2\/pages\/492\/revisions\/495"}],"up":[{"embeddable":true,"href":"https:\/\/sereconnecteralavie.com\/index.php\/wp-json\/wp\/v2\/pages\/185"}],"wp:attachment":[{"href":"https:\/\/sereconnecteralavie.com\/index.php\/wp-json\/wp\/v2\/media?parent=492"}],"curies":[{"name":"wp","href":"https:\/\/api.w.org\/{rel}","templated":true}]}}