	{"id":487,"date":"2020-11-28T13:47:22","date_gmt":"2020-11-28T12:47:22","guid":{"rendered":"http:\/\/sereconnecteralavie.com\/?page_id=487"},"modified":"2024-10-31T23:46:26","modified_gmt":"2024-10-31T22:46:26","slug":"michel","status":"publish","type":"page","link":"https:\/\/sereconnecteralavie.com\/index.php\/livre-dor\/michel\/","title":{"rendered":"Livre d&rsquo;or"},"content":{"rendered":"\n<div class=\"wp-block-image\"><figure class=\"aligncenter size-large\"><img loading=\"lazy\" decoding=\"async\" width=\"240\" height=\"115\" src=\"http:\/\/sereconnecteralavie.com\/wp-content\/uploads\/2020\/11\/michel.jpg\" alt=\"\" class=\"wp-image-488\"\/><\/figure><\/div>\n\n\n\n<p>Michel, le 15 juillet 2017<br><br><strong>Je suis tr\u00e8s satisfait des r\u00e9sultats obtenus suite aux s\u00e9ances qu&rsquo;Ang\u00e8le, mon \u00e9pouse a suivi chez vous.<\/strong><br>Son \u00e9tat g\u00e9n\u00e9ral et sa sant\u00e9 s&rsquo;en trouvent beaucoup b\u00e9n\u00e9ficiaires, am\u00e9lioration aussi de son psoriasis.<br>Elle est un peu plus confiante en ses possibilit\u00e9s et elle est plus harmonieuse et r\u00e9ceptive \u00e0 ce qu&rsquo;on lui dit.<br><br>Du point de vue \u00e9motionnel, elle accepte mieux les \u00e9v\u00e8nements <strong>comme le r\u00e9cent d\u00e9c\u00e8s de sa m\u00e8re et tout cela gr\u00e2ce \u00e0 votre travail que j&rsquo;appr\u00e9cie et je vous en remercie .<br>Je suis content aussi du r\u00e9sultat chez vous pour ma fille St\u00e9phanie<br>et encore davantage pour ma petite fille Az\u00e9line<\/strong> dont le changement a \u00e9t\u00e9 le plus \u00e9tonnant et le plus spectaculaire en l&rsquo;espace d&rsquo;un apr\u00e8s-midi et d&rsquo;une nuit.<br><br>Bien Cordialement<\/p>\n\n\n\n<div class=\"wp-block-image\"><figure class=\"aligncenter size-large\"><img loading=\"lazy\" decoding=\"async\" width=\"333\" height=\"30\" src=\"http:\/\/sereconnecteralavie.com\/wp-content\/uploads\/2020\/11\/paragr.gif\" alt=\"\" class=\"wp-image-266\"\/><\/figure><\/div>\n","protected":false},"excerpt":{"rendered":"<p>Michel, le 15 juillet 2017 Je suis tr\u00e8s satisfait des r\u00e9sultats obtenus suite aux s\u00e9ances qu&rsquo;Ang\u00e8le, mon \u00e9pouse a suivi chez vous.Son \u00e9tat g\u00e9n\u00e9ral et sa sant\u00e9 s&rsquo;en trouvent beaucoup b\u00e9n\u00e9ficiaires, am\u00e9lioration aussi de son psoriasis.Elle est un peu plus confiante en ses possibilit\u00e9s et elle est plus harmonieuse et r\u00e9ceptive \u00e0 ce qu&rsquo;on lui &hellip; <\/p>\n<p class=\"link-more\"><a href=\"https:\/\/sereconnecteralavie.com\/index.php\/livre-dor\/michel\/\" class=\"more-link\">Continuer la lecture<span class=\"screen-reader-text\"> de &laquo;&nbsp;Livre d&rsquo;or&nbsp;&raquo;<\/span><\/a><\/p>\n","protected":false},"author":1,"featured_media":0,"parent":185,"menu_order":0,"comment_status":"closed","ping_status":"closed","template":"","meta":{"footnotes":""},"class_list":["post-487","page","type-page","status-publish","hentry"],"_links":{"self":[{"href":"https:\/\/sereconnecteralavie.com\/index.php\/wp-json\/wp\/v2\/pages\/487","targetHints":{"allow":["GET"]}}],"collection":[{"href":"https:\/\/sereconnecteralavie.com\/index.php\/wp-json\/wp\/v2\/pages"}],"about":[{"href":"https:\/\/sereconnecteralavie.com\/index.php\/wp-json\/wp\/v2\/types\/page"}],"author":[{"embeddable":true,"href":"https:\/\/sereconnecteralavie.com\/index.php\/wp-json\/wp\/v2\/users\/1"}],"replies":[{"embeddable":true,"href":"https:\/\/sereconnecteralavie.com\/index.php\/wp-json\/wp\/v2\/comments?post=487"}],"version-history":[{"count":2,"href":"https:\/\/sereconnecteralavie.com\/index.php\/wp-json\/wp\/v2\/pages\/487\/revisions"}],"predecessor-version":[{"id":490,"href":"https:\/\/sereconnecteralavie.com\/index.php\/wp-json\/wp\/v2\/pages\/487\/revisions\/490"}],"up":[{"embeddable":true,"href":"https:\/\/sereconnecteralavie.com\/index.php\/wp-json\/wp\/v2\/pages\/185"}],"wp:attachment":[{"href":"https:\/\/sereconnecteralavie.com\/index.php\/wp-json\/wp\/v2\/media?parent=487"}],"curies":[{"name":"wp","href":"https:\/\/api.w.org\/{rel}","templated":true}]}}