	{"id":482,"date":"2020-11-28T13:41:19","date_gmt":"2020-11-28T12:41:19","guid":{"rendered":"http:\/\/sereconnecteralavie.com\/?page_id=482"},"modified":"2024-10-31T23:46:19","modified_gmt":"2024-10-31T22:46:19","slug":"christine","status":"publish","type":"page","link":"https:\/\/sereconnecteralavie.com\/index.php\/livre-dor\/christine\/","title":{"rendered":"Livre d&rsquo;or"},"content":{"rendered":"\n<div class=\"wp-block-image\"><figure class=\"aligncenter size-large\"><img loading=\"lazy\" decoding=\"async\" width=\"240\" height=\"115\" src=\"http:\/\/sereconnecteralavie.com\/wp-content\/uploads\/2020\/11\/christine.jpg\" alt=\"\" class=\"wp-image-483\"\/><\/figure><\/div>\n\n\n\n<p>Christine, le 2 juillet 2017,<br><br>Bonjour Catherine.<br><br>Merci pour votre gentillesse, votre aide et soutien lors de mes s\u00e9ances de kin\u00e9siologie et soins reconnectifs.<br><br>Ma s\u00e9ance de soin reconnectif d&rsquo;hier a \u00e9t\u00e9 sp\u00e9ciale et un peu magique.<br><br>C&rsquo;est vrai que je suis tr\u00e8s r\u00e9ceptive mais ce qui c&rsquo;est pass\u00e9 hier est surprenant.<br><br><strong>Allong\u00e9e pendant la s\u00e9ance, j&rsquo;ai senti mon corps entier s&rsquo;ancrer sur la table et vu un deuxi\u00e8me corps, le mien, en l\u00e9vitation au-dessus de l&rsquo;autre.<br>Mon corps physique et mon corps astral en parall\u00e8le.<\/strong><br><br>J&rsquo;\u00e9tais bien, sereine, heureuse, en paix. J&rsquo;ai bien dormi. Ce matin, je me sens l\u00e9g\u00e8re.<br><br>Encore merci Catherine pour ces bons moments de partage.<br><br>Amicalement.<br><br><br>Christine<\/p>\n\n\n\n<div class=\"wp-block-image\"><figure class=\"aligncenter size-large\"><img loading=\"lazy\" decoding=\"async\" width=\"333\" height=\"30\" src=\"http:\/\/sereconnecteralavie.com\/wp-content\/uploads\/2020\/11\/paragr.gif\" alt=\"\" class=\"wp-image-266\"\/><\/figure><\/div>\n","protected":false},"excerpt":{"rendered":"<p>Christine, le 2 juillet 2017, Bonjour Catherine. Merci pour votre gentillesse, votre aide et soutien lors de mes s\u00e9ances de kin\u00e9siologie et soins reconnectifs. Ma s\u00e9ance de soin reconnectif d&rsquo;hier a \u00e9t\u00e9 sp\u00e9ciale et un peu magique. C&rsquo;est vrai que je suis tr\u00e8s r\u00e9ceptive mais ce qui c&rsquo;est pass\u00e9 hier est surprenant. Allong\u00e9e pendant la &hellip; <\/p>\n<p class=\"link-more\"><a href=\"https:\/\/sereconnecteralavie.com\/index.php\/livre-dor\/christine\/\" class=\"more-link\">Continuer la lecture<span class=\"screen-reader-text\"> de &laquo;&nbsp;Livre d&rsquo;or&nbsp;&raquo;<\/span><\/a><\/p>\n","protected":false},"author":1,"featured_media":0,"parent":185,"menu_order":0,"comment_status":"closed","ping_status":"closed","template":"","meta":{"footnotes":""},"class_list":["post-482","page","type-page","status-publish","hentry"],"_links":{"self":[{"href":"https:\/\/sereconnecteralavie.com\/index.php\/wp-json\/wp\/v2\/pages\/482","targetHints":{"allow":["GET"]}}],"collection":[{"href":"https:\/\/sereconnecteralavie.com\/index.php\/wp-json\/wp\/v2\/pages"}],"about":[{"href":"https:\/\/sereconnecteralavie.com\/index.php\/wp-json\/wp\/v2\/types\/page"}],"author":[{"embeddable":true,"href":"https:\/\/sereconnecteralavie.com\/index.php\/wp-json\/wp\/v2\/users\/1"}],"replies":[{"embeddable":true,"href":"https:\/\/sereconnecteralavie.com\/index.php\/wp-json\/wp\/v2\/comments?post=482"}],"version-history":[{"count":2,"href":"https:\/\/sereconnecteralavie.com\/index.php\/wp-json\/wp\/v2\/pages\/482\/revisions"}],"predecessor-version":[{"id":485,"href":"https:\/\/sereconnecteralavie.com\/index.php\/wp-json\/wp\/v2\/pages\/482\/revisions\/485"}],"up":[{"embeddable":true,"href":"https:\/\/sereconnecteralavie.com\/index.php\/wp-json\/wp\/v2\/pages\/185"}],"wp:attachment":[{"href":"https:\/\/sereconnecteralavie.com\/index.php\/wp-json\/wp\/v2\/media?parent=482"}],"curies":[{"name":"wp","href":"https:\/\/api.w.org\/{rel}","templated":true}]}}