	{"id":472,"date":"2020-11-28T13:30:22","date_gmt":"2020-11-28T12:30:22","guid":{"rendered":"http:\/\/sereconnecteralavie.com\/?page_id=472"},"modified":"2024-10-31T23:46:05","modified_gmt":"2024-10-31T22:46:05","slug":"michelle","status":"publish","type":"page","link":"https:\/\/sereconnecteralavie.com\/index.php\/livre-dor\/michelle\/","title":{"rendered":"Livre d&rsquo;or"},"content":{"rendered":"\n<div class=\"wp-block-image\"><figure class=\"aligncenter size-large\"><img loading=\"lazy\" decoding=\"async\" width=\"260\" height=\"145\" src=\"http:\/\/sereconnecteralavie.com\/wp-content\/uploads\/2020\/11\/michelle.jpg\" alt=\"\" class=\"wp-image-473\"\/><\/figure><\/div>\n\n\n\n<p>Michelle, le 7 mars 2017,<br><br>Je suis all\u00e9e vous voir car la vie m&rsquo;\u00e9tait devenue insupportable et je ne savais plus comment faire.<br><strong>Gr\u00e2ce \u00e0 Madame Cacquevel, j&rsquo;ai retrouv\u00e9 une nouvelle vie.<br><br>Cette nouvelle vie me permet enfin de ne plus me \u00ab\u00a0battre\u00a0\u00bb contre moi-m\u00eame.<br><br>Je lui exprime un Grand MERCI.<\/strong><\/p>\n\n\n\n<div class=\"wp-block-image\"><figure class=\"aligncenter size-large\"><img loading=\"lazy\" decoding=\"async\" width=\"333\" height=\"30\" src=\"http:\/\/sereconnecteralavie.com\/wp-content\/uploads\/2020\/11\/paragr.gif\" alt=\"\" class=\"wp-image-266\"\/><\/figure><\/div>\n","protected":false},"excerpt":{"rendered":"<p>Michelle, le 7 mars 2017, Je suis all\u00e9e vous voir car la vie m&rsquo;\u00e9tait devenue insupportable et je ne savais plus comment faire.Gr\u00e2ce \u00e0 Madame Cacquevel, j&rsquo;ai retrouv\u00e9 une nouvelle vie. Cette nouvelle vie me permet enfin de ne plus me \u00ab\u00a0battre\u00a0\u00bb contre moi-m\u00eame. Je lui exprime un Grand MERCI.<\/p>\n","protected":false},"author":1,"featured_media":0,"parent":185,"menu_order":0,"comment_status":"closed","ping_status":"closed","template":"","meta":{"footnotes":""},"class_list":["post-472","page","type-page","status-publish","hentry"],"_links":{"self":[{"href":"https:\/\/sereconnecteralavie.com\/index.php\/wp-json\/wp\/v2\/pages\/472","targetHints":{"allow":["GET"]}}],"collection":[{"href":"https:\/\/sereconnecteralavie.com\/index.php\/wp-json\/wp\/v2\/pages"}],"about":[{"href":"https:\/\/sereconnecteralavie.com\/index.php\/wp-json\/wp\/v2\/types\/page"}],"author":[{"embeddable":true,"href":"https:\/\/sereconnecteralavie.com\/index.php\/wp-json\/wp\/v2\/users\/1"}],"replies":[{"embeddable":true,"href":"https:\/\/sereconnecteralavie.com\/index.php\/wp-json\/wp\/v2\/comments?post=472"}],"version-history":[{"count":2,"href":"https:\/\/sereconnecteralavie.com\/index.php\/wp-json\/wp\/v2\/pages\/472\/revisions"}],"predecessor-version":[{"id":475,"href":"https:\/\/sereconnecteralavie.com\/index.php\/wp-json\/wp\/v2\/pages\/472\/revisions\/475"}],"up":[{"embeddable":true,"href":"https:\/\/sereconnecteralavie.com\/index.php\/wp-json\/wp\/v2\/pages\/185"}],"wp:attachment":[{"href":"https:\/\/sereconnecteralavie.com\/index.php\/wp-json\/wp\/v2\/media?parent=472"}],"curies":[{"name":"wp","href":"https:\/\/api.w.org\/{rel}","templated":true}]}}