	{"id":460,"date":"2020-11-28T13:12:03","date_gmt":"2020-11-28T12:12:03","guid":{"rendered":"http:\/\/sereconnecteralavie.com\/?page_id=460"},"modified":"2024-10-31T23:45:52","modified_gmt":"2024-10-31T22:45:52","slug":"vanessa","status":"publish","type":"page","link":"https:\/\/sereconnecteralavie.com\/index.php\/livre-dor\/vanessa\/","title":{"rendered":"Livre d&rsquo;or"},"content":{"rendered":"\n<div class=\"wp-block-image\"><figure class=\"aligncenter size-large\"><img loading=\"lazy\" decoding=\"async\" width=\"260\" height=\"145\" src=\"http:\/\/sereconnecteralavie.com\/wp-content\/uploads\/2020\/11\/vanessa.jpg\" alt=\"\" class=\"wp-image-461\"\/><\/figure><\/div>\n\n\n\n<p>Vanessa, 23 janvier 2017,<br><br>Bonjour Catherine,<br><br>Voici mes t\u00e9moignages pour votre livre d&rsquo;or :<br><br>Le hasard fait souvent bien les choses.<br>C&rsquo;est par hasard que j&rsquo;ai d\u00e9couvert le site internet de Catherine Cacquevel et que j&rsquo;ai pris rendez-vous pour 3 soins reconnectifs et la reconnexion (faite il y a 2 semaines).<br>J&rsquo;\u00e9tais venue pour apaiser mes douleurs physiques<br>mais je suis sortie de ces s\u00e9ances <strong>avec un cadeau bonus auquel je ne m&rsquo;attendais pas,<\/strong><br>c&rsquo;est-\u00e0-dire <strong>\u00eatre transform\u00e9e \u00e9motionnellement.<\/strong><br><br>Les soins reconnectifs ont apais\u00e9 mes douleurs physiques et \u00e9motionnelles.<br>La reconnexion a mis un point final en enlevant un grand poids int\u00e9rieur.<br>Je suis dans un \u00e9tat d&rsquo;\u00eatre jamais ressenti auparavant.<br><br><strong>Je me sens l\u00e9g\u00e8re et en confiance absolue. Je suis enfin en paix avec moi-m\u00eame.<br>Je remercie Catherine Cacquevel qui est quelqu&rsquo;un de simple, profond et \u00e0 votre \u00e9coute.<\/strong><br><br><strong>Allez-y, foncez sans h\u00e9siter!<\/strong><br><br><br>Au pr\u00e9alable de la Reconnexion, voici le retour des mes 2 s\u00e9ances reconnectives :<br><br>&#8211; 1\u00e8re s\u00e9ance reconnective du 6 d\u00e9cembre 2016 :<br><br>je pense que l&rsquo;\u00e9nergie \u00e0 agit plus sur le plan \u00e9motionnel : \u00e9tat de pl\u00e9nitude, paix int\u00e9rieure totale, ancrage.<br>Le soir, j&rsquo;ai eu d\u00fb mal \u00e0 m&rsquo;endormir car lorsque je fermais les yeux je voyais une lumi\u00e8re verte fluo plus des formes g\u00e9om\u00e9triques imbriqu\u00e9es les unes dans les autres.<br>Au bout d&rsquo;un moment, ne pouvant toujours pas dormir, j&rsquo;ai demand\u00e9 \u00e0 voix haute que ces images s&rsquo;arr\u00eatent et \u00e7a s&rsquo;est arr\u00eat\u00e9 aussit\u00f4t et j&rsquo;ai p\u00fb m&rsquo;endormir.<br>Le lendemain matin, une personne de mon entourage est venu sonner \u00e0 ma porte et faire son mea culpa alors qu&rsquo;on \u00e9tait en froid.<br>A midi, le temps s&rsquo;est arr\u00eat\u00e9 plusieurs minutes (1 minute valait 5 minutes) afin que je puisse faire de nombreuses choses que j&rsquo;avais \u00e0 faire avant d&rsquo;aller chercher ma fille \u00e0 l&rsquo;\u00e9cole.<br><strong>J&rsquo;ai vraiment eu l&rsquo;impression de vivre dans un autre espace temps pendant plusieurs jours.<br>En ce qui concerne mes probl\u00e8mes de sant\u00e9 : moins mal au dos mais pas compl\u00e8tement disparu et r\u00e9gression des mes sinusites.<\/strong><br><br>&#8211; 2\u00e8me s\u00e9ance du 12 d\u00e9cembre 2016 :<br><br>Cette s\u00e9ance a agit plus sur le plan physique :<br>J&rsquo;ai eu l&rsquo;impression de sortir de la s\u00e9ance avec une armure de 10 kgs sur moi.<br><strong>Un plus gros ancrage qu&rsquo;\u00e0 la premi\u00e8re s\u00e9ance.<\/strong><br><strong>Je n&rsquo;ai plus mal au dos et je n&rsquo;ai plus de sinusite!<\/strong><br>J&rsquo;ai \u00e9t\u00e9 en pleine forme pendant 2 semaines, ensuite j&rsquo;ai eu un coup de fatigue pendant 3 ou 4 jours la semaine derni\u00e8re et maintenant \u00e7a va mieux.<br><br>Voil\u00e0 pour le r\u00e9sum\u00e9 des 2 s\u00e9ances qui me font beaucoup de bien.<br>A demain<\/p>\n\n\n\n<div class=\"wp-block-image\"><figure class=\"aligncenter size-large\"><img loading=\"lazy\" decoding=\"async\" width=\"333\" height=\"30\" src=\"http:\/\/sereconnecteralavie.com\/wp-content\/uploads\/2020\/11\/paragr.gif\" alt=\"\" class=\"wp-image-266\"\/><\/figure><\/div>\n","protected":false},"excerpt":{"rendered":"<p>Vanessa, 23 janvier 2017, Bonjour Catherine, Voici mes t\u00e9moignages pour votre livre d&rsquo;or : Le hasard fait souvent bien les choses.C&rsquo;est par hasard que j&rsquo;ai d\u00e9couvert le site internet de Catherine Cacquevel et que j&rsquo;ai pris rendez-vous pour 3 soins reconnectifs et la reconnexion (faite il y a 2 semaines).J&rsquo;\u00e9tais venue pour apaiser mes douleurs &hellip; <\/p>\n<p class=\"link-more\"><a href=\"https:\/\/sereconnecteralavie.com\/index.php\/livre-dor\/vanessa\/\" class=\"more-link\">Continuer la lecture<span class=\"screen-reader-text\"> de &laquo;&nbsp;Livre d&rsquo;or&nbsp;&raquo;<\/span><\/a><\/p>\n","protected":false},"author":1,"featured_media":0,"parent":185,"menu_order":0,"comment_status":"closed","ping_status":"closed","template":"","meta":{"footnotes":""},"class_list":["post-460","page","type-page","status-publish","hentry"],"_links":{"self":[{"href":"https:\/\/sereconnecteralavie.com\/index.php\/wp-json\/wp\/v2\/pages\/460","targetHints":{"allow":["GET"]}}],"collection":[{"href":"https:\/\/sereconnecteralavie.com\/index.php\/wp-json\/wp\/v2\/pages"}],"about":[{"href":"https:\/\/sereconnecteralavie.com\/index.php\/wp-json\/wp\/v2\/types\/page"}],"author":[{"embeddable":true,"href":"https:\/\/sereconnecteralavie.com\/index.php\/wp-json\/wp\/v2\/users\/1"}],"replies":[{"embeddable":true,"href":"https:\/\/sereconnecteralavie.com\/index.php\/wp-json\/wp\/v2\/comments?post=460"}],"version-history":[{"count":2,"href":"https:\/\/sereconnecteralavie.com\/index.php\/wp-json\/wp\/v2\/pages\/460\/revisions"}],"predecessor-version":[{"id":463,"href":"https:\/\/sereconnecteralavie.com\/index.php\/wp-json\/wp\/v2\/pages\/460\/revisions\/463"}],"up":[{"embeddable":true,"href":"https:\/\/sereconnecteralavie.com\/index.php\/wp-json\/wp\/v2\/pages\/185"}],"wp:attachment":[{"href":"https:\/\/sereconnecteralavie.com\/index.php\/wp-json\/wp\/v2\/media?parent=460"}],"curies":[{"name":"wp","href":"https:\/\/api.w.org\/{rel}","templated":true}]}}