	{"id":455,"date":"2020-11-28T13:05:52","date_gmt":"2020-11-28T12:05:52","guid":{"rendered":"http:\/\/sereconnecteralavie.com\/?page_id=455"},"modified":"2024-10-31T23:45:44","modified_gmt":"2024-10-31T22:45:44","slug":"stefanie","status":"publish","type":"page","link":"https:\/\/sereconnecteralavie.com\/index.php\/livre-dor\/stefanie\/","title":{"rendered":"Livre d&rsquo;or"},"content":{"rendered":"\n<div class=\"wp-block-image\"><figure class=\"aligncenter size-large\"><img loading=\"lazy\" decoding=\"async\" width=\"240\" height=\"135\" src=\"http:\/\/sereconnecteralavie.com\/wp-content\/uploads\/2020\/11\/stefanie.jpg\" alt=\"\" class=\"wp-image-456\"\/><\/figure><\/div>\n\n\n\n<p>St\u00e9fanie, le 23 d\u00e9cembre 2016<br><br>Bonjour,<br><br><strong>Je tiens \u00e0 vous remercier pour ce que vous avez fait pour ma fille et pour moi-m\u00eame.<br>Elle a eu un nouveau d\u00e9clic cet \u00e9t\u00e9 et elle est tr\u00e8s \u00e9panouie.<\/strong> Aussi, depuis la rentr\u00e9e scolaire,<br>elle pr\u00e9sente une belle moyenne g\u00e9n\u00e9rale presque \u00e0 hauteur de celle de sa classe de CM1.<br><br>En ce qui me concerne, j&rsquo;ai enfin pu stopper mon traitement contre la d\u00e9pression.<br><br><strong>Je suis s\u00fbre qu&rsquo;avec les s\u00e9ances de kin\u00e9siologie et en plus avec ma Reconnexion Personnelle,<br>ma vie s&rsquo;est transform\u00e9e <\/strong>&#8230;.<br>Si le moral baisse, j&rsquo;arrive \u00e0 rebondir aussit\u00f4t, gr\u00e2ce aux outils que j&rsquo;ai appris avec vous<br><br>Je me sens plus forte pour affronter le p\u00e8re de mes enfants&#8230;.<strong>mes points n\u00e9gatifs se sont comme envol\u00e9s.<\/strong><br>Je suis toujours dans le positif dans ce que j&rsquo;entreprends et je r\u00e9alise que j&rsquo;ai beaucoup moins de d\u00e9ceptions.<br><br>J&rsquo;ai aussi beaucoup \u00e9volu\u00e9 et mes enfants se sentent plus en s\u00e9curit\u00e9 avec moi.<br>J&rsquo;ai pris une grande confiance en moi, ce qui m&rsquo;a permis de rencontrer un nouveau compagnon.<br>Il me reste une petite chose \u00e0 r\u00e9gler mon poids.<br><br>Merci beaucoup.<br>A bient\u00f4t.<\/p>\n\n\n\n<div class=\"wp-block-image\"><figure class=\"aligncenter size-large\"><img loading=\"lazy\" decoding=\"async\" width=\"333\" height=\"30\" src=\"http:\/\/sereconnecteralavie.com\/wp-content\/uploads\/2020\/11\/paragr.gif\" alt=\"\" class=\"wp-image-266\"\/><\/figure><\/div>\n","protected":false},"excerpt":{"rendered":"<p>St\u00e9fanie, le 23 d\u00e9cembre 2016 Bonjour, Je tiens \u00e0 vous remercier pour ce que vous avez fait pour ma fille et pour moi-m\u00eame.Elle a eu un nouveau d\u00e9clic cet \u00e9t\u00e9 et elle est tr\u00e8s \u00e9panouie. Aussi, depuis la rentr\u00e9e scolaire,elle pr\u00e9sente une belle moyenne g\u00e9n\u00e9rale presque \u00e0 hauteur de celle de sa classe de CM1. &hellip; <\/p>\n<p class=\"link-more\"><a href=\"https:\/\/sereconnecteralavie.com\/index.php\/livre-dor\/stefanie\/\" class=\"more-link\">Continuer la lecture<span class=\"screen-reader-text\"> de &laquo;&nbsp;Livre d&rsquo;or&nbsp;&raquo;<\/span><\/a><\/p>\n","protected":false},"author":1,"featured_media":0,"parent":185,"menu_order":0,"comment_status":"closed","ping_status":"closed","template":"","meta":{"footnotes":""},"class_list":["post-455","page","type-page","status-publish","hentry"],"_links":{"self":[{"href":"https:\/\/sereconnecteralavie.com\/index.php\/wp-json\/wp\/v2\/pages\/455","targetHints":{"allow":["GET"]}}],"collection":[{"href":"https:\/\/sereconnecteralavie.com\/index.php\/wp-json\/wp\/v2\/pages"}],"about":[{"href":"https:\/\/sereconnecteralavie.com\/index.php\/wp-json\/wp\/v2\/types\/page"}],"author":[{"embeddable":true,"href":"https:\/\/sereconnecteralavie.com\/index.php\/wp-json\/wp\/v2\/users\/1"}],"replies":[{"embeddable":true,"href":"https:\/\/sereconnecteralavie.com\/index.php\/wp-json\/wp\/v2\/comments?post=455"}],"version-history":[{"count":2,"href":"https:\/\/sereconnecteralavie.com\/index.php\/wp-json\/wp\/v2\/pages\/455\/revisions"}],"predecessor-version":[{"id":458,"href":"https:\/\/sereconnecteralavie.com\/index.php\/wp-json\/wp\/v2\/pages\/455\/revisions\/458"}],"up":[{"embeddable":true,"href":"https:\/\/sereconnecteralavie.com\/index.php\/wp-json\/wp\/v2\/pages\/185"}],"wp:attachment":[{"href":"https:\/\/sereconnecteralavie.com\/index.php\/wp-json\/wp\/v2\/media?parent=455"}],"curies":[{"name":"wp","href":"https:\/\/api.w.org\/{rel}","templated":true}]}}