	{"id":450,"date":"2020-11-28T12:58:57","date_gmt":"2020-11-28T11:58:57","guid":{"rendered":"http:\/\/sereconnecteralavie.com\/?page_id=450"},"modified":"2024-10-31T23:45:37","modified_gmt":"2024-10-31T22:45:37","slug":"jean-francois","status":"publish","type":"page","link":"https:\/\/sereconnecteralavie.com\/index.php\/livre-dor\/jean-francois\/","title":{"rendered":"Livre d&rsquo;or"},"content":{"rendered":"\n<div class=\"wp-block-image\"><figure class=\"aligncenter size-large\"><img loading=\"lazy\" decoding=\"async\" width=\"180\" height=\"160\" src=\"http:\/\/sereconnecteralavie.com\/wp-content\/uploads\/2020\/11\/jef1.jpg\" alt=\"\" class=\"wp-image-451\"\/><\/figure><\/div>\n\n\n\n<p>Jean-Fran\u00e7ois, le 23 d\u00e9cembre 2016<br><br><strong>Je vous recontacte pour vous remercier,<br>je n ai plus de douleur \u00e0 l&rsquo;\u00e9paule et \u00e0 la main ,<\/strong><br><br>ce qui m&rsquo;a permis d&rsquo;arr\u00eater d\u00e8s le premier soin reconnectif les anti-inflammatoires que je prenais depuis tant d&rsquo;ann\u00e9es, suite \u00e0 cet accident avec un arbre.<br>Ma femme et moi, nous vous souhaitons de joyeuses f\u00eates de fin d&rsquo;ann\u00e9e.<br><br>Cordialement<\/p>\n\n\n\n<div class=\"wp-block-image\"><figure class=\"aligncenter size-large\"><img loading=\"lazy\" decoding=\"async\" width=\"333\" height=\"30\" src=\"http:\/\/sereconnecteralavie.com\/wp-content\/uploads\/2020\/11\/paragr.gif\" alt=\"\" class=\"wp-image-266\"\/><\/figure><\/div>\n","protected":false},"excerpt":{"rendered":"<p>Jean-Fran\u00e7ois, le 23 d\u00e9cembre 2016 Je vous recontacte pour vous remercier,je n ai plus de douleur \u00e0 l&rsquo;\u00e9paule et \u00e0 la main , ce qui m&rsquo;a permis d&rsquo;arr\u00eater d\u00e8s le premier soin reconnectif les anti-inflammatoires que je prenais depuis tant d&rsquo;ann\u00e9es, suite \u00e0 cet accident avec un arbre.Ma femme et moi, nous vous souhaitons de &hellip; <\/p>\n<p class=\"link-more\"><a href=\"https:\/\/sereconnecteralavie.com\/index.php\/livre-dor\/jean-francois\/\" class=\"more-link\">Continuer la lecture<span class=\"screen-reader-text\"> de &laquo;&nbsp;Livre d&rsquo;or&nbsp;&raquo;<\/span><\/a><\/p>\n","protected":false},"author":1,"featured_media":0,"parent":185,"menu_order":0,"comment_status":"closed","ping_status":"closed","template":"","meta":{"footnotes":""},"class_list":["post-450","page","type-page","status-publish","hentry"],"_links":{"self":[{"href":"https:\/\/sereconnecteralavie.com\/index.php\/wp-json\/wp\/v2\/pages\/450","targetHints":{"allow":["GET"]}}],"collection":[{"href":"https:\/\/sereconnecteralavie.com\/index.php\/wp-json\/wp\/v2\/pages"}],"about":[{"href":"https:\/\/sereconnecteralavie.com\/index.php\/wp-json\/wp\/v2\/types\/page"}],"author":[{"embeddable":true,"href":"https:\/\/sereconnecteralavie.com\/index.php\/wp-json\/wp\/v2\/users\/1"}],"replies":[{"embeddable":true,"href":"https:\/\/sereconnecteralavie.com\/index.php\/wp-json\/wp\/v2\/comments?post=450"}],"version-history":[{"count":3,"href":"https:\/\/sereconnecteralavie.com\/index.php\/wp-json\/wp\/v2\/pages\/450\/revisions"}],"predecessor-version":[{"id":561,"href":"https:\/\/sereconnecteralavie.com\/index.php\/wp-json\/wp\/v2\/pages\/450\/revisions\/561"}],"up":[{"embeddable":true,"href":"https:\/\/sereconnecteralavie.com\/index.php\/wp-json\/wp\/v2\/pages\/185"}],"wp:attachment":[{"href":"https:\/\/sereconnecteralavie.com\/index.php\/wp-json\/wp\/v2\/media?parent=450"}],"curies":[{"name":"wp","href":"https:\/\/api.w.org\/{rel}","templated":true}]}}