	{"id":443,"date":"2020-11-28T12:43:50","date_gmt":"2020-11-28T11:43:50","guid":{"rendered":"http:\/\/sereconnecteralavie.com\/?page_id=443"},"modified":"2024-10-31T23:45:30","modified_gmt":"2024-10-31T22:45:30","slug":"dominique","status":"publish","type":"page","link":"https:\/\/sereconnecteralavie.com\/index.php\/livre-dor\/dominique\/","title":{"rendered":"Livre d&rsquo;or"},"content":{"rendered":"\n<div class=\"wp-block-image\"><figure class=\"aligncenter size-large is-resized\"><img decoding=\"async\" src=\"http:\/\/sereconnecteralavie.com\/wp-content\/uploads\/2020\/11\/domimage.jpg\" alt=\"\" class=\"wp-image-446\" width=\"260\"\/><\/figure><\/div>\n\n\n\n<p>Dominique, le 1er D\u00e9cembre 2016<br><br>Sur conseils d&rsquo;une amie , j&rsquo;ai \u00e9t\u00e9 de suite voir Mme Cacquevel en consultation :<br>ayant subi plusieurs \u00e9v\u00e8nements successifs durant l&rsquo;ann\u00e9e 2015, <strong>il m&rsquo;a fallu une reconstruction physique et mentale donc une aide,<\/strong> car seule, cela est tr\u00e8s difficile,(il faut accepter de se faire aider), donc soutenue par des professionneles car c&rsquo;est leur profession.<br><br>Je ne pouvais pas m&rsquo;en sortir seule apr\u00e8s un burn-out, une s\u00e9paration, un d\u00e9m\u00e9nagement, une d\u00e9pression nerveuse, un d\u00e9but d&rsquo;alcoolisme, un accident de moto et un mal-\u00eatre int\u00e9rieur qui s&rsquo;installait petit \u00e0 petit, jour apr\u00e8s jour.<br><br><strong>Mme Cacquevel a tout de suite cern\u00e9 tous mes probl\u00e8mes dont un stress post-traumatique, la premi\u00e8re s\u00e9ance et une seule a suffit pour faire disparaitre cet \u00e9v\u00e8nement de mon esprit.<\/strong><br><br>Je recherchais du bien-\u00eatre, de la s\u00e9r\u00e9nit\u00e9, <strong>une deuxi\u00e8me s\u00e9ance m&rsquo;a permis de me mettre en \u00e9tat de qui\u00e9tude, de calme, de pl\u00e9nitude, ne plus penser \u00e0 rien , se sentir bien .<\/strong><br><br>Des douleurs cervicales sont apparues au quotidien, du matin jusqu&rsquo;au soir, pendant plusieurs mois, dues aux contractures de mes muscles, de mes nerfs, je planifiais mes journ\u00e9es en fonction de mes douleurs, donc un rythme de vie ralenti, plus envie de rien, la flemme de tout&#8230;&#8230;<br><br><strong>Lors de la troisi\u00e8me s\u00e9ance, Mme Cacquevel m&rsquo;a redonn\u00e9 de la vitalit\u00e9, m&rsquo;a soulag\u00e9 de mes douleurs cervicales et ce fut un vrai bonheur .<br>Je vis et je revis, <\/strong>je suis rassur\u00e9e \u00e9galement par ses paroles auxquelles j&rsquo;\u00e9tais tr\u00e8s r\u00e9ceptive, de bonnes explications, des r\u00e9ponses \u00e0 toutes mes questions pos\u00e9es.<br><br>On en ressort avec un \u00e9tat diff\u00e9rent mais positif,<strong> ce qui permet d&rsquo;avancer de nouveau dans une s\u00e9r\u00e9nit\u00e9 de corps et d&rsquo;esprit, \u00e9tat que je n&rsquo;ais jamais ressenti auparavant.<\/strong><br><br>Je tenais \u00e0 t\u00e9moigner car je ne connaissais pas cette profession, qui vaut tous les autres corps de m\u00e9tier.<br><strong>Je le conseille vivement et sinc\u00e8rement.<\/strong><br><br>Dominique de Lanvallay<\/p>\n\n\n\n<div class=\"wp-block-image\"><figure class=\"aligncenter size-large\"><img loading=\"lazy\" decoding=\"async\" width=\"333\" height=\"30\" src=\"http:\/\/sereconnecteralavie.com\/wp-content\/uploads\/2020\/11\/paragr.gif\" alt=\"\" class=\"wp-image-266\"\/><\/figure><\/div>\n","protected":false},"excerpt":{"rendered":"<p>Dominique, le 1er D\u00e9cembre 2016 Sur conseils d&rsquo;une amie , j&rsquo;ai \u00e9t\u00e9 de suite voir Mme Cacquevel en consultation :ayant subi plusieurs \u00e9v\u00e8nements successifs durant l&rsquo;ann\u00e9e 2015, il m&rsquo;a fallu une reconstruction physique et mentale donc une aide, car seule, cela est tr\u00e8s difficile,(il faut accepter de se faire aider), donc soutenue par des professionneles &hellip; <\/p>\n<p class=\"link-more\"><a href=\"https:\/\/sereconnecteralavie.com\/index.php\/livre-dor\/dominique\/\" class=\"more-link\">Continuer la lecture<span class=\"screen-reader-text\"> de &laquo;&nbsp;Livre d&rsquo;or&nbsp;&raquo;<\/span><\/a><\/p>\n","protected":false},"author":1,"featured_media":0,"parent":185,"menu_order":0,"comment_status":"closed","ping_status":"closed","template":"","meta":{"footnotes":""},"class_list":["post-443","page","type-page","status-publish","hentry"],"_links":{"self":[{"href":"https:\/\/sereconnecteralavie.com\/index.php\/wp-json\/wp\/v2\/pages\/443","targetHints":{"allow":["GET"]}}],"collection":[{"href":"https:\/\/sereconnecteralavie.com\/index.php\/wp-json\/wp\/v2\/pages"}],"about":[{"href":"https:\/\/sereconnecteralavie.com\/index.php\/wp-json\/wp\/v2\/types\/page"}],"author":[{"embeddable":true,"href":"https:\/\/sereconnecteralavie.com\/index.php\/wp-json\/wp\/v2\/users\/1"}],"replies":[{"embeddable":true,"href":"https:\/\/sereconnecteralavie.com\/index.php\/wp-json\/wp\/v2\/comments?post=443"}],"version-history":[{"count":3,"href":"https:\/\/sereconnecteralavie.com\/index.php\/wp-json\/wp\/v2\/pages\/443\/revisions"}],"predecessor-version":[{"id":448,"href":"https:\/\/sereconnecteralavie.com\/index.php\/wp-json\/wp\/v2\/pages\/443\/revisions\/448"}],"up":[{"embeddable":true,"href":"https:\/\/sereconnecteralavie.com\/index.php\/wp-json\/wp\/v2\/pages\/185"}],"wp:attachment":[{"href":"https:\/\/sereconnecteralavie.com\/index.php\/wp-json\/wp\/v2\/media?parent=443"}],"curies":[{"name":"wp","href":"https:\/\/api.w.org\/{rel}","templated":true}]}}