	{"id":428,"date":"2020-11-28T12:27:28","date_gmt":"2020-11-28T11:27:28","guid":{"rendered":"http:\/\/sereconnecteralavie.com\/?page_id=428"},"modified":"2024-10-31T23:45:07","modified_gmt":"2024-10-31T22:45:07","slug":"xavier","status":"publish","type":"page","link":"https:\/\/sereconnecteralavie.com\/index.php\/livre-dor\/xavier\/","title":{"rendered":"Livre d&rsquo;or"},"content":{"rendered":"\n<div class=\"wp-block-image\"><figure class=\"aligncenter size-large\"><img loading=\"lazy\" decoding=\"async\" width=\"260\" height=\"145\" src=\"http:\/\/sereconnecteralavie.com\/wp-content\/uploads\/2020\/11\/xav.jpg\" alt=\"\" class=\"wp-image-429\"\/><\/figure><\/div>\n\n\n\n<p>Xavier, le 26 mars 2016,<br><br>Lors de mon premier soin reconnectif, je me suis senti comme clou\u00e9 \u00e0 la table et de fortes ondes sortaient de mon corps&#8230;<br>Je me suis assoupi pendant tout le restant de la s\u00e9ance&#8230;<br>Au r\u00e9veil, j&rsquo;\u00e9tais compl\u00e8tement groggy mais je me sentais tr\u00e8s l\u00e9ger&#8230;<br><br>Les deux autres consultations se sont d\u00e9roul\u00e9es \u00e0 peu pr\u00e8s similairement avec de belles couleurs vives (blanc, jaune, violet) en d\u00e9but de soin&#8230;<br><br>La reconnexion \u00e9tait compl\u00e8tement diff\u00e9rente dans le ressenti (\u00e0 part la sensation d&rsquo;\u00eatre clou\u00e9 sur la table)&#8230; la premi\u00e8re journ\u00e9e a \u00e9t\u00e9 <strong>tr\u00e8s \u00e9prouvante pour mon corps et en particulier pour mon c\u0153ur, comme si mon c\u0153ur commen\u00e7ait \u00e0 s&rsquo;expanser. Une douleur qui me faisait lever tout le torse de la table avec les mains et les pieds clou\u00e9s&#8230;<\/strong><br>Une tr\u00e8s forte sensation, puis \u00e0 la fin de la s\u00e9ance, le calme \u00e9tait de retour&#8230;<br><br>Catherine m&rsquo;a confi\u00e9 que c&rsquo;\u00e9tait la premi\u00e8re fois qu&rsquo;elle vivait cela&#8230;<br><br>La deuxi\u00e8me phase de reconnexion a commenc\u00e9 par des couleurs tr\u00e8s vives puis tr\u00e8s fortes douleurs dans la poitrine, ensuite tout mon corps ne faisait plus qu&rsquo;un avec la table&#8230;<br><strong>Cette exp\u00e9rience a permis la \u00ab\u00a0restructuration\u00a0\u00bb de mon corps, de mon \u00eatre, et enfin de m&rsquo;ouvrir \u00e0 l&rsquo;univers&#8230;<\/strong><br><br>Merci Catherine de m&rsquo;avoir repositionn\u00e9 sur mon chemin de vie&#8230;<\/p>\n\n\n\n<div class=\"wp-block-image\"><figure class=\"aligncenter size-large\"><img loading=\"lazy\" decoding=\"async\" width=\"333\" height=\"30\" src=\"http:\/\/sereconnecteralavie.com\/wp-content\/uploads\/2020\/11\/paragr.gif\" alt=\"\" class=\"wp-image-266\"\/><\/figure><\/div>\n","protected":false},"excerpt":{"rendered":"<p>Xavier, le 26 mars 2016, Lors de mon premier soin reconnectif, je me suis senti comme clou\u00e9 \u00e0 la table et de fortes ondes sortaient de mon corps&#8230;Je me suis assoupi pendant tout le restant de la s\u00e9ance&#8230;Au r\u00e9veil, j&rsquo;\u00e9tais compl\u00e8tement groggy mais je me sentais tr\u00e8s l\u00e9ger&#8230; Les deux autres consultations se sont d\u00e9roul\u00e9es &hellip; <\/p>\n<p class=\"link-more\"><a href=\"https:\/\/sereconnecteralavie.com\/index.php\/livre-dor\/xavier\/\" class=\"more-link\">Continuer la lecture<span class=\"screen-reader-text\"> de &laquo;&nbsp;Livre d&rsquo;or&nbsp;&raquo;<\/span><\/a><\/p>\n","protected":false},"author":1,"featured_media":0,"parent":185,"menu_order":0,"comment_status":"closed","ping_status":"closed","template":"","meta":{"footnotes":""},"class_list":["post-428","page","type-page","status-publish","hentry"],"_links":{"self":[{"href":"https:\/\/sereconnecteralavie.com\/index.php\/wp-json\/wp\/v2\/pages\/428","targetHints":{"allow":["GET"]}}],"collection":[{"href":"https:\/\/sereconnecteralavie.com\/index.php\/wp-json\/wp\/v2\/pages"}],"about":[{"href":"https:\/\/sereconnecteralavie.com\/index.php\/wp-json\/wp\/v2\/types\/page"}],"author":[{"embeddable":true,"href":"https:\/\/sereconnecteralavie.com\/index.php\/wp-json\/wp\/v2\/users\/1"}],"replies":[{"embeddable":true,"href":"https:\/\/sereconnecteralavie.com\/index.php\/wp-json\/wp\/v2\/comments?post=428"}],"version-history":[{"count":2,"href":"https:\/\/sereconnecteralavie.com\/index.php\/wp-json\/wp\/v2\/pages\/428\/revisions"}],"predecessor-version":[{"id":431,"href":"https:\/\/sereconnecteralavie.com\/index.php\/wp-json\/wp\/v2\/pages\/428\/revisions\/431"}],"up":[{"embeddable":true,"href":"https:\/\/sereconnecteralavie.com\/index.php\/wp-json\/wp\/v2\/pages\/185"}],"wp:attachment":[{"href":"https:\/\/sereconnecteralavie.com\/index.php\/wp-json\/wp\/v2\/media?parent=428"}],"curies":[{"name":"wp","href":"https:\/\/api.w.org\/{rel}","templated":true}]}}