	{"id":423,"date":"2020-11-28T12:22:49","date_gmt":"2020-11-28T11:22:49","guid":{"rendered":"http:\/\/sereconnecteralavie.com\/?page_id=423"},"modified":"2024-10-31T23:45:02","modified_gmt":"2024-10-31T22:45:02","slug":"manuel","status":"publish","type":"page","link":"https:\/\/sereconnecteralavie.com\/index.php\/livre-dor\/manuel\/","title":{"rendered":"Livre d&rsquo;or"},"content":{"rendered":"\n<div class=\"wp-block-image\"><figure class=\"aligncenter size-large\"><img loading=\"lazy\" decoding=\"async\" width=\"260\" height=\"145\" src=\"http:\/\/sereconnecteralavie.com\/wp-content\/uploads\/2020\/11\/manuel.jpg\" alt=\"\" class=\"wp-image-424\"\/><\/figure><\/div>\n\n\n\n<p>Manuel, le 23 mars 2016,<br><br>Atteint de phobie sociale, c&rsquo;est pour moi une anxi\u00e9t\u00e9 importante, souvent handicapante,<br>lorsque je suis confront\u00e9 avec des gens non familiers. De mani\u00e8re g\u00e9n\u00e9rale, j&rsquo;\u00e9vite les situations sociales comme les rencontres d&rsquo;amis, les sorties, le travail, etc&#8230;<br>Je me levais avec la boule au ventre, et parfois r\u00e9gurgitais mon petit-d\u00e9jeuner.<br>A cela, peuvent s&rsquo;ajouter d&rsquo;autres probl\u00e8mes sous-jacents comme l&rsquo;agoraphobie qui est la peur des foules. Donc ma vie quotidienne est beaucoup impact\u00e9e et c&rsquo;est tr\u00e8s handicapant.<br><br><strong>J&rsquo;ai toujours \u00e9t\u00e9 de nature r\u00e9serv\u00e9e et plut\u00f4t timide, mais jusqu&rsquo;au passage du BAC, je menais une vie quasi-normale.<\/strong><br>C&rsquo;est apr\u00e8s, en \u00e9tude sup\u00e9rieure que j&rsquo;ai tout arr\u00eat\u00e9 : finie l&rsquo;\u00e9cole, fini les copains et impossible de passer le permis de conduire&#8230; Je ne pouvais plus sortir de chez moi,<br>c&rsquo;est un peu la peur de la peur !<br><br>Bien que toujours suivi par mon g\u00e9n\u00e9raliste, j&rsquo;en suis \u00e0 ma 4e s\u00e9ance de kin\u00e9siologie,<br>chez Mme Cacquevel que ma m\u00e8re a d\u00e9couvert via internet.<br><strong>D\u00e8s la 1re s\u00e9ance, je faisais moins d&rsquo;angoisse chez moi.<br>Apr\u00e8s la 3e, j&rsquo;ai pu enfin me rendre aux cours de code. Ces s\u00e9ances me permettent d&rsquo;oser franchir la barri\u00e8re et d&rsquo;aller de l&rsquo;avant.<\/strong><br><br>Rass\u00e9r\u00e9n\u00e9e, Laurence ma m\u00e8re t\u00e9moigne :<\/p>\n\n\n\n<p><strong>\u00ab En tant que maman, je vois les progr\u00e8s qu&rsquo;il fait. Il est plus naturel et \u00e0 l&rsquo;aise dans certains lieux.<br>Je tiens \u00e0 remercier la th\u00e9rapeute, car nous avons trouv\u00e9 une personne tr\u00e8s humaine. Ne comptant pas son temps, elle est \u00e0 l&rsquo;\u00e9coute de mon fils et nous apporte des solutions concr\u00e8tes.<br>Une relation de confiance s&rsquo;est \u00e9tablie, pr\u00e9lude indispensable \u00e0 une gu\u00e9rison voulue conjointement,\u00a0\u00bb commente Laurence avec calme et s\u00e9r\u00e9nit\u00e9. Dans les semaines \u00e0 venir, \u00e7a va aller de mieux en mieux.\u00a0\u00bb<\/strong> conclut la maman rassur\u00e9e.<\/p>\n\n\n\n<div class=\"wp-block-image\"><figure class=\"aligncenter size-large\"><img loading=\"lazy\" decoding=\"async\" width=\"333\" height=\"30\" src=\"http:\/\/sereconnecteralavie.com\/wp-content\/uploads\/2020\/11\/paragr.gif\" alt=\"\" class=\"wp-image-266\"\/><\/figure><\/div>\n","protected":false},"excerpt":{"rendered":"<p>Manuel, le 23 mars 2016, Atteint de phobie sociale, c&rsquo;est pour moi une anxi\u00e9t\u00e9 importante, souvent handicapante,lorsque je suis confront\u00e9 avec des gens non familiers. De mani\u00e8re g\u00e9n\u00e9rale, j&rsquo;\u00e9vite les situations sociales comme les rencontres d&rsquo;amis, les sorties, le travail, etc&#8230;Je me levais avec la boule au ventre, et parfois r\u00e9gurgitais mon petit-d\u00e9jeuner.A cela, peuvent &hellip; <\/p>\n<p class=\"link-more\"><a href=\"https:\/\/sereconnecteralavie.com\/index.php\/livre-dor\/manuel\/\" class=\"more-link\">Continuer la lecture<span class=\"screen-reader-text\"> de &laquo;&nbsp;Livre d&rsquo;or&nbsp;&raquo;<\/span><\/a><\/p>\n","protected":false},"author":1,"featured_media":0,"parent":185,"menu_order":0,"comment_status":"closed","ping_status":"closed","template":"","meta":{"footnotes":""},"class_list":["post-423","page","type-page","status-publish","hentry"],"_links":{"self":[{"href":"https:\/\/sereconnecteralavie.com\/index.php\/wp-json\/wp\/v2\/pages\/423","targetHints":{"allow":["GET"]}}],"collection":[{"href":"https:\/\/sereconnecteralavie.com\/index.php\/wp-json\/wp\/v2\/pages"}],"about":[{"href":"https:\/\/sereconnecteralavie.com\/index.php\/wp-json\/wp\/v2\/types\/page"}],"author":[{"embeddable":true,"href":"https:\/\/sereconnecteralavie.com\/index.php\/wp-json\/wp\/v2\/users\/1"}],"replies":[{"embeddable":true,"href":"https:\/\/sereconnecteralavie.com\/index.php\/wp-json\/wp\/v2\/comments?post=423"}],"version-history":[{"count":3,"href":"https:\/\/sereconnecteralavie.com\/index.php\/wp-json\/wp\/v2\/pages\/423\/revisions"}],"predecessor-version":[{"id":562,"href":"https:\/\/sereconnecteralavie.com\/index.php\/wp-json\/wp\/v2\/pages\/423\/revisions\/562"}],"up":[{"embeddable":true,"href":"https:\/\/sereconnecteralavie.com\/index.php\/wp-json\/wp\/v2\/pages\/185"}],"wp:attachment":[{"href":"https:\/\/sereconnecteralavie.com\/index.php\/wp-json\/wp\/v2\/media?parent=423"}],"curies":[{"name":"wp","href":"https:\/\/api.w.org\/{rel}","templated":true}]}}