	{"id":413,"date":"2020-11-28T12:11:45","date_gmt":"2020-11-28T11:11:45","guid":{"rendered":"http:\/\/sereconnecteralavie.com\/?page_id=413"},"modified":"2024-10-31T23:44:50","modified_gmt":"2024-10-31T22:44:50","slug":"saja","status":"publish","type":"page","link":"https:\/\/sereconnecteralavie.com\/index.php\/livre-dor\/saja\/","title":{"rendered":"Livre d&rsquo;or"},"content":{"rendered":"\n<div class=\"wp-block-image\"><figure class=\"aligncenter size-large\"><img loading=\"lazy\" decoding=\"async\" width=\"240\" height=\"215\" src=\"http:\/\/sereconnecteralavie.com\/wp-content\/uploads\/2020\/11\/saja.jpg\" alt=\"\" class=\"wp-image-414\"\/><\/figure><\/div>\n\n\n\n<p>Saja, le 28 janvier 2016,<br><br>En lisant \u00ab\u00a0La reconnexion\u00a0\u00bb d&rsquo;Eric Pearl, j&rsquo;ai su imm\u00e9diatement que c&rsquo;est ce dont j&rsquo;avais besoin.<br><strong>J&rsquo;ai lanc\u00e9 un appel \u00e0 l&rsquo;univers&#8230; Et il t&rsquo;a mis sur ma route ch\u00e8re Catherine pour r\u00e9pondre \u00e0 ma demande.<\/strong><br><br><strong>Mes soins reconnectifs ainsi que ma reconnexion furent des exp\u00e9riences numineuses entour\u00e9es d&rsquo;\u00eatres de lumi\u00e8re \u0153uvrant pour ma r\u00e9paration et au c\u00e2blage de tous mes corps.<\/strong><br><br><strong>Ils ont apais\u00e9 mes souffrances physiques et morales en m&rsquo;apportant une confiance, une paix en moi ind\u00e9fectible,<br>qui m&rsquo;\u00e9tait inconnue jusqu&rsquo;\u00e0 lors, s&rsquo;amplifiant un peu plus chaque jour.<\/strong><br><br>Apr\u00e8s ses 3 soins et ma reconnexion, dans un grand calme, je suis rest\u00e9e alit\u00e9e \u00e0 dormir durant au moins 2 semaines pour, peu \u00e0 peu, retrouver une nouvelle \u00e9nergie calme, puissante, emprunt de s\u00e9r\u00e9nit\u00e9.<br>Puis tout c&rsquo;est acc\u00e9l\u00e9r\u00e9, j&rsquo;ai enfin trouv\u00e9 un nouveau logement, ai d\u00e9m\u00e9nag\u00e9 1 mois apr\u00e8s m&rsquo;\u00eatre reconnect\u00e9e, fait un m\u00e9nage de vie spectaculaire dans mes affaires, mes meubles, mes papiers&#8230;<br>et mes liens avec mon p\u00e8re se sont amplifi\u00e9s alors qu&rsquo;il habite \u00e0 l&rsquo;autre bout du monde.<br><strong>En somme de grands changements vers une nouvelle vie dans la confiance et la paix.<br>Et \u00e7a change tout.<\/strong><br>Je me sens plus proche de mon centre, des autres, de tout ce qui m&rsquo;entoure et j&rsquo;accepte ce que je suis.<br>Les \u00e9v\u00e9nements se g\u00e8rent avec un esprit plus calme et plus de recul.<br><strong>Mes facult\u00e9s physiques, psychiques, cognitives, sensitives&#8230; se restaurent et se d\u00e9veloppent.<\/strong><br>Et surtout, plus j&rsquo;ai confiance en moi, plus celle-ci vient a moi sous toutes ses formes.<br>Le processus d&rsquo;expansion continue son cours, en \u00e9tant \u00e0 ma place parmi le tout et sur ma voie, pour ma plus grande joie que j&rsquo;illustre par cette image car <strong>elle repr\u00e9sente mon exp\u00e9rience de reconnexion qui s&rsquo;expanse d&rsquo;instant en instant.<\/strong><br><br>Il me vient cette maxime du philosophe Anaxagore sur l&rsquo;\u00eatre et mati\u00e8re reprise plus tard par de Lavoisier<br>par cette phrase bien connue <strong>\u00a0\u00bb Rien ne se perd, rien ne se cr\u00e9e, tout se transforme\u00a0\u00bb.<\/strong><br>La voici : \u00ab Rien ne na\u00eet ni ne p\u00e9rit, mais des choses d\u00e9j\u00e0 existantes se combinent, puis se s\u00e9parent de nouveau. \u00bb<br><br><strong>Je remercie chaque jour pour cette r\u00e9paration, transformation, nouvelle combinaison de mon \u00eatre en confiance vers l&rsquo;au de-l\u00e0 et l&rsquo;infini.<br>Merci infiniment.<\/strong><br><br>Saja<\/p>\n\n\n\n<div class=\"wp-block-image\"><figure class=\"aligncenter size-large\"><img loading=\"lazy\" decoding=\"async\" width=\"333\" height=\"30\" src=\"http:\/\/sereconnecteralavie.com\/wp-content\/uploads\/2020\/11\/paragr.gif\" alt=\"\" class=\"wp-image-266\"\/><\/figure><\/div>\n","protected":false},"excerpt":{"rendered":"<p>Saja, le 28 janvier 2016, En lisant \u00ab\u00a0La reconnexion\u00a0\u00bb d&rsquo;Eric Pearl, j&rsquo;ai su imm\u00e9diatement que c&rsquo;est ce dont j&rsquo;avais besoin.J&rsquo;ai lanc\u00e9 un appel \u00e0 l&rsquo;univers&#8230; Et il t&rsquo;a mis sur ma route ch\u00e8re Catherine pour r\u00e9pondre \u00e0 ma demande. Mes soins reconnectifs ainsi que ma reconnexion furent des exp\u00e9riences numineuses entour\u00e9es d&rsquo;\u00eatres de lumi\u00e8re \u0153uvrant &hellip; <\/p>\n<p class=\"link-more\"><a href=\"https:\/\/sereconnecteralavie.com\/index.php\/livre-dor\/saja\/\" class=\"more-link\">Continuer la lecture<span class=\"screen-reader-text\"> de &laquo;&nbsp;Livre d&rsquo;or&nbsp;&raquo;<\/span><\/a><\/p>\n","protected":false},"author":1,"featured_media":0,"parent":185,"menu_order":0,"comment_status":"closed","ping_status":"closed","template":"","meta":{"footnotes":""},"class_list":["post-413","page","type-page","status-publish","hentry"],"_links":{"self":[{"href":"https:\/\/sereconnecteralavie.com\/index.php\/wp-json\/wp\/v2\/pages\/413","targetHints":{"allow":["GET"]}}],"collection":[{"href":"https:\/\/sereconnecteralavie.com\/index.php\/wp-json\/wp\/v2\/pages"}],"about":[{"href":"https:\/\/sereconnecteralavie.com\/index.php\/wp-json\/wp\/v2\/types\/page"}],"author":[{"embeddable":true,"href":"https:\/\/sereconnecteralavie.com\/index.php\/wp-json\/wp\/v2\/users\/1"}],"replies":[{"embeddable":true,"href":"https:\/\/sereconnecteralavie.com\/index.php\/wp-json\/wp\/v2\/comments?post=413"}],"version-history":[{"count":2,"href":"https:\/\/sereconnecteralavie.com\/index.php\/wp-json\/wp\/v2\/pages\/413\/revisions"}],"predecessor-version":[{"id":416,"href":"https:\/\/sereconnecteralavie.com\/index.php\/wp-json\/wp\/v2\/pages\/413\/revisions\/416"}],"up":[{"embeddable":true,"href":"https:\/\/sereconnecteralavie.com\/index.php\/wp-json\/wp\/v2\/pages\/185"}],"wp:attachment":[{"href":"https:\/\/sereconnecteralavie.com\/index.php\/wp-json\/wp\/v2\/media?parent=413"}],"curies":[{"name":"wp","href":"https:\/\/api.w.org\/{rel}","templated":true}]}}