	{"id":403,"date":"2020-11-28T11:59:35","date_gmt":"2020-11-28T10:59:35","guid":{"rendered":"http:\/\/sereconnecteralavie.com\/?page_id=403"},"modified":"2024-10-31T23:44:30","modified_gmt":"2024-10-31T22:44:30","slug":"angele","status":"publish","type":"page","link":"https:\/\/sereconnecteralavie.com\/index.php\/livre-dor\/angele\/","title":{"rendered":"Livre d&rsquo;or"},"content":{"rendered":"\n<div class=\"wp-block-image\"><figure class=\"aligncenter size-large\"><img loading=\"lazy\" decoding=\"async\" width=\"260\" height=\"135\" src=\"http:\/\/sereconnecteralavie.com\/wp-content\/uploads\/2020\/11\/angele.jpg\" alt=\"\" class=\"wp-image-404\"\/><\/figure><\/div>\n\n\n\n<p>Ang\u00e8le, le 21 d\u00e9cembre 2019<br><br>Catherine,<br><br><strong>Mon mari et moi-m\u00eame sommes ravis de vous avoir rencontr\u00e9e.<br>Notre vie de couple est transform\u00e9e<\/strong>&#8230;.<br>Je suis \u00e9tonn\u00e9e de voir comment j&rsquo;ai g\u00e9r\u00e9 le d\u00e9c\u00e8s de ma maman que j&rsquo;aimais tant.<br>J&rsquo;ai r\u00e9ussi \u00e0 bien accepter son d\u00e9part alors qu&rsquo;avant de vous conna\u00eetre cela m&rsquo;aurait \u00e9t\u00e9 trop insurmontable.<br><br><strong>Pour mon conjoint, qui a fait sa Reconnexion Personnelle avec vous,<\/strong><br>je suis tous les jours \u00e9blouie de voir comment il avance,<br>d&rsquo;observer des changements positifs qui lui sont tr\u00e8s b\u00e9n\u00e9fiques&#8230;.<br><strong>Tout cela pour nous deux, gr\u00e2ce \u00e0 vous et \u00e0 votre aide,<\/strong> je vous en serai toujours reconnaissante.<br><br>Encore Merci, Tr\u00e8s cordialement.<br><br>Meilleurs Voeux pour 2016.<\/p>\n\n\n\n<div class=\"wp-block-image\"><figure class=\"aligncenter size-large\"><img loading=\"lazy\" decoding=\"async\" width=\"333\" height=\"30\" src=\"http:\/\/sereconnecteralavie.com\/wp-content\/uploads\/2020\/11\/paragr.gif\" alt=\"\" class=\"wp-image-266\"\/><\/figure><\/div>\n","protected":false},"excerpt":{"rendered":"<p>Ang\u00e8le, le 21 d\u00e9cembre 2019 Catherine, Mon mari et moi-m\u00eame sommes ravis de vous avoir rencontr\u00e9e.Notre vie de couple est transform\u00e9e&#8230;.Je suis \u00e9tonn\u00e9e de voir comment j&rsquo;ai g\u00e9r\u00e9 le d\u00e9c\u00e8s de ma maman que j&rsquo;aimais tant.J&rsquo;ai r\u00e9ussi \u00e0 bien accepter son d\u00e9part alors qu&rsquo;avant de vous conna\u00eetre cela m&rsquo;aurait \u00e9t\u00e9 trop insurmontable. Pour mon conjoint, &hellip; <\/p>\n<p class=\"link-more\"><a href=\"https:\/\/sereconnecteralavie.com\/index.php\/livre-dor\/angele\/\" class=\"more-link\">Continuer la lecture<span class=\"screen-reader-text\"> de &laquo;&nbsp;Livre d&rsquo;or&nbsp;&raquo;<\/span><\/a><\/p>\n","protected":false},"author":1,"featured_media":0,"parent":185,"menu_order":0,"comment_status":"closed","ping_status":"closed","template":"","meta":{"footnotes":""},"class_list":["post-403","page","type-page","status-publish","hentry"],"_links":{"self":[{"href":"https:\/\/sereconnecteralavie.com\/index.php\/wp-json\/wp\/v2\/pages\/403","targetHints":{"allow":["GET"]}}],"collection":[{"href":"https:\/\/sereconnecteralavie.com\/index.php\/wp-json\/wp\/v2\/pages"}],"about":[{"href":"https:\/\/sereconnecteralavie.com\/index.php\/wp-json\/wp\/v2\/types\/page"}],"author":[{"embeddable":true,"href":"https:\/\/sereconnecteralavie.com\/index.php\/wp-json\/wp\/v2\/users\/1"}],"replies":[{"embeddable":true,"href":"https:\/\/sereconnecteralavie.com\/index.php\/wp-json\/wp\/v2\/comments?post=403"}],"version-history":[{"count":3,"href":"https:\/\/sereconnecteralavie.com\/index.php\/wp-json\/wp\/v2\/pages\/403\/revisions"}],"predecessor-version":[{"id":566,"href":"https:\/\/sereconnecteralavie.com\/index.php\/wp-json\/wp\/v2\/pages\/403\/revisions\/566"}],"up":[{"embeddable":true,"href":"https:\/\/sereconnecteralavie.com\/index.php\/wp-json\/wp\/v2\/pages\/185"}],"wp:attachment":[{"href":"https:\/\/sereconnecteralavie.com\/index.php\/wp-json\/wp\/v2\/media?parent=403"}],"curies":[{"name":"wp","href":"https:\/\/api.w.org\/{rel}","templated":true}]}}