	{"id":383,"date":"2020-11-28T11:21:57","date_gmt":"2020-11-28T10:21:57","guid":{"rendered":"http:\/\/sereconnecteralavie.com\/?page_id=383"},"modified":"2024-10-31T23:43:56","modified_gmt":"2024-10-31T22:43:56","slug":"stephanie","status":"publish","type":"page","link":"https:\/\/sereconnecteralavie.com\/index.php\/livre-dor\/stephanie\/","title":{"rendered":"Livre d&rsquo;or"},"content":{"rendered":"\n<div class=\"wp-block-image\"><figure class=\"aligncenter size-large\"><img loading=\"lazy\" decoding=\"async\" width=\"220\" height=\"145\" src=\"http:\/\/sereconnecteralavie.com\/wp-content\/uploads\/2020\/11\/stephanie.jpg\" alt=\"\" class=\"wp-image-384\"\/><\/figure><\/div>\n\n\n\n<p>St\u00e9phanie, le 19 avril 2019<br><br>Merci encore pour ton soin. La douleur est partie de suite et apr\u00e8s j&rsquo;\u00e9tais \u00e0 fleur de peau, les larmes aux yeux&#8230;<br><br><strong>Je suis vraiment connect\u00e9e \u00e0 toi ma Chamane.<br>Merci d&rsquo;\u00eatre venue dans mon magasin \u00ab Kali Rose \u00bb<br>Ah super&#8230;.je suis contente de cette lib\u00e9ration.<br>Merci pour ton soin&#8230;<br>C&rsquo;est g\u00e9nial.<\/strong><br>Portes toi bien.<\/p>\n\n\n\n<div class=\"wp-block-image\"><figure class=\"aligncenter size-large\"><img loading=\"lazy\" decoding=\"async\" width=\"333\" height=\"30\" src=\"http:\/\/sereconnecteralavie.com\/wp-content\/uploads\/2020\/11\/paragr.gif\" alt=\"\" class=\"wp-image-266\"\/><\/figure><\/div>\n","protected":false},"excerpt":{"rendered":"<p>St\u00e9phanie, le 19 avril 2019 Merci encore pour ton soin. La douleur est partie de suite et apr\u00e8s j&rsquo;\u00e9tais \u00e0 fleur de peau, les larmes aux yeux&#8230; Je suis vraiment connect\u00e9e \u00e0 toi ma Chamane.Merci d&rsquo;\u00eatre venue dans mon magasin \u00ab Kali Rose \u00bbAh super&#8230;.je suis contente de cette lib\u00e9ration.Merci pour ton soin&#8230;C&rsquo;est g\u00e9nial.Portes toi &hellip; <\/p>\n<p class=\"link-more\"><a href=\"https:\/\/sereconnecteralavie.com\/index.php\/livre-dor\/stephanie\/\" class=\"more-link\">Continuer la lecture<span class=\"screen-reader-text\"> de &laquo;&nbsp;Livre d&rsquo;or&nbsp;&raquo;<\/span><\/a><\/p>\n","protected":false},"author":1,"featured_media":0,"parent":185,"menu_order":0,"comment_status":"closed","ping_status":"closed","template":"","meta":{"footnotes":""},"class_list":["post-383","page","type-page","status-publish","hentry"],"_links":{"self":[{"href":"https:\/\/sereconnecteralavie.com\/index.php\/wp-json\/wp\/v2\/pages\/383","targetHints":{"allow":["GET"]}}],"collection":[{"href":"https:\/\/sereconnecteralavie.com\/index.php\/wp-json\/wp\/v2\/pages"}],"about":[{"href":"https:\/\/sereconnecteralavie.com\/index.php\/wp-json\/wp\/v2\/types\/page"}],"author":[{"embeddable":true,"href":"https:\/\/sereconnecteralavie.com\/index.php\/wp-json\/wp\/v2\/users\/1"}],"replies":[{"embeddable":true,"href":"https:\/\/sereconnecteralavie.com\/index.php\/wp-json\/wp\/v2\/comments?post=383"}],"version-history":[{"count":3,"href":"https:\/\/sereconnecteralavie.com\/index.php\/wp-json\/wp\/v2\/pages\/383\/revisions"}],"predecessor-version":[{"id":570,"href":"https:\/\/sereconnecteralavie.com\/index.php\/wp-json\/wp\/v2\/pages\/383\/revisions\/570"}],"up":[{"embeddable":true,"href":"https:\/\/sereconnecteralavie.com\/index.php\/wp-json\/wp\/v2\/pages\/185"}],"wp:attachment":[{"href":"https:\/\/sereconnecteralavie.com\/index.php\/wp-json\/wp\/v2\/media?parent=383"}],"curies":[{"name":"wp","href":"https:\/\/api.w.org\/{rel}","templated":true}]}}