	{"id":377,"date":"2020-11-28T11:13:04","date_gmt":"2020-11-28T10:13:04","guid":{"rendered":"http:\/\/sereconnecteralavie.com\/?page_id=377"},"modified":"2024-10-31T23:43:45","modified_gmt":"2024-10-31T22:43:45","slug":"tifene","status":"publish","type":"page","link":"https:\/\/sereconnecteralavie.com\/index.php\/livre-dor\/tifene\/","title":{"rendered":"Livre d&rsquo;or"},"content":{"rendered":"\n<div class=\"wp-block-image\"><figure class=\"aligncenter size-large\"><img loading=\"lazy\" decoding=\"async\" width=\"260\" height=\"135\" src=\"http:\/\/sereconnecteralavie.com\/wp-content\/uploads\/2020\/11\/tifene.jpg\" alt=\"\" class=\"wp-image-378\"\/><\/figure><\/div>\n\n\n\n<p>Tif\u00e8ne, le 13 Mars 2019<br><br>\u00ab Bonjour Catherine,<br><br><strong>Se reconnecter \u00e0 la vie. On en comprend tout le sens en s&rsquo;impr\u00e9gnant de ton exp\u00e9rience, de ton t\u00e9moignage et du livre d&rsquo;or.<\/strong><br><br>Je t&rsquo;ai red\u00e9couverte \u00e0 travers ton t\u00e9moignage. Sa lecture m&rsquo;a beaucoup \u00e9mu. ce que je trouve essentiel, c&rsquo;est de pouvoir s&rsquo;identifier \u00e0 ton parcours. et oui nous sommes identiques. Nous nous levons tous un jour en se demandant pourquoi nous sommes ici,&#8230; Ton exp\u00e9rience exprime ta force et ton courage. <strong>Il exprime surtout le fait que tout est possible, que la vie est sacr\u00e9e et ainsi chaque individu l&rsquo;est de m\u00eame.<\/strong><br><br><strong>D&rsquo;un point de vue ext\u00e9rieur, cela donne vraiment envie de venir vers toi afin d&rsquo;entamer ce voyage, cette reconnection sacr\u00e9e.<\/strong> De mon point de vue et pour avoir eu la chance de te rencontrer, pour avoir encore aujourd&rsquo;hui la chance de pouvoir profiter de tes dons, je me sens profond\u00e9ment en lien et en accord avec tes transmissions, tes dons,&#8230; Je trouve que ton site repr\u00e9sente tr\u00e8s bien ton intention, ta gentillesse et ton implication.\u00a0\u00bb<br><br>F\u00e9licitations!<\/p>\n\n\n\n<div class=\"wp-block-image\"><figure class=\"aligncenter size-large\"><img loading=\"lazy\" decoding=\"async\" width=\"333\" height=\"30\" src=\"http:\/\/sereconnecteralavie.com\/wp-content\/uploads\/2020\/11\/paragr.gif\" alt=\"\" class=\"wp-image-266\"\/><\/figure><\/div>\n","protected":false},"excerpt":{"rendered":"<p>Tif\u00e8ne, le 13 Mars 2019 \u00ab Bonjour Catherine, Se reconnecter \u00e0 la vie. On en comprend tout le sens en s&rsquo;impr\u00e9gnant de ton exp\u00e9rience, de ton t\u00e9moignage et du livre d&rsquo;or. Je t&rsquo;ai red\u00e9couverte \u00e0 travers ton t\u00e9moignage. Sa lecture m&rsquo;a beaucoup \u00e9mu. ce que je trouve essentiel, c&rsquo;est de pouvoir s&rsquo;identifier \u00e0 ton parcours. &hellip; <\/p>\n<p class=\"link-more\"><a href=\"https:\/\/sereconnecteralavie.com\/index.php\/livre-dor\/tifene\/\" class=\"more-link\">Continuer la lecture<span class=\"screen-reader-text\"> de &laquo;&nbsp;Livre d&rsquo;or&nbsp;&raquo;<\/span><\/a><\/p>\n","protected":false},"author":1,"featured_media":0,"parent":185,"menu_order":0,"comment_status":"closed","ping_status":"closed","template":"","meta":{"footnotes":""},"class_list":["post-377","page","type-page","status-publish","hentry"],"_links":{"self":[{"href":"https:\/\/sereconnecteralavie.com\/index.php\/wp-json\/wp\/v2\/pages\/377","targetHints":{"allow":["GET"]}}],"collection":[{"href":"https:\/\/sereconnecteralavie.com\/index.php\/wp-json\/wp\/v2\/pages"}],"about":[{"href":"https:\/\/sereconnecteralavie.com\/index.php\/wp-json\/wp\/v2\/types\/page"}],"author":[{"embeddable":true,"href":"https:\/\/sereconnecteralavie.com\/index.php\/wp-json\/wp\/v2\/users\/1"}],"replies":[{"embeddable":true,"href":"https:\/\/sereconnecteralavie.com\/index.php\/wp-json\/wp\/v2\/comments?post=377"}],"version-history":[{"count":4,"href":"https:\/\/sereconnecteralavie.com\/index.php\/wp-json\/wp\/v2\/pages\/377\/revisions"}],"predecessor-version":[{"id":571,"href":"https:\/\/sereconnecteralavie.com\/index.php\/wp-json\/wp\/v2\/pages\/377\/revisions\/571"}],"up":[{"embeddable":true,"href":"https:\/\/sereconnecteralavie.com\/index.php\/wp-json\/wp\/v2\/pages\/185"}],"wp:attachment":[{"href":"https:\/\/sereconnecteralavie.com\/index.php\/wp-json\/wp\/v2\/media?parent=377"}],"curies":[{"name":"wp","href":"https:\/\/api.w.org\/{rel}","templated":true}]}}