	{"id":366,"date":"2020-11-28T02:25:23","date_gmt":"2020-11-28T01:25:23","guid":{"rendered":"http:\/\/sereconnecteralavie.com\/?page_id=366"},"modified":"2024-10-31T23:43:33","modified_gmt":"2024-10-31T22:43:33","slug":"nicolas","status":"publish","type":"page","link":"https:\/\/sereconnecteralavie.com\/index.php\/livre-dor\/nicolas\/","title":{"rendered":"Livre d&rsquo;or"},"content":{"rendered":"\n<div class=\"wp-block-image\"><figure class=\"aligncenter size-large\"><img loading=\"lazy\" decoding=\"async\" width=\"270\" height=\"175\" src=\"http:\/\/sereconnecteralavie.com\/wp-content\/uploads\/2020\/11\/nicolas.jpg\" alt=\"\" class=\"wp-image-367\"\/><\/figure><\/div>\n\n\n\n<p>Nicolas, le 5 janvier 2019<br><br>Bonjour Catherine<br><br>Je te souhaite une belle et joyeuse ann\u00e9e 2015.<br>Qu&rsquo;elle soit le reflet de celle que tu es vraiment.<br><br>Merci aussi pour tout ce que tu fais pour Terre et tous ceux qui la peuplent.<br><strong>Tout comme nos fr\u00e8res et s\u0153urs dauphins et baleines tu transmets tes fr\u00e9quences de gu\u00e9rison et participes par cons\u00e9quent \u00e0 l&rsquo;\u00e9l\u00e9vation des vibrations de la plan\u00e8te.<\/strong><br><br>Merci donc d&rsquo;\u00eatre toi m\u00eame tout simplement.<br><br>A bient\u00f4t en 2015<\/p>\n\n\n\n<div class=\"wp-block-image\"><figure class=\"aligncenter size-large\"><img loading=\"lazy\" decoding=\"async\" width=\"333\" height=\"30\" src=\"http:\/\/sereconnecteralavie.com\/wp-content\/uploads\/2020\/11\/paragr.gif\" alt=\"\" class=\"wp-image-266\"\/><\/figure><\/div>\n","protected":false},"excerpt":{"rendered":"<p>Nicolas, le 5 janvier 2019 Bonjour Catherine Je te souhaite une belle et joyeuse ann\u00e9e 2015.Qu&rsquo;elle soit le reflet de celle que tu es vraiment. Merci aussi pour tout ce que tu fais pour Terre et tous ceux qui la peuplent.Tout comme nos fr\u00e8res et s\u0153urs dauphins et baleines tu transmets tes fr\u00e9quences de gu\u00e9rison &hellip; <\/p>\n<p class=\"link-more\"><a href=\"https:\/\/sereconnecteralavie.com\/index.php\/livre-dor\/nicolas\/\" class=\"more-link\">Continuer la lecture<span class=\"screen-reader-text\"> de &laquo;&nbsp;Livre d&rsquo;or&nbsp;&raquo;<\/span><\/a><\/p>\n","protected":false},"author":1,"featured_media":0,"parent":185,"menu_order":0,"comment_status":"closed","ping_status":"closed","template":"","meta":{"footnotes":""},"class_list":["post-366","page","type-page","status-publish","hentry"],"_links":{"self":[{"href":"https:\/\/sereconnecteralavie.com\/index.php\/wp-json\/wp\/v2\/pages\/366","targetHints":{"allow":["GET"]}}],"collection":[{"href":"https:\/\/sereconnecteralavie.com\/index.php\/wp-json\/wp\/v2\/pages"}],"about":[{"href":"https:\/\/sereconnecteralavie.com\/index.php\/wp-json\/wp\/v2\/types\/page"}],"author":[{"embeddable":true,"href":"https:\/\/sereconnecteralavie.com\/index.php\/wp-json\/wp\/v2\/users\/1"}],"replies":[{"embeddable":true,"href":"https:\/\/sereconnecteralavie.com\/index.php\/wp-json\/wp\/v2\/comments?post=366"}],"version-history":[{"count":4,"href":"https:\/\/sereconnecteralavie.com\/index.php\/wp-json\/wp\/v2\/pages\/366\/revisions"}],"predecessor-version":[{"id":565,"href":"https:\/\/sereconnecteralavie.com\/index.php\/wp-json\/wp\/v2\/pages\/366\/revisions\/565"}],"up":[{"embeddable":true,"href":"https:\/\/sereconnecteralavie.com\/index.php\/wp-json\/wp\/v2\/pages\/185"}],"wp:attachment":[{"href":"https:\/\/sereconnecteralavie.com\/index.php\/wp-json\/wp\/v2\/media?parent=366"}],"curies":[{"name":"wp","href":"https:\/\/api.w.org\/{rel}","templated":true}]}}