	{"id":361,"date":"2020-11-28T02:19:13","date_gmt":"2020-11-28T01:19:13","guid":{"rendered":"http:\/\/sereconnecteralavie.com\/?page_id=361"},"modified":"2024-10-31T23:43:24","modified_gmt":"2024-10-31T22:43:24","slug":"tiphaine","status":"publish","type":"page","link":"https:\/\/sereconnecteralavie.com\/index.php\/livre-dor\/tiphaine\/","title":{"rendered":"Livre d&rsquo;or"},"content":{"rendered":"\n<div class=\"wp-block-image\"><figure class=\"aligncenter size-large\"><img loading=\"lazy\" decoding=\"async\" width=\"240\" height=\"135\" src=\"http:\/\/sereconnecteralavie.com\/wp-content\/uploads\/2020\/11\/tiph.jpg\" alt=\"\" class=\"wp-image-362\"\/><\/figure><\/div>\n\n\n\n<p>Tiphaine, le 10 d\u00e9cembre 2015<br><br>Je remercie chaque jour la vie d&rsquo;avoir crois\u00e9 ton chemin. Merci de me guider. A bient\u00f4t.<br>Je t&#8217;embrasse.<br><br><br>Tiphaine, mai 2014<br><br>Mon voyage commence&#8230;<br>Je reviens d&rsquo;une aventure de quatre mois \u00e0 l&rsquo;autre bout de la Terre, en Nouvelle-Z\u00e9lande et en Tha\u00eflande.<br>A l&rsquo;issu de ce p\u00e9riple, je sentais une force qui me poussait \u00e0 rentrer en France, sans vraiment savoir pourquoi.<br>Une fois rentr\u00e9e, je pensais mon voyage termin\u00e9 et le contre-coup se fut ressentir.<br>Apr\u00e8s ma rencontre avec Catherine, j&rsquo;ai compris qu&rsquo;il, \u00ab le voyage \u00bb, ne faisait en fait que commencer.<br>J&rsquo;ai parcouru de nouvelles terres et aujourd&rsquo;hui je parcours et explore mon Moi int\u00e9rieur et mon Univers.<br>Apr\u00e8s quelques s\u00e9ances de kin\u00e9siologie, qui m&rsquo;ont d\u00e9j\u00e0 permis de d\u00e9bloquer des m\u00e9moires erron\u00e9es, <strong>j&rsquo;ai pu reprendre contact et ne faire qu&rsquo;une avec mon fort int\u00e9rieur, ma petite fille.<br><br>L&rsquo;harmonie retrouv\u00e9e en moi m&rsquo;a ouvert les yeux sur l&rsquo;Univers et sur moi-m\u00eame. Je d\u00e9couvre alors au quotidien tout l&rsquo;amour dont j&rsquo;ai besoin en moi.<br>Quel bonheur intense de vivre chaque journ\u00e9e et chaque nuit en se souriant, en s&rsquo;aimant et en se donnant une totale confiance.<br>Une joie indescriptible et profonde.<\/strong><br><br>Les soins reconnectifs me permettent de continuer et d&rsquo;aller plus loin en me reliant directement aux \u00e9nergies de l&rsquo;Univers.<br>Lors de mon premier soin, j&rsquo;ai senti l&rsquo;\u00e9nergie et la chaleur entrer en moi et parcourir tout mon corps. Une sensation d&rsquo;amour et de joie m&rsquo;ont alors submerg\u00e9.<br>A la suite, de ce soin, j&rsquo;ai beaucoup r\u00eav\u00e9 de connexion totale avec la Terre. Mon corps \u00e9tait rempli de terre, de fleurs, d&rsquo;herbe&#8230; Magnifique !<\/p>\n\n\n\n<div class=\"wp-block-image\"><figure class=\"aligncenter size-large\"><img loading=\"lazy\" decoding=\"async\" width=\"333\" height=\"30\" src=\"http:\/\/sereconnecteralavie.com\/wp-content\/uploads\/2020\/11\/paragr.gif\" alt=\"\" class=\"wp-image-266\"\/><\/figure><\/div>\n\n\n\n<p><strong>Mon deuxi\u00e8me soin \u00e9tait d&rsquo;autant plus intense.<\/strong> Mon troisi\u00e8me \u0153il s&rsquo;est ouvert, des images d&rsquo;animaux me sont apparues (l&rsquo;aigle, le cheval et la tortue),<br>mais ce n&rsquo;est pas tout. J&rsquo;ai v\u00e9cu une totale renaissance. C&rsquo;est indescriptible et peut para\u00eetre incroyable mais je l&rsquo;ai belle et bien v\u00e9cu et les mots ne me suffisent \u00e0 en expliquer les sensations.<br>Je me suis sentie quitter mon corps. Des rires de bonheur m&rsquo;accompagnaient. Je me suis rendue \u00e0 notre Source, j&rsquo;ai vu des lumi\u00e8res et me suis sentie entour\u00e9e et accompagn\u00e9e.<br>Puis j&rsquo;ai lev\u00e9 le doigt, pendant un instant, comme pour me porter volontaire d&rsquo;une mission,&#8230; Je suis revenue, par la suite, \u00e0 mon corps physique. J&rsquo;ai alors mis quelques instants \u00e0 me le r\u00e9approprier. Tout ceci se passe dans un \u00e9tat de pl\u00e9nitude total et n&rsquo;est jalonn\u00e9 que de quelques sensations physiques compar\u00e9es \u00e0 ce qu&rsquo;il se passe r\u00e9ellement.<br>Pour parler plus concr\u00e8tement et de fa\u00e7on plus terre \u00e0 terre, par ces soins, je sais aujourd&rsquo;hui pourquoi je suis ici.<br>Cela ne m&rsquo;appara\u00eet pas encore de fa\u00e7on explicite mais \u00e7a le deviendra car je le sais au fond de moi.<br>Je me fais une totale confiance et je m&rsquo;aime plus que tout.<br>Cela n&rsquo;a rien d&rsquo;\u00e9go\u00efste et est essentiel pour des relations harmonieuses et pleines d&rsquo;amour avec les autres.<strong><br>La vie est tellement simple et belle. Elle est amour, joie et paix au quotidien.<br>Tout devient une \u00e9vidence, tout coule de source et tout est possible et r\u00e9alisable. Je souhaite sinc\u00e8rement \u00e0 chaque \u00eatre humain de pouvoir conna\u00eetre ces sentiments de pl\u00e9nitude, de bonheur et d&rsquo;amour.<br>Je souhaite \u00e0 chaque \u00e2me de se reconnecter \u00e0 elle-m\u00eame et \u00e0 l&rsquo;Univers.<br>Ma paix et mon amour int\u00e9rieur r\u00e9sonnent aupr\u00e8s de chaque personne m&rsquo;entourant et aupr\u00e8s de chaque \u00eatre.<br>Je vois plus grand et sais qu&rsquo;un jour nous r\u00e9sonnerons tous de paix et d&rsquo;amour sur notre ch\u00e8re Terre.<\/strong><br>Merci, Je t&rsquo;aime Tiphaine, 28 ans<\/p>\n\n\n\n<div class=\"wp-block-image\"><figure class=\"aligncenter size-large\"><img loading=\"lazy\" decoding=\"async\" width=\"333\" height=\"30\" src=\"http:\/\/sereconnecteralavie.com\/wp-content\/uploads\/2020\/11\/paragr.gif\" alt=\"\" class=\"wp-image-266\"\/><\/figure><\/div>\n","protected":false},"excerpt":{"rendered":"<p>Tiphaine, le 10 d\u00e9cembre 2015 Je remercie chaque jour la vie d&rsquo;avoir crois\u00e9 ton chemin. Merci de me guider. A bient\u00f4t.Je t&#8217;embrasse. Tiphaine, mai 2014 Mon voyage commence&#8230;Je reviens d&rsquo;une aventure de quatre mois \u00e0 l&rsquo;autre bout de la Terre, en Nouvelle-Z\u00e9lande et en Tha\u00eflande.A l&rsquo;issu de ce p\u00e9riple, je sentais une force qui me &hellip; <\/p>\n<p class=\"link-more\"><a href=\"https:\/\/sereconnecteralavie.com\/index.php\/livre-dor\/tiphaine\/\" class=\"more-link\">Continuer la lecture<span class=\"screen-reader-text\"> de &laquo;&nbsp;Livre d&rsquo;or&nbsp;&raquo;<\/span><\/a><\/p>\n","protected":false},"author":1,"featured_media":0,"parent":185,"menu_order":0,"comment_status":"closed","ping_status":"closed","template":"","meta":{"footnotes":""},"class_list":["post-361","page","type-page","status-publish","hentry"],"_links":{"self":[{"href":"https:\/\/sereconnecteralavie.com\/index.php\/wp-json\/wp\/v2\/pages\/361","targetHints":{"allow":["GET"]}}],"collection":[{"href":"https:\/\/sereconnecteralavie.com\/index.php\/wp-json\/wp\/v2\/pages"}],"about":[{"href":"https:\/\/sereconnecteralavie.com\/index.php\/wp-json\/wp\/v2\/types\/page"}],"author":[{"embeddable":true,"href":"https:\/\/sereconnecteralavie.com\/index.php\/wp-json\/wp\/v2\/users\/1"}],"replies":[{"embeddable":true,"href":"https:\/\/sereconnecteralavie.com\/index.php\/wp-json\/wp\/v2\/comments?post=361"}],"version-history":[{"count":3,"href":"https:\/\/sereconnecteralavie.com\/index.php\/wp-json\/wp\/v2\/pages\/361\/revisions"}],"predecessor-version":[{"id":573,"href":"https:\/\/sereconnecteralavie.com\/index.php\/wp-json\/wp\/v2\/pages\/361\/revisions\/573"}],"up":[{"embeddable":true,"href":"https:\/\/sereconnecteralavie.com\/index.php\/wp-json\/wp\/v2\/pages\/185"}],"wp:attachment":[{"href":"https:\/\/sereconnecteralavie.com\/index.php\/wp-json\/wp\/v2\/media?parent=361"}],"curies":[{"name":"wp","href":"https:\/\/api.w.org\/{rel}","templated":true}]}}