	{"id":36,"date":"2020-11-22T19:29:05","date_gmt":"2020-11-22T18:29:05","guid":{"rendered":"http:\/\/sereconnecteralavie.com\/?page_id=36"},"modified":"2020-11-26T21:03:00","modified_gmt":"2020-11-26T20:03:00","slug":"accueil","status":"publish","type":"page","link":"https:\/\/sereconnecteralavie.com\/","title":{"rendered":"Accueil"},"content":{"rendered":"\n<h2 class=\"has-text-align-center wp-block-heading\">Pourquoi se reconnecter \u00e0 la vie?<\/h2>\n\n\n\n<div class=\"wp-block-image\"><figure class=\"aligncenter size-large\"><img loading=\"lazy\" decoding=\"async\" width=\"240\" height=\"115\" src=\"http:\/\/sereconnecteralavie.com\/wp-content\/uploads\/2020\/11\/accueil-lumiere.jpg\" alt=\"\" class=\"wp-image-72\"\/><\/figure><\/div>\n\n\n\n<p id=\"xparagr\">Se reconnecter \u00e0 la vie offre une transformation sur le plan physique et \u00e9motionnel en retrouvant notre fr\u00e9quence lumi\u00e8re originelle.<br>Gr\u00e2ce \u00e0 ce contact \u00e0 la source, cette fr\u00e9quence \u00e9claire notre conscience et notre vie&#8230;<\/p>\n\n\n\n<h1 class=\"has-text-align-right wp-block-heading\"><strong>Catherine<\/strong><\/h1>\n\n\n\n<div class=\"wp-block-image\"><figure class=\"aligncenter size-large is-resized\"><img loading=\"lazy\" decoding=\"async\" src=\"http:\/\/sereconnecteralavie.com\/wp-content\/uploads\/2020\/11\/paragr.gif\" alt=\"\" class=\"wp-image-113\" width=\"333\" height=\"30\"\/><\/figure><\/div>\n\n\n\n<p id=\"xparagr\">\u00ab Toute \u00e2me qui s&rsquo;\u00e9l\u00e8ve \u00e9l\u00e8ve le Monde \u00bb<br><b>Ghandi<\/b><\/p>\n","protected":false},"excerpt":{"rendered":"<p>Pourquoi se reconnecter \u00e0 la vie? Se reconnecter \u00e0 la vie offre une transformation sur le plan physique et \u00e9motionnel en retrouvant notre fr\u00e9quence lumi\u00e8re originelle.Gr\u00e2ce \u00e0 ce contact \u00e0 la source, cette fr\u00e9quence \u00e9claire notre conscience et notre vie&#8230; Catherine \u00ab Toute \u00e2me qui s&rsquo;\u00e9l\u00e8ve \u00e9l\u00e8ve le Monde \u00bbGhandi<\/p>\n","protected":false},"author":1,"featured_media":0,"parent":0,"menu_order":0,"comment_status":"closed","ping_status":"closed","template":"","meta":{"footnotes":""},"class_list":["post-36","page","type-page","status-publish","hentry"],"_links":{"self":[{"href":"https:\/\/sereconnecteralavie.com\/index.php\/wp-json\/wp\/v2\/pages\/36","targetHints":{"allow":["GET"]}}],"collection":[{"href":"https:\/\/sereconnecteralavie.com\/index.php\/wp-json\/wp\/v2\/pages"}],"about":[{"href":"https:\/\/sereconnecteralavie.com\/index.php\/wp-json\/wp\/v2\/types\/page"}],"author":[{"embeddable":true,"href":"https:\/\/sereconnecteralavie.com\/index.php\/wp-json\/wp\/v2\/users\/1"}],"replies":[{"embeddable":true,"href":"https:\/\/sereconnecteralavie.com\/index.php\/wp-json\/wp\/v2\/comments?post=36"}],"version-history":[{"count":7,"href":"https:\/\/sereconnecteralavie.com\/index.php\/wp-json\/wp\/v2\/pages\/36\/revisions"}],"predecessor-version":[{"id":122,"href":"https:\/\/sereconnecteralavie.com\/index.php\/wp-json\/wp\/v2\/pages\/36\/revisions\/122"}],"wp:attachment":[{"href":"https:\/\/sereconnecteralavie.com\/index.php\/wp-json\/wp\/v2\/media?parent=36"}],"curies":[{"name":"wp","href":"https:\/\/api.w.org\/{rel}","templated":true}]}}