	{"id":351,"date":"2020-11-28T02:06:02","date_gmt":"2020-11-28T01:06:02","guid":{"rendered":"http:\/\/sereconnecteralavie.com\/?page_id=351"},"modified":"2024-10-31T23:43:04","modified_gmt":"2024-10-31T22:43:04","slug":"melanie","status":"publish","type":"page","link":"https:\/\/sereconnecteralavie.com\/index.php\/livre-dor\/melanie\/","title":{"rendered":"Livre d&rsquo;or"},"content":{"rendered":"\n<div class=\"wp-block-image\"><figure class=\"aligncenter size-large\"><img loading=\"lazy\" decoding=\"async\" width=\"220\" height=\"125\" src=\"http:\/\/sereconnecteralavie.com\/wp-content\/uploads\/2020\/11\/melanie.jpg\" alt=\"\" class=\"wp-image-352\"\/><\/figure><\/div>\n\n\n\n<p>M\u00e9lanie, le 2 juillet 2015<br><br>\u00ab\u00a0Suite \u00e0 un accident de la circulation, je ressentais de vives douleurs au niveau de la jambe gauche, particuli\u00e8rement au genou.<br>J&rsquo;ai fait appel \u00e0 Catherine CACQUEVEL<br>pour un soin Reconnecting Healing \u00e0 distance et <strong>depuis la douleur s&rsquo;est doucement \u00e9vanouie&#8230;<br>De plus, j&rsquo;ai ressenti un v\u00e9ritable bien \u00eatre apr\u00e8s la s\u00e9ance, un calme int\u00e9rieur apaisant.\u00a0\u00bb<\/strong><\/p>\n\n\n\n<div class=\"wp-block-image\"><figure class=\"aligncenter size-large\"><img loading=\"lazy\" decoding=\"async\" width=\"333\" height=\"30\" src=\"http:\/\/sereconnecteralavie.com\/wp-content\/uploads\/2020\/11\/paragr.gif\" alt=\"\" class=\"wp-image-266\"\/><\/figure><\/div>\n","protected":false},"excerpt":{"rendered":"<p>M\u00e9lanie, le 2 juillet 2015 \u00ab\u00a0Suite \u00e0 un accident de la circulation, je ressentais de vives douleurs au niveau de la jambe gauche, particuli\u00e8rement au genou.J&rsquo;ai fait appel \u00e0 Catherine CACQUEVELpour un soin Reconnecting Healing \u00e0 distance et depuis la douleur s&rsquo;est doucement \u00e9vanouie&#8230;De plus, j&rsquo;ai ressenti un v\u00e9ritable bien \u00eatre apr\u00e8s la s\u00e9ance, un &hellip; <\/p>\n<p class=\"link-more\"><a href=\"https:\/\/sereconnecteralavie.com\/index.php\/livre-dor\/melanie\/\" class=\"more-link\">Continuer la lecture<span class=\"screen-reader-text\"> de &laquo;&nbsp;Livre d&rsquo;or&nbsp;&raquo;<\/span><\/a><\/p>\n","protected":false},"author":1,"featured_media":0,"parent":185,"menu_order":0,"comment_status":"closed","ping_status":"closed","template":"","meta":{"footnotes":""},"class_list":["post-351","page","type-page","status-publish","hentry"],"_links":{"self":[{"href":"https:\/\/sereconnecteralavie.com\/index.php\/wp-json\/wp\/v2\/pages\/351","targetHints":{"allow":["GET"]}}],"collection":[{"href":"https:\/\/sereconnecteralavie.com\/index.php\/wp-json\/wp\/v2\/pages"}],"about":[{"href":"https:\/\/sereconnecteralavie.com\/index.php\/wp-json\/wp\/v2\/types\/page"}],"author":[{"embeddable":true,"href":"https:\/\/sereconnecteralavie.com\/index.php\/wp-json\/wp\/v2\/users\/1"}],"replies":[{"embeddable":true,"href":"https:\/\/sereconnecteralavie.com\/index.php\/wp-json\/wp\/v2\/comments?post=351"}],"version-history":[{"count":3,"href":"https:\/\/sereconnecteralavie.com\/index.php\/wp-json\/wp\/v2\/pages\/351\/revisions"}],"predecessor-version":[{"id":575,"href":"https:\/\/sereconnecteralavie.com\/index.php\/wp-json\/wp\/v2\/pages\/351\/revisions\/575"}],"up":[{"embeddable":true,"href":"https:\/\/sereconnecteralavie.com\/index.php\/wp-json\/wp\/v2\/pages\/185"}],"wp:attachment":[{"href":"https:\/\/sereconnecteralavie.com\/index.php\/wp-json\/wp\/v2\/media?parent=351"}],"curies":[{"name":"wp","href":"https:\/\/api.w.org\/{rel}","templated":true}]}}