	{"id":319,"date":"2020-11-28T00:12:57","date_gmt":"2020-11-27T23:12:57","guid":{"rendered":"http:\/\/sereconnecteralavie.com\/?page_id=319"},"modified":"2023-05-15T21:25:01","modified_gmt":"2023-05-15T19:25:01","slug":"a-c-e","status":"publish","type":"page","link":"https:\/\/sereconnecteralavie.com\/index.php\/medecines-naturelles\/a-c-e\/","title":{"rendered":"A.C.E."},"content":{"rendered":"\n<h2 class=\"has-text-align-center wp-block-heading\"><strong>Je vous accompagne sur votre chemin<\/strong><\/h2>\n\n\n\n<div class=\"wp-block-image\"><figure class=\"aligncenter size-large\"><img loading=\"lazy\" decoding=\"async\" width=\"200\" height=\"247\" src=\"http:\/\/sereconnecteralavie.com\/wp-content\/uploads\/2020\/12\/Cathy_Posture.jpg\" alt=\"\" class=\"wp-image-645\"\/><\/figure><\/div>\n\n\n\n<p>je vous accompagne sur votre chemin de la gu\u00e9rison, de la lib\u00e9ration des m\u00e9moires de tout type&#8230;.<br>pour enfin avoir acc\u00e8s \u00e0 vos ressources,<strong> d\u00e9couvrir votre Vrai Potentiel et vivre en Harmonie et en Pl\u00e9nitude.<\/strong><br><br>Mes s\u00e9ances se d\u00e9roulent dans le confort de l&rsquo;\u00e9change, c&rsquo;est un dialogue entre vous (votre Etre, Votre Corps et votre Ame) et moi-m\u00eame, pour une d\u00e9couverte de <strong>votre Essence Profonde<\/strong>&#8230;<\/p>\n\n\n\n<div class=\"wp-block-image\"><figure class=\"aligncenter size-large\"><img loading=\"lazy\" decoding=\"async\" width=\"333\" height=\"30\" src=\"http:\/\/sereconnecteralavie.com\/wp-content\/uploads\/2020\/11\/paragr.gif\" alt=\"\" class=\"wp-image-266\"\/><\/figure><\/div>\n\n\n\n<p>Une pause <strong>A.C.E. \u00ab\u00a0Alignement Corps Esprit\u00a0\u00bb<\/strong><br>mise en place chaque premier mardi du mois<br>en soir\u00e9e de 20 h \u00e0 22 h \u00e0 Dinan ,<br><br><strong>Ce temps pour SOI &#8230;.. se POSER,<\/strong><br>pour une Gu\u00e9rison Int\u00e9rieure, une Pl\u00e9nitude,<br>Ancrage, Respiration, Diverses M\u00e9ditations, Ho&rsquo;oponopono, Reconnecting Healing &#8230;.<br>bas\u00e9s sur un ancrage fondamental et une respiration conscientis\u00e9e.<br><br>Ces mouvements et m\u00e9ditations permettent un <strong>acc\u00e8s \u00e0 un \u00e9tat de conscience pr\u00e9cieux.<\/strong><br>Ce moment pour Soi permet aussi d&rsquo;am\u00e9liorer la sant\u00e9, de combattre le stress et d&rsquo;apaiser le mental&#8230;<br><em><br>pour davantage d&rsquo;infos 06 30 81 29 12<\/em><\/p>\n\n\n\n<div class=\"wp-block-image\"><figure class=\"aligncenter size-large\"><img loading=\"lazy\" decoding=\"async\" width=\"333\" height=\"30\" src=\"http:\/\/sereconnecteralavie.com\/wp-content\/uploads\/2020\/11\/paragr.gif\" alt=\"\" class=\"wp-image-266\"\/><\/figure><\/div>\n\n\n\n<h2 class=\"has-text-align-right wp-block-heading\"><strong>Catherine<\/strong><\/h2>\n","protected":false},"excerpt":{"rendered":"<p>Je vous accompagne sur votre chemin je vous accompagne sur votre chemin de la gu\u00e9rison, de la lib\u00e9ration des m\u00e9moires de tout type&#8230;.pour enfin avoir acc\u00e8s \u00e0 vos ressources, d\u00e9couvrir votre Vrai Potentiel et vivre en Harmonie et en Pl\u00e9nitude. Mes s\u00e9ances se d\u00e9roulent dans le confort de l&rsquo;\u00e9change, c&rsquo;est un dialogue entre vous (votre &hellip; <\/p>\n<p class=\"link-more\"><a href=\"https:\/\/sereconnecteralavie.com\/index.php\/medecines-naturelles\/a-c-e\/\" class=\"more-link\">Continuer la lecture<span class=\"screen-reader-text\"> de &laquo;&nbsp;A.C.E.&nbsp;&raquo;<\/span><\/a><\/p>\n","protected":false},"author":1,"featured_media":0,"parent":732,"menu_order":0,"comment_status":"closed","ping_status":"closed","template":"","meta":{"footnotes":""},"class_list":["post-319","page","type-page","status-publish","hentry"],"_links":{"self":[{"href":"https:\/\/sereconnecteralavie.com\/index.php\/wp-json\/wp\/v2\/pages\/319","targetHints":{"allow":["GET"]}}],"collection":[{"href":"https:\/\/sereconnecteralavie.com\/index.php\/wp-json\/wp\/v2\/pages"}],"about":[{"href":"https:\/\/sereconnecteralavie.com\/index.php\/wp-json\/wp\/v2\/types\/page"}],"author":[{"embeddable":true,"href":"https:\/\/sereconnecteralavie.com\/index.php\/wp-json\/wp\/v2\/users\/1"}],"replies":[{"embeddable":true,"href":"https:\/\/sereconnecteralavie.com\/index.php\/wp-json\/wp\/v2\/comments?post=319"}],"version-history":[{"count":3,"href":"https:\/\/sereconnecteralavie.com\/index.php\/wp-json\/wp\/v2\/pages\/319\/revisions"}],"predecessor-version":[{"id":646,"href":"https:\/\/sereconnecteralavie.com\/index.php\/wp-json\/wp\/v2\/pages\/319\/revisions\/646"}],"up":[{"embeddable":true,"href":"https:\/\/sereconnecteralavie.com\/index.php\/wp-json\/wp\/v2\/pages\/732"}],"wp:attachment":[{"href":"https:\/\/sereconnecteralavie.com\/index.php\/wp-json\/wp\/v2\/media?parent=319"}],"curies":[{"name":"wp","href":"https:\/\/api.w.org\/{rel}","templated":true}]}}