	{"id":316,"date":"2020-11-28T00:08:45","date_gmt":"2020-11-27T23:08:45","guid":{"rendered":"http:\/\/sereconnecteralavie.com\/?page_id=316"},"modified":"2023-05-15T21:26:19","modified_gmt":"2023-05-15T19:26:19","slug":"reiki","status":"publish","type":"page","link":"https:\/\/sereconnecteralavie.com\/index.php\/medecines-naturelles\/reiki\/","title":{"rendered":"Reiki"},"content":{"rendered":"\n<h2 class=\"has-text-align-center wp-block-heading\"><strong>Je vous accompagne sur votre chemin<\/strong><\/h2>\n\n\n<div class=\"wp-block-image\">\n<figure class=\"aligncenter size-large\"><img loading=\"lazy\" decoding=\"async\" width=\"260\" height=\"165\" src=\"http:\/\/sereconnecteralavie.com\/wp-content\/uploads\/2020\/11\/reiki.jpg\" alt=\"\" class=\"wp-image-317\"\/><\/figure>\n<\/div>\n\n\n<p><\/p>\n\n\n\n<p class=\"has-text-align-center\"><a class=\"boutondesignx\" href=\"https:\/\/reiki.sereconnecteralavie.com\" target=\"_blank\" rel=\"noopener\">Site Reiki<\/a><\/p>\n\n\n\n<p><strong>Ma\u00eetre Enseignante Reiki<\/strong> depuis 2010,<br><br>Le Reiki est avant tout une pratique de bien-\u00eatre progressif et durable o\u00f9 le bien-\u00eatre durable et parfait est acquis par un recentrage de la personne sur elle-m\u00eame, en prenant en compte sa globalit\u00e9.<br>Le soin est effectu\u00e9 <strong>&#8211; au niveau du corps et de l&rsquo;esprit &#8211;<\/strong><br>d&rsquo;o\u00f9 la relaxation par l&rsquo;apposition des mains sur le corps et la m\u00e9ditation par l&rsquo;apaisement de l&rsquo;esprit.<br><br>Je vous accompagne sur votre chemin de la gu\u00e9rison, de la lib\u00e9ration des m\u00e9moires de tout type&#8230;<br>pour enfin avoir acc\u00e8s \u00e0 vos ressources,<strong> d\u00e9couvrir votre Vrai Potentiel et vivre en Harmonie et en Pl\u00e9nitude.<\/strong><br><br><br><strong>Les cinq id\u00e9aux du Reiki :<\/strong><br><br>&nbsp;&nbsp;&nbsp;&nbsp; <em><strong>\u00ab\u00a0Juste pour aujourd&rsquo;hui<\/strong><\/em><br>&nbsp;&nbsp;&nbsp;&nbsp; <em><strong>Lib\u00e8re-toi de la col\u00e8re<\/strong><\/em><br>&nbsp;&nbsp;&nbsp;&nbsp; <em><strong>Lib\u00e8re-toi de toute pr\u00e9occupation<\/strong><\/em><br>&nbsp;&nbsp;&nbsp;&nbsp; <em><strong>Montre de la gratitude<\/strong><\/em><br>&nbsp;&nbsp;&nbsp;&nbsp; <em><strong>Travaille dur sur toi-m\u00eame<\/strong><\/em><br>&nbsp;&nbsp;&nbsp;&nbsp; <em><strong>Sois bon envers ton prochain\u00a0\u00bb<\/strong><\/em><br><br>Pour Mikao Usui, le Reiki est repr\u00e9sent\u00e9 \u00e0 50% par les pr\u00e9ceptes de vie et 50% par l&rsquo;\u00e9nergie. Il disait :<br><br>\u00ab Pour int\u00e9grer mes enseignements et mes entra\u00eenements, pour en faire l&rsquo;exp\u00e9rience physiquement et spirituellement, et pour vivre avec droiture notre condition humaine, nous devons <strong>premi\u00e8rement soigner notre fa\u00e7on de penser et deuxi\u00e8mement, nous devons garder notre corps en bonne sant\u00e9.<\/strong><br><br>Mes s\u00e9ances se d\u00e9roulent dans le confort de l&rsquo;\u00e9change, c&rsquo;est un dialogue entre vous (votre Etre, Votre Corps et votre Ame) et moi-m\u00eame, pour une d\u00e9couverte de <strong>votre Essence Profonde<\/strong>&#8230;<\/p>\n\n\n<div class=\"wp-block-image\">\n<figure class=\"aligncenter size-large is-resized\"><img loading=\"lazy\" decoding=\"async\" src=\"http:\/\/sereconnecteralavie.com\/wp-content\/uploads\/2020\/11\/paragr.gif\" alt=\"\" class=\"wp-image-266\" width=\"344\" height=\"31\"\/><\/figure>\n<\/div>\n\n\n<p><strong>Un enseignement du Reiki Ma\u00eetre Mikao Usui Niveau 1 \u00e0 4 :<\/strong><br><br>Initiation et Enseignement Niveau 1 :<br>&nbsp;&nbsp;&nbsp;&nbsp;&nbsp;&nbsp;&nbsp;<strong>Un Week-end par trimestre<\/strong><br><br>Initiation et Enseignement Niveau 2 :<br>&nbsp;&nbsp;&nbsp;&nbsp;&nbsp;&nbsp;<strong>Un Week-end par trimestre<\/strong><br><br>Initiation et Enseignement Niveau 3 :<br>&nbsp;&nbsp;&nbsp;&nbsp;&nbsp;&nbsp;<strong>Un Week-end par trimestre<\/strong><br><br>Co\u00fbt du week-end de formation niveau 1 : 210 euros<br>Co\u00fbt du week-end de formation niveau 2 : 240 euros<\/p>\n\n\n\n<p><strong>Aux portes du Mont St Michel, <\/strong>ces formations ont lieu sur 2 sites au choix :<br><strong>en Normandie, Avranches (50) Manche,<\/strong><br><strong>ou en Bretagne<\/strong>, <strong>Dinan (22) C\u00f4tes d&rsquo;Armor<\/strong><br><br><em>me consulter pour la date, le lieu, le programme et r\u00e9servation au :<br>06 30 81 29 12<\/em><\/p>\n\n\n<div class=\"wp-block-image\">\n<figure class=\"aligncenter size-large\"><img loading=\"lazy\" decoding=\"async\" width=\"333\" height=\"30\" src=\"http:\/\/sereconnecteralavie.com\/wp-content\/uploads\/2020\/11\/paragr.gif\" alt=\"\" class=\"wp-image-266\"\/><\/figure>\n<\/div>\n\n\n<h2 class=\"has-text-align-right wp-block-heading\"><strong>Catherine<\/strong><\/h2>\n","protected":false},"excerpt":{"rendered":"<p>Je vous accompagne sur votre chemin Site Reiki Ma\u00eetre Enseignante Reiki depuis 2010, Le Reiki est avant tout une pratique de bien-\u00eatre progressif et durable o\u00f9 le bien-\u00eatre durable et parfait est acquis par un recentrage de la personne sur elle-m\u00eame, en prenant en compte sa globalit\u00e9.Le soin est effectu\u00e9 &#8211; au niveau du corps &hellip; <\/p>\n<p class=\"link-more\"><a href=\"https:\/\/sereconnecteralavie.com\/index.php\/medecines-naturelles\/reiki\/\" class=\"more-link\">Continuer la lecture<span class=\"screen-reader-text\"> de &laquo;&nbsp;Reiki&nbsp;&raquo;<\/span><\/a><\/p>\n","protected":false},"author":1,"featured_media":0,"parent":732,"menu_order":0,"comment_status":"closed","ping_status":"closed","template":"","meta":{"footnotes":""},"class_list":["post-316","page","type-page","status-publish","hentry"],"_links":{"self":[{"href":"https:\/\/sereconnecteralavie.com\/index.php\/wp-json\/wp\/v2\/pages\/316","targetHints":{"allow":["GET"]}}],"collection":[{"href":"https:\/\/sereconnecteralavie.com\/index.php\/wp-json\/wp\/v2\/pages"}],"about":[{"href":"https:\/\/sereconnecteralavie.com\/index.php\/wp-json\/wp\/v2\/types\/page"}],"author":[{"embeddable":true,"href":"https:\/\/sereconnecteralavie.com\/index.php\/wp-json\/wp\/v2\/users\/1"}],"replies":[{"embeddable":true,"href":"https:\/\/sereconnecteralavie.com\/index.php\/wp-json\/wp\/v2\/comments?post=316"}],"version-history":[{"count":3,"href":"https:\/\/sereconnecteralavie.com\/index.php\/wp-json\/wp\/v2\/pages\/316\/revisions"}],"predecessor-version":[{"id":711,"href":"https:\/\/sereconnecteralavie.com\/index.php\/wp-json\/wp\/v2\/pages\/316\/revisions\/711"}],"up":[{"embeddable":true,"href":"https:\/\/sereconnecteralavie.com\/index.php\/wp-json\/wp\/v2\/pages\/732"}],"wp:attachment":[{"href":"https:\/\/sereconnecteralavie.com\/index.php\/wp-json\/wp\/v2\/media?parent=316"}],"curies":[{"name":"wp","href":"https:\/\/api.w.org\/{rel}","templated":true}]}}