	{"id":249,"date":"2020-11-27T19:32:09","date_gmt":"2020-11-27T18:32:09","guid":{"rendered":"http:\/\/sereconnecteralavie.com\/?page_id=249"},"modified":"2023-05-15T21:22:46","modified_gmt":"2023-05-15T19:22:46","slug":"science","status":"publish","type":"page","link":"https:\/\/sereconnecteralavie.com\/index.php\/reconnexion\/science\/","title":{"rendered":"Science"},"content":{"rendered":"\n<h2 class=\"has-text-align-center wp-block-heading\"><strong>La Reconnexion et la Science<\/strong><\/h2>\n\n\n\n<div class=\"wp-block-image\"><figure class=\"aligncenter size-large\"><img loading=\"lazy\" decoding=\"async\" width=\"500\" height=\"160\" src=\"http:\/\/sereconnecteralavie.com\/wp-content\/uploads\/2020\/11\/2adn.jpg\" alt=\"\" class=\"wp-image-250\" srcset=\"https:\/\/sereconnecteralavie.com\/wp-content\/uploads\/2020\/11\/2adn.jpg 500w, https:\/\/sereconnecteralavie.com\/wp-content\/uploads\/2020\/11\/2adn-300x96.jpg 300w\" sizes=\"auto, (max-width: 500px) 100vw, 500px\" \/><\/figure><\/div>\n\n\n\n<div id=\"menug1\" class=\"arrondie\">\n\t<br>\n\t<img loading=\"lazy\" decoding=\"async\" src=\"\/wp-content\/uploads\/2020\/11\/adn.jpg\" width=\"200\" height=\"60\" border=\"0\">\n\t<br>\n\t<p style=\"font-size:18px;color:#B6D9FF;text-shadow: #0000A0 1px 1px, #0000A0 -1px 1px, #0000A0 -1px -1px, #0000A0 1px -1px;\n\tfont-weight:normal;text-align: center;\">\n\t\tQuantique et Fr\u00e9quences\n\t<\/p>\n\t<br>\n\t<table width=\"100%\" border=\"0\">\n\t\t<tbody><tr>\n\t\t\t<td onmouseover=\"this.className='survol';\" onmouseout=\"this.className='cltr';\" onclick=\"window.location='http:\/\/sereconnecteralavie.com\/index.php\/soin-reconnectif\/';\">\n\t\t\t&nbsp;&#8211; Soin reconnectif\n\t\t\t<\/td>\n\t\t<\/tr>\n\t\t<tr>\n\t\t\t<td onmouseover=\"this.className='survol';\" onmouseout=\"this.className='cltr';\" onclick=\"window.location='http:\/\/sereconnecteralavie.com\/index.php\/soin-reconnectif-a-distance\/';\">\n\t\t\t&nbsp;&#8211; Soin reconnectif \u00e0 distance\n\t\t\t<\/td>\n\t\t<\/tr>\t\n\t\t<tr>\n\t\t\t<td onmouseover=\"this.className='survol';\" onmouseout=\"this.className='cltr';\" onclick=\"window.location='http:\/\/sereconnecteralavie.com\/index.php\/reconnexion\/';\">\n\t\t\t&nbsp;&#8211; Reconnexion\n\t\t\t<\/td>\n\t\t<\/tr>\n\t\t<tr>\n\t\t\t<td onmouseover=\"this.className='survol';\" onmouseout=\"this.className='cltr';\" onclick=\"window.location='http:\/\/sereconnecteralavie.com\/index.php\/science\/';\">\n\t\t\t&nbsp;&#8211; Science\n\t\t\t<\/td>\n\t\t<\/tr>\t\n\t\t<tr>\n\t\t\t<td onmouseover=\"this.className='survol';\" onmouseout=\"this.className='cltr';\" onclick=\"window.location='http:\/\/sereconnecteralavie.com\/index.php\/origine\/';\">\n\t\t\t&nbsp;&#8211; Origine\n\t\t\t<\/td>\n\t\t<\/tr>\n\t\t<tr>\n\t\t\t<td onmouseover=\"this.className='survol';\" onmouseout=\"this.className='cltr';\" onclick=\"window.location='http:\/\/sereconnecteralavie.com\/index.php\/frequence\/';\">\n\t\t\t&nbsp;&#8211; Fr\u00e9quence\n\t\t\t<\/td>\n\t\t<\/tr>\t\n\t\t<tr>\n\t\t\t<td onmouseover=\"this.className='survol';\" onmouseout=\"this.className='cltr';\" onclick=\"window.location='http:\/\/sereconnecteralavie.com\/index.php\/les-cles-denoch\/';\">\n\t\t\t&nbsp;&#8211; Cl\u00e9s d&rsquo;Enoch\n\t\t\t<\/td>\n\t\t<\/tr>\n\t<\/tbody><\/table>\t\n\t<img loading=\"lazy\" decoding=\"async\" class=\"xcenter\" src=\"\/wp-content\/uploads\/2020\/11\/papillon.gif\" width=\"75\" height=\"60\" border=\"0\">\n<\/div>\n\n\n\n<p>Docteur Eric Pearl s&rsquo;est entour\u00e9 de scientifiques d&rsquo;une part et d&rsquo;autre part des chercheurs internationaux se sont interrog\u00e9s sur les fr\u00e9quences reconnectives et leur impact.<br><br>De multiples mesures et exp\u00e9riences ont \u00e9t\u00e9 men\u00e9es par des scientifiques : am\u00e9ricains, anglais, russes ou autres et ont abouties \u00e0 ces conclusions.<br><br><strong>Etudes de Mark Darren Gregor, coach carri\u00e9riste de Los Angeles.<\/strong><br><br>Il a proc\u00e9d\u00e9 \u00e0 des recherches scientifiques sur l&rsquo;\u00e9nergie, la lumi\u00e8re et l&rsquo;information et il a observ\u00e9 que les bandes passantes qui incluent \u00e9nergie, lumi\u00e8re et information <strong>semblent savoir de fa\u00e7on inn\u00e9e ce qui doit \u00eatre fait.<\/strong><br>Il dit avoir explor\u00e9 le prochain niveau de \u00ab gu\u00e9rison \u00bb pour l&rsquo;humanit\u00e9 et a \u00e9crit plusieurs livres \u00e0 ce sujet.<br><br><br><strong>Photos des doigts en mode soin reconnectif :<\/strong><\/p>\n\n\n\n<div class=\"wp-block-image\"><figure class=\"aligncenter size-large\"><img loading=\"lazy\" decoding=\"async\" width=\"500\" height=\"150\" src=\"http:\/\/sereconnecteralavie.com\/wp-content\/uploads\/2020\/11\/doigts.jpg\" alt=\"\" class=\"wp-image-279\" srcset=\"https:\/\/sereconnecteralavie.com\/wp-content\/uploads\/2020\/11\/doigts.jpg 500w, https:\/\/sereconnecteralavie.com\/wp-content\/uploads\/2020\/11\/doigts-300x90.jpg 300w\" sizes=\"auto, (max-width: 500px) 100vw, 500px\" \/><\/figure><\/div>\n\n\n\n<p>La photo de gauche repr\u00e9sente l&rsquo;\u00e9nergie \u00e9mise par les doigts d&rsquo;une personne en soin \u00ab classique \u00bb, magn\u00e9tisme ou toute forme de soin \u00e9nerg\u00e9tique &#8230;.alors que la photo de droite pr\u00e9sente le <strong>faisceau d&rsquo; \u00e9nergie\/lumi\u00e8re\/information \u00e9mis par les doigts en mode soin reconnectif.<br>Ce faisceau est extr\u00eamement plus puissant&#8230;<\/strong><br><br><strong>Etudes du Docteur Willem Tiller professeur \u00e9m\u00e9rite de l&rsquo;universit\u00e9 de Stanford<br>sur les changements environnementaux avant et pendant un s\u00e9minaire de la Reconnexion.<\/strong><\/p>\n\n\n\n<div class=\"wp-block-image\"><figure class=\"aligncenter size-large\"><img loading=\"lazy\" decoding=\"async\" width=\"100\" height=\"125\" src=\"http:\/\/sereconnecteralavie.com\/wp-content\/uploads\/2020\/11\/tiller.jpg\" alt=\"\" class=\"wp-image-281\"\/><\/figure><\/div>\n\n\n\n<p>Il a mis en \u00e9vidence le changement du champ \u00e9nerg\u00e9tique de la pi\u00e8ce avant m\u00eame le s\u00e9minaire et au fil des jours du s\u00e9minaire.<br>Ses chercheurs ont not\u00e9 un changement \u00e9norme de la pr\u00e9sence d&rsquo;\u00e9nergie thermo-dynamique dans la pi\u00e8ce. Vers la fin de la p\u00e9riode de deux jours, l&rsquo;augmentation efficace de l&rsquo;\u00e9nergie dans la pi\u00e8ce \u00e9tait \u00e9quivalente \u00e0 une augmentation de la temp\u00e9rature de 300 deg. C, m\u00eame si le changement de temp\u00e9rature r\u00e9el ait \u00e9t\u00e9 n\u00e9gligeable.<br>Ce changement d&rsquo;\u00e9nergie \u00e9tait ce qui a permis aux stagiaires d&rsquo;\u00eatre efficaces. Il f\u00fbt \u00e9tonn\u00e9 des r\u00e9sultats et a reconduit l&rsquo;\u00e9tude en 2007 et 2008 \u00e0 la conf\u00e9rence annuelle de Los Angeles.<br>Selon le Dr Tiller, ces fr\u00e9quences intelligentes du soin reconnectif apporte le mieux-\u00eatre \u00ab au-del\u00e0 de ce qui est connu comme \u00e9nergie de gu\u00e9rison dans un grand \u00e9ventail d&rsquo;\u00e9nergie, lumi\u00e8re et information. \u00bb<br><strong>En conclusion il souligne qu&rsquo;en pr\u00e9sence de l&rsquo;information contenue dans ces fr\u00e9quences, apparaissent coh\u00e9rence et ordre.<\/strong><\/p>\n\n\n\n<div class=\"wp-block-image\"><figure class=\"aligncenter size-large\"><img loading=\"lazy\" decoding=\"async\" width=\"500\" height=\"125\" src=\"http:\/\/sereconnecteralavie.com\/wp-content\/uploads\/2020\/11\/information.jpg\" alt=\"\" class=\"wp-image-283\" srcset=\"https:\/\/sereconnecteralavie.com\/wp-content\/uploads\/2020\/11\/information.jpg 500w, https:\/\/sereconnecteralavie.com\/wp-content\/uploads\/2020\/11\/information-300x75.jpg 300w\" sizes=\"auto, (max-width: 500px) 100vw, 500px\" \/><\/figure><\/div>\n\n\n\n<p><strong>Etudes du Docteur Korotkov sur les effets de coh\u00e9rence.<\/strong><\/p>\n\n\n\n<div class=\"wp-block-image\"><figure class=\"aligncenter size-large\"><img loading=\"lazy\" decoding=\"async\" width=\"100\" height=\"125\" src=\"http:\/\/sereconnecteralavie.com\/wp-content\/uploads\/2020\/11\/korotkov.jpg\" alt=\"\" class=\"wp-image-285\"\/><\/figure><\/div>\n\n\n\n<p><strong>Selon cette \u00e9tude, des effets dit de \u00ab coh\u00e9rence \u00bb seraient observ\u00e9s durant l&rsquo;enseignement des s\u00e9minaires de la reconnexion.<\/strong><br>Ces effets de coh\u00e9rence augmentent en intensit\u00e9 selon la grandeur du champ de la salle et de son intensit\u00e9.<br>Utilisant ses propres appareils de recherche, d&rsquo;imagerie , de mesure, les r\u00e9sultats du Docteur Korotkov corroborent ceux des Docteurs Tiller et Schwartz.<br>Il a mesur\u00e9 et document\u00e9 les effets significatifs du champ qu&rsquo;il appelle \u00ab effets de coh\u00e9rence \u00bb qui surviennent durant l&rsquo;enseignement aux s\u00e9minaires.<br><br><br><strong>Etudes du Docteur Gary Schwartz du Laboratoire pour l&rsquo;Avancement de la Conscience et la Sant\u00e9 de l&rsquo;Universit\u00e9 d&rsquo;Arizona.<\/strong><\/p>\n\n\n\n<div class=\"wp-block-image\"><figure class=\"aligncenter size-large\"><img loading=\"lazy\" decoding=\"async\" width=\"100\" height=\"125\" src=\"http:\/\/sereconnecteralavie.com\/wp-content\/uploads\/2020\/11\/schwartz.jpg\" alt=\"\" class=\"wp-image-287\"\/><\/figure><\/div>\n\n\n\n<p>Changements sur les participants pendant et apr\u00e8s un s\u00e9minaire de soin reconnectif.<br>Ces \u00e9tudes mesurent la facult\u00e9 des participants \u00e0 ressentir, \u00e0 transmettre et \u00e0 recevoir de la lumi\u00e8re et des fr\u00e9quences \u00e9lectromagn\u00e9tiques avant et apr\u00e8s leur participation au s\u00e9minaire.<br><strong>Il a \u00e9galement observ\u00e9 que lors d&rsquo;un soin reconnectif, l&rsquo;\u00e9lectro-cardiogramme du donneur avait une incidence sur l&rsquo;\u00e9lectro-enc\u00e9phalogramme du receveur.<\/strong><\/p>\n\n\n\n<div class=\"wp-block-image\"><figure class=\"aligncenter size-large is-resized\"><img loading=\"lazy\" decoding=\"async\" src=\"http:\/\/sereconnecteralavie.com\/wp-content\/uploads\/2020\/11\/paragr.gif\" alt=\"\" class=\"wp-image-266\" width=\"333\" height=\"30\"\/><\/figure><\/div>\n","protected":false},"excerpt":{"rendered":"<p>La Reconnexion et la Science Docteur Eric Pearl s&rsquo;est entour\u00e9 de scientifiques d&rsquo;une part et d&rsquo;autre part des chercheurs internationaux se sont interrog\u00e9s sur les fr\u00e9quences reconnectives et leur impact. De multiples mesures et exp\u00e9riences ont \u00e9t\u00e9 men\u00e9es par des scientifiques : am\u00e9ricains, anglais, russes ou autres et ont abouties \u00e0 ces conclusions. Etudes de &hellip; <\/p>\n<p class=\"link-more\"><a href=\"https:\/\/sereconnecteralavie.com\/index.php\/reconnexion\/science\/\" class=\"more-link\">Continuer la lecture<span class=\"screen-reader-text\"> de &laquo;&nbsp;Science&nbsp;&raquo;<\/span><\/a><\/p>\n","protected":false},"author":1,"featured_media":0,"parent":202,"menu_order":0,"comment_status":"closed","ping_status":"closed","template":"","meta":{"footnotes":""},"class_list":["post-249","page","type-page","status-publish","hentry"],"_links":{"self":[{"href":"https:\/\/sereconnecteralavie.com\/index.php\/wp-json\/wp\/v2\/pages\/249","targetHints":{"allow":["GET"]}}],"collection":[{"href":"https:\/\/sereconnecteralavie.com\/index.php\/wp-json\/wp\/v2\/pages"}],"about":[{"href":"https:\/\/sereconnecteralavie.com\/index.php\/wp-json\/wp\/v2\/types\/page"}],"author":[{"embeddable":true,"href":"https:\/\/sereconnecteralavie.com\/index.php\/wp-json\/wp\/v2\/users\/1"}],"replies":[{"embeddable":true,"href":"https:\/\/sereconnecteralavie.com\/index.php\/wp-json\/wp\/v2\/comments?post=249"}],"version-history":[{"count":8,"href":"https:\/\/sereconnecteralavie.com\/index.php\/wp-json\/wp\/v2\/pages\/249\/revisions"}],"predecessor-version":[{"id":289,"href":"https:\/\/sereconnecteralavie.com\/index.php\/wp-json\/wp\/v2\/pages\/249\/revisions\/289"}],"up":[{"embeddable":true,"href":"https:\/\/sereconnecteralavie.com\/index.php\/wp-json\/wp\/v2\/pages\/202"}],"wp:attachment":[{"href":"https:\/\/sereconnecteralavie.com\/index.php\/wp-json\/wp\/v2\/media?parent=249"}],"curies":[{"name":"wp","href":"https:\/\/api.w.org\/{rel}","templated":true}]}}