	{"id":246,"date":"2020-11-27T19:28:41","date_gmt":"2020-11-27T18:28:41","guid":{"rendered":"http:\/\/sereconnecteralavie.com\/?page_id=246"},"modified":"2023-05-15T21:15:58","modified_gmt":"2023-05-15T19:15:58","slug":"frequence","status":"publish","type":"page","link":"https:\/\/sereconnecteralavie.com\/index.php\/reconnexion\/frequence\/","title":{"rendered":"Fr\u00e9quence"},"content":{"rendered":"\n<h2 class=\"has-text-align-center wp-block-heading\"><strong>Fr\u00e9quence reconnective\u00ae<\/strong><\/h2>\n\n\n\n<div class=\"wp-block-image\"><figure class=\"aligncenter size-large\"><img loading=\"lazy\" decoding=\"async\" width=\"266\" height=\"177\" src=\"http:\/\/sereconnecteralavie.com\/wp-content\/uploads\/2020\/11\/frequence.jpg\" alt=\"\" class=\"wp-image-247\"\/><\/figure><\/div>\n\n\n\n<div id=\"menug1\" class=\"arrondie\">\n\t<br>\n\t<img loading=\"lazy\" decoding=\"async\" src=\"\/wp-content\/uploads\/2020\/11\/adn.jpg\" width=\"200\" height=\"60\" border=\"0\">\n\t<br>\n\t<p style=\"font-size:18px;color:#B6D9FF;text-shadow: #0000A0 1px 1px, #0000A0 -1px 1px, #0000A0 -1px -1px, #0000A0 1px -1px;\n\tfont-weight:normal;text-align: center;\">\n\t\tQuantique et Fr\u00e9quences\n\t<\/p>\n\t<br>\n\t<table width=\"100%\" border=\"0\">\n\t\t<tbody><tr>\n\t\t\t<td onmouseover=\"this.className='survol';\" onmouseout=\"this.className='cltr';\" onclick=\"window.location='http:\/\/sereconnecteralavie.com\/index.php\/soin-reconnectif\/';\">\n\t\t\t&nbsp;&#8211; Soin reconnectif\n\t\t\t<\/td>\n\t\t<\/tr>\n\t\t<tr>\n\t\t\t<td onmouseover=\"this.className='survol';\" onmouseout=\"this.className='cltr';\" onclick=\"window.location='http:\/\/sereconnecteralavie.com\/index.php\/soin-reconnectif-a-distance\/';\">\n\t\t\t&nbsp;&#8211; Soin reconnectif \u00e0 distance\n\t\t\t<\/td>\n\t\t<\/tr>\t\n\t\t<tr>\n\t\t\t<td onmouseover=\"this.className='survol';\" onmouseout=\"this.className='cltr';\" onclick=\"window.location='http:\/\/sereconnecteralavie.com\/index.php\/reconnexion\/';\">\n\t\t\t&nbsp;&#8211; Reconnexion\n\t\t\t<\/td>\n\t\t<\/tr>\n\t\t<tr>\n\t\t\t<td onmouseover=\"this.className='survol';\" onmouseout=\"this.className='cltr';\" onclick=\"window.location='http:\/\/sereconnecteralavie.com\/index.php\/science\/';\">\n\t\t\t&nbsp;&#8211; Science\n\t\t\t<\/td>\n\t\t<\/tr>\t\n\t\t<tr>\n\t\t\t<td onmouseover=\"this.className='survol';\" onmouseout=\"this.className='cltr';\" onclick=\"window.location='http:\/\/sereconnecteralavie.com\/index.php\/origine\/';\">\n\t\t\t&nbsp;&#8211; Origine\n\t\t\t<\/td>\n\t\t<\/tr>\n\t\t<tr>\n\t\t\t<td onmouseover=\"this.className='survol';\" onmouseout=\"this.className='cltr';\" onclick=\"window.location='http:\/\/sereconnecteralavie.com\/index.php\/frequence\/';\">\n\t\t\t&nbsp;&#8211; Fr\u00e9quence\n\t\t\t<\/td>\n\t\t<\/tr>\t\n\t\t<tr>\n\t\t\t<td onmouseover=\"this.className='survol';\" onmouseout=\"this.className='cltr';\" onclick=\"window.location='http:\/\/sereconnecteralavie.com\/index.php\/les-cles-denoch\/';\">\n\t\t\t&nbsp;&#8211; Cl\u00e9s d&rsquo;Enoch\n\t\t\t<\/td>\n\t\t<\/tr>\n\t<\/tbody><\/table>\t\n\t<img loading=\"lazy\" decoding=\"async\" class=\"xcenter\" src=\"\/wp-content\/uploads\/2020\/11\/papillon.gif\" width=\"75\" height=\"60\" border=\"0\">\n<\/div>\n\n\n\n<p>Depuis la fin du vingti\u00e8me si\u00e8cle, et l&rsquo;\u00e9l\u00e9vation du niveau vibratoire de la plan\u00e8te, pour beaucoup d&rsquo;entre nous, nous avons l&rsquo;impression d&rsquo;\u00eatre entr\u00e9s dans une nouvelle \u00e8re faite de multiplication et d&rsquo;acc\u00e9l\u00e9ration du temps et des \u00e9v\u00e8nements.<\/p>\n\n\n\n<p>Qui ne trouve pas que les journ\u00e9es passent plus vite qu&rsquo;il y a 10, 20 ou 30 ans ?<\/p>\n\n\n\n<p>Pour nous permettre d&rsquo;\u00e9quilibrer cette tendance et de la vivre dans l&rsquo;harmonie, la vie nous a permis de nous <strong>connecter \u00e0 de nouvelles fr\u00e9quences vibratoires<\/strong>, \u00e0 la mesure de nos besoins terrestres.<\/p>\n\n\n\n<p>Ces fr\u00e9quences ont entre autre \u00e9t\u00e9 d\u00e9couvertes par le <strong>Docteur Eric Pearl<\/strong>.<br>Ce dernier dirigeait un des cabinets de chiropraxie les plus connus de Los Angeles, et ceci depuis douze ans, domaine dans lequel il avait prosp\u00e9r\u00e9. Et, au milieu des ann\u00e9es 90 ses patients commenc\u00e8rent \u00e0 \u00eatre miraculeusement gu\u00e9ris de toutes sortes de maladies, m\u00eames qualifi\u00e9es de graves ou irr\u00e9versibles.<br>Ainsi d\u00e9butait le travail de la Reconnexion\u00ae.<br><strong>Ces fr\u00e9quences reconnectent semble-t-il l&rsquo;humain avec sa propre source ou perfection<\/strong>, ainsi qu&rsquo;avec les informations provenant de dimensions parall\u00e8les.<\/p>\n\n\n\n<p>Ces fr\u00e9quences sont achemin\u00e9es via des <strong><em>\u00ab cordes ou brins vibrants \u00bb<\/em><\/strong> constituant \u00e0 la fois l&rsquo;\u00e9nergie de notre corps mais aussi des <strong><em>\u00ab passerelles \u00bb<\/em><\/strong> entre ces diff\u00e9rentes dimensions.<br>Les derni\u00e8res d\u00e9couvertes en physique quantique avec la <strong><em>\u00ab th\u00e9orie des cordes \u00bb<\/em><\/strong> pourraient expliquer, \u00e0 l&rsquo;aide de cet \u00e9l\u00e9ment, les composantes de la totalit\u00e9 de la Nature et de la Cr\u00e9ation depuis les plus petites particules de la mati\u00e8re (m\u00e9canique quantique) jusqu&rsquo;aux structures les plus \u00e9loign\u00e9es de nos galaxies et du cosmos (th\u00e9orie de la relativit\u00e9 g\u00e9n\u00e9rale d&rsquo;Einstein).<\/p>\n\n\n\n<p>Certains des consultants de Docteur Eric Pearl r\u00e9p\u00e9taient ces trois phrases extraites des six expressions sans qu&rsquo;il sache au d\u00e9but pourquoi :<\/p>\n\n\n\n<p><strong><em>\u00ab Ce que vous faites c&rsquo;est d&rsquo;apporter lumi\u00e8re et information \u00e0 la plan\u00e8te,<br>Ce que vous faites c&rsquo;est que vous reconnectez des filaments (ADN),<br>Ce que vous faites c&rsquo;est que vous reconnectez des brins (cordes) \u00bb<\/em><\/strong>.<\/p>\n\n\n\n<div class=\"wp-block-image\"><figure class=\"aligncenter size-large is-resized\"><img loading=\"lazy\" decoding=\"async\" src=\"http:\/\/sereconnecteralavie.com\/wp-content\/uploads\/2020\/11\/paragr.gif\" alt=\"\" class=\"wp-image-266\" width=\"333\" height=\"30\"\/><\/figure><\/div>\n","protected":false},"excerpt":{"rendered":"<p>Fr\u00e9quence reconnective\u00ae Depuis la fin du vingti\u00e8me si\u00e8cle, et l&rsquo;\u00e9l\u00e9vation du niveau vibratoire de la plan\u00e8te, pour beaucoup d&rsquo;entre nous, nous avons l&rsquo;impression d&rsquo;\u00eatre entr\u00e9s dans une nouvelle \u00e8re faite de multiplication et d&rsquo;acc\u00e9l\u00e9ration du temps et des \u00e9v\u00e8nements. Qui ne trouve pas que les journ\u00e9es passent plus vite qu&rsquo;il y a 10, 20 ou &hellip; <\/p>\n<p class=\"link-more\"><a href=\"https:\/\/sereconnecteralavie.com\/index.php\/reconnexion\/frequence\/\" class=\"more-link\">Continuer la lecture<span class=\"screen-reader-text\"> de &laquo;&nbsp;Fr\u00e9quence&nbsp;&raquo;<\/span><\/a><\/p>\n","protected":false},"author":1,"featured_media":0,"parent":202,"menu_order":0,"comment_status":"closed","ping_status":"closed","template":"","meta":{"footnotes":""},"class_list":["post-246","page","type-page","status-publish","hentry"],"_links":{"self":[{"href":"https:\/\/sereconnecteralavie.com\/index.php\/wp-json\/wp\/v2\/pages\/246","targetHints":{"allow":["GET"]}}],"collection":[{"href":"https:\/\/sereconnecteralavie.com\/index.php\/wp-json\/wp\/v2\/pages"}],"about":[{"href":"https:\/\/sereconnecteralavie.com\/index.php\/wp-json\/wp\/v2\/types\/page"}],"author":[{"embeddable":true,"href":"https:\/\/sereconnecteralavie.com\/index.php\/wp-json\/wp\/v2\/users\/1"}],"replies":[{"embeddable":true,"href":"https:\/\/sereconnecteralavie.com\/index.php\/wp-json\/wp\/v2\/comments?post=246"}],"version-history":[{"count":3,"href":"https:\/\/sereconnecteralavie.com\/index.php\/wp-json\/wp\/v2\/pages\/246\/revisions"}],"predecessor-version":[{"id":267,"href":"https:\/\/sereconnecteralavie.com\/index.php\/wp-json\/wp\/v2\/pages\/246\/revisions\/267"}],"up":[{"embeddable":true,"href":"https:\/\/sereconnecteralavie.com\/index.php\/wp-json\/wp\/v2\/pages\/202"}],"wp:attachment":[{"href":"https:\/\/sereconnecteralavie.com\/index.php\/wp-json\/wp\/v2\/media?parent=246"}],"curies":[{"name":"wp","href":"https:\/\/api.w.org\/{rel}","templated":true}]}}