	{"id":225,"date":"2020-11-27T18:13:15","date_gmt":"2020-11-27T17:13:15","guid":{"rendered":"http:\/\/sereconnecteralavie.com\/?page_id=225"},"modified":"2023-05-15T21:23:31","modified_gmt":"2023-05-15T19:23:31","slug":"soin-reconnectif","status":"publish","type":"page","link":"https:\/\/sereconnecteralavie.com\/index.php\/reconnexion\/soin-reconnectif\/","title":{"rendered":"Soin reconnectif"},"content":{"rendered":"\n<h2 class=\"has-text-align-center wp-block-heading\"><strong>Le soin reconnectif\u00ae<\/strong><\/h2>\n\n\n\n<div class=\"wp-block-image\"><figure class=\"aligncenter size-large\"><img loading=\"lazy\" decoding=\"async\" width=\"240\" height=\"115\" src=\"http:\/\/sereconnecteralavie.com\/wp-content\/uploads\/2020\/11\/soinrecon-1.jpg\" alt=\"\" class=\"wp-image-228\"\/><\/figure><\/div>\n\n\n\n<div id=\"menug1\" class=\"arrondie\">\n\t<br>\n\t<img loading=\"lazy\" decoding=\"async\" src=\"\/wp-content\/uploads\/2020\/11\/adn.jpg\" width=\"200\" height=\"60\" border=\"0\">\n\t<br>\n\t<p style=\"font-size:18px;color:#B6D9FF;text-shadow: #0000A0 1px 1px, #0000A0 -1px 1px, #0000A0 -1px -1px, #0000A0 1px -1px;\n\tfont-weight:normal;text-align: center;\">\n\t\tQuantique et Fr\u00e9quences\n\t<\/p>\n\t<br>\n\t<table width=\"100%\" border=\"0\">\n\t\t<tbody><tr>\n\t\t\t<td onmouseover=\"this.className='survol';\" onmouseout=\"this.className='cltr';\" onclick=\"window.location='http:\/\/sereconnecteralavie.com\/index.php\/soin-reconnectif\/';\">\n\t\t\t&nbsp;&#8211; Soin reconnectif\n\t\t\t<\/td>\n\t\t<\/tr>\n\t\t<tr>\n\t\t\t<td onmouseover=\"this.className='survol';\" onmouseout=\"this.className='cltr';\" onclick=\"window.location='http:\/\/sereconnecteralavie.com\/index.php\/soin-reconnectif-a-distance\/';\">\n\t\t\t&nbsp;&#8211; Soin reconnectif \u00e0 distance\n\t\t\t<\/td>\n\t\t<\/tr>\t\n\t\t<tr>\n\t\t\t<td onmouseover=\"this.className='survol';\" onmouseout=\"this.className='cltr';\" onclick=\"window.location='http:\/\/sereconnecteralavie.com\/index.php\/reconnexion\/';\">\n\t\t\t&nbsp;&#8211; Reconnexion\n\t\t\t<\/td>\n\t\t<\/tr>\n\t\t<tr>\n\t\t\t<td onmouseover=\"this.className='survol';\" onmouseout=\"this.className='cltr';\" onclick=\"window.location='http:\/\/sereconnecteralavie.com\/index.php\/science\/';\">\n\t\t\t&nbsp;&#8211; Science\n\t\t\t<\/td>\n\t\t<\/tr>\t\n\t\t<tr>\n\t\t\t<td onmouseover=\"this.className='survol';\" onmouseout=\"this.className='cltr';\" onclick=\"window.location='http:\/\/sereconnecteralavie.com\/index.php\/origine\/';\">\n\t\t\t&nbsp;&#8211; Origine\n\t\t\t<\/td>\n\t\t<\/tr>\n\t\t<tr>\n\t\t\t<td onmouseover=\"this.className='survol';\" onmouseout=\"this.className='cltr';\" onclick=\"window.location='http:\/\/sereconnecteralavie.com\/index.php\/frequence\/';\">\n\t\t\t&nbsp;&#8211; Fr\u00e9quence\n\t\t\t<\/td>\n\t\t<\/tr>\t\n\t\t<tr>\n\t\t\t<td onmouseover=\"this.className='survol';\" onmouseout=\"this.className='cltr';\" onclick=\"window.location='http:\/\/sereconnecteralavie.com\/index.php\/les-cles-denoch\/';\">\n\t\t\t&nbsp;&#8211; Cl\u00e9s d&rsquo;Enoch\n\t\t\t<\/td>\n\t\t<\/tr>\n\t<\/tbody><\/table>\t\n\t<img loading=\"lazy\" decoding=\"async\" class=\"xcenter\" src=\"\/wp-content\/uploads\/2020\/11\/papillon.gif\" width=\"75\" height=\"60\" border=\"0\">\n<\/div>\n\n\n\n<p>Le Soin Reconnectif\u00ae (Reconnecting Healing\u00ae)<br>&#8211; pour une vie harmonieuse,<br>&#8211; pour une bonne sant\u00e9,<br>&#8211; pour \u00eatre sur votre voie.<\/p>\n\n\n\n<p>Ce soin en \u00e9levant le taux vibratoire de la personne permet de la r\u00e9\u00e9quilibrer en agissant sur tous les plans de sa vie.<br>La personne est allong\u00e9e et se met en \u00e9tat de r\u00e9ception de tous les possibles&#8230;<br>Le travail qui op\u00e8re se dirige vers tous les corps qu&rsquo;il soit physique ou subtils.<br>Ce sont les nouvelles fr\u00e9quences de Lumi\u00e8re\/Energie\/Information qui sont \u00e0 l&rsquo;\u0153uvre et l&rsquo;intelligence de cette fr\u00e9quence sait ce qui est \u00e0 faire.<br>La personne a juste \u00e0 accueillir en toute s\u00e9r\u00e9nit\u00e9 et confiance.<\/p>\n\n\n\n<p><strong>Ce soin apporte un retour \u00e0 l&rsquo;\u00e9quilibre naturel de son Etre.<\/strong><\/p>\n\n\n\n<p>Il agit au c\u0153ur de chaque cellule, au niveau de l&rsquo;ADN, il le restructure ou le r\u00e9organise. Il n&rsquo;est pas n\u00e9cessaire d&rsquo;\u00eatre malade pour recevoir un soin.<br>Il est aussi une passerelle entre nos limitations depuis toujours pour r\u00e9aliser notre potentiel humain.<br>La personne peut vivre une gu\u00e9rison, un l\u00e2cher-prise, un apaisement mental ou une harmonisation spirituelle&#8230; tout ceci en fonction de son avancement.<\/p>\n\n\n\n<p>A ce sujet \u00e9ric Pearl dit :<\/p>\n\n\n\n<p><em>\u00ab Si vous \u00eates chanceux, votre gu\u00e9rison se pr\u00e9sentera sous la forme que vous anticipiez. Si vous \u00eates vraiment chanceux, votre gu\u00e9rison se pr\u00e9sentera sous une forme que vous n&rsquo;avez pas m\u00eame souhait\u00e9, celle que l&rsquo;univers vous r\u00e9serve tout sp\u00e9cialement.\u00bb<\/em><\/p>\n\n\n\n<p>Ainsi, le mieux-\u00eatre s&rsquo;effectue par l&rsquo;unit\u00e9 et l&rsquo; harmonie.<br>Le soin reconnectif dure entre quarante minutes et une heure. Un temps d&rsquo;\u00e9coute et de partage peut y \u00eatre associ\u00e9 avant et apr\u00e8s.<br>Ce soin, r\u00e9alis\u00e9 avec le c\u0153ur, continue d&rsquo;agir dans les jours et semaines qui suivent.<\/p>\n\n\n\n<p><strong>Il donne les m\u00eames r\u00e9sultats pour le Soin Reconnectif \u00e0 distance.<\/strong><\/p>\n\n\n\n<p>Celui-ci est pr\u00e9par\u00e9 par un entretien au pr\u00e9alable et post.<br>Le soin reconnectif am\u00e8ne souvent les personnes qui l&rsquo;ont re\u00e7u \u00e0 aller plus loin en souhaitant recevoir leur <strong>Reconnexion Personnelle<\/strong> ( autre process une seule fois dans sa vie.)<\/p>\n\n\n\n<p>Contacter le <strong>06 30 81 29 12<\/strong> pour toute information sp\u00e9cifique.<\/p>\n\n\n\n<div class=\"wp-block-image\"><figure class=\"aligncenter size-large is-resized\"><img loading=\"lazy\" decoding=\"async\" src=\"http:\/\/sereconnecteralavie.com\/wp-content\/uploads\/2020\/11\/paragr.gif\" alt=\"\" class=\"wp-image-266\" width=\"333\" height=\"30\"\/><\/figure><\/div>\n\n\n\n<p>\u00ab\u00a0Quand nous acceptons nos m\u00e9tamorphoses int\u00e9rieures,<br>nous cessons d&rsquo;\u00eatre aveugles \u00e0 l&rsquo;immensit\u00e9 qui s&rsquo;ouvre devant nous. \u00ab\u00a0<br><strong>Vernon Howard<\/strong><\/p>\n\n\n\n<div class=\"wp-block-image\"><figure class=\"aligncenter size-large is-resized\"><img loading=\"lazy\" decoding=\"async\" src=\"http:\/\/sereconnecteralavie.com\/wp-content\/uploads\/2020\/11\/paragr.gif\" alt=\"\" class=\"wp-image-266\" width=\"333\" height=\"30\"\/><\/figure><\/div>\n","protected":false},"excerpt":{"rendered":"<p>Le soin reconnectif\u00ae Le Soin Reconnectif\u00ae (Reconnecting Healing\u00ae)&#8211; pour une vie harmonieuse,&#8211; pour une bonne sant\u00e9,&#8211; pour \u00eatre sur votre voie. Ce soin en \u00e9levant le taux vibratoire de la personne permet de la r\u00e9\u00e9quilibrer en agissant sur tous les plans de sa vie.La personne est allong\u00e9e et se met en \u00e9tat de r\u00e9ception de &hellip; <\/p>\n<p class=\"link-more\"><a href=\"https:\/\/sereconnecteralavie.com\/index.php\/reconnexion\/soin-reconnectif\/\" class=\"more-link\">Continuer la lecture<span class=\"screen-reader-text\"> de &laquo;&nbsp;Soin reconnectif&nbsp;&raquo;<\/span><\/a><\/p>\n","protected":false},"author":1,"featured_media":0,"parent":202,"menu_order":0,"comment_status":"closed","ping_status":"closed","template":"","meta":{"footnotes":""},"class_list":["post-225","page","type-page","status-publish","hentry"],"_links":{"self":[{"href":"https:\/\/sereconnecteralavie.com\/index.php\/wp-json\/wp\/v2\/pages\/225","targetHints":{"allow":["GET"]}}],"collection":[{"href":"https:\/\/sereconnecteralavie.com\/index.php\/wp-json\/wp\/v2\/pages"}],"about":[{"href":"https:\/\/sereconnecteralavie.com\/index.php\/wp-json\/wp\/v2\/types\/page"}],"author":[{"embeddable":true,"href":"https:\/\/sereconnecteralavie.com\/index.php\/wp-json\/wp\/v2\/users\/1"}],"replies":[{"embeddable":true,"href":"https:\/\/sereconnecteralavie.com\/index.php\/wp-json\/wp\/v2\/comments?post=225"}],"version-history":[{"count":5,"href":"https:\/\/sereconnecteralavie.com\/index.php\/wp-json\/wp\/v2\/pages\/225\/revisions"}],"predecessor-version":[{"id":639,"href":"https:\/\/sereconnecteralavie.com\/index.php\/wp-json\/wp\/v2\/pages\/225\/revisions\/639"}],"up":[{"embeddable":true,"href":"https:\/\/sereconnecteralavie.com\/index.php\/wp-json\/wp\/v2\/pages\/202"}],"wp:attachment":[{"href":"https:\/\/sereconnecteralavie.com\/index.php\/wp-json\/wp\/v2\/media?parent=225"}],"curies":[{"name":"wp","href":"https:\/\/api.w.org\/{rel}","templated":true}]}}