	{"id":202,"date":"2020-11-27T13:02:10","date_gmt":"2020-11-27T12:02:10","guid":{"rendered":"http:\/\/sereconnecteralavie.com\/?page_id=202"},"modified":"2020-11-27T22:21:04","modified_gmt":"2020-11-27T21:21:04","slug":"reconnexion","status":"publish","type":"page","link":"https:\/\/sereconnecteralavie.com\/index.php\/reconnexion\/","title":{"rendered":"Reconnexion"},"content":{"rendered":"\n<h2 class=\"has-text-align-center wp-block-heading\"><strong>La Reconnexion\u00ae <br>(Reconnection\u00ae)<\/strong><\/h2>\n\n\n\n<div class=\"wp-block-image\"><figure class=\"aligncenter size-large\"><img loading=\"lazy\" decoding=\"async\" width=\"250\" height=\"224\" src=\"http:\/\/sereconnecteralavie.com\/wp-content\/uploads\/2020\/11\/reconnexion1.jpg\" alt=\"\" class=\"wp-image-222\"\/><\/figure><\/div>\n\n\n\n<div id=\"menug1\" class=\"arrondie\">\n\t<br>\n\t<img loading=\"lazy\" decoding=\"async\" src=\"\/wp-content\/uploads\/2020\/11\/adn.jpg\" width=\"200\" height=\"60\" border=\"0\">\n\t<br>\n\t<p style=\"font-size:18px;color:#B6D9FF;text-shadow: #0000A0 1px 1px, #0000A0 -1px 1px, #0000A0 -1px -1px, #0000A0 1px -1px;\n\tfont-weight:normal;text-align: center;\">\n\t\tQuantique et Fr\u00e9quences\n\t<\/p>\n\t<br>\n\t<table width=\"100%\" border=\"0\">\n\t\t<tbody><tr>\n\t\t\t<td onmouseover=\"this.className='survol';\" onmouseout=\"this.className='cltr';\" onclick=\"window.location='http:\/\/sereconnecteralavie.com\/index.php\/soin-reconnectif\/';\">\n\t\t\t&nbsp;&#8211; Soin reconnectif\n\t\t\t<\/td>\n\t\t<\/tr>\n\t\t<tr>\n\t\t\t<td onmouseover=\"this.className='survol';\" onmouseout=\"this.className='cltr';\" onclick=\"window.location='http:\/\/sereconnecteralavie.com\/index.php\/soin-reconnectif-a-distance\/';\">\n\t\t\t&nbsp;&#8211; Soin reconnectif \u00e0 distance\n\t\t\t<\/td>\n\t\t<\/tr>\t\n\t\t<tr>\n\t\t\t<td onmouseover=\"this.className='survol';\" onmouseout=\"this.className='cltr';\" onclick=\"window.location='http:\/\/sereconnecteralavie.com\/index.php\/reconnexion\/';\">\n\t\t\t&nbsp;&#8211; Reconnexion\n\t\t\t<\/td>\n\t\t<\/tr>\n\t\t<tr>\n\t\t\t<td onmouseover=\"this.className='survol';\" onmouseout=\"this.className='cltr';\" onclick=\"window.location='http:\/\/sereconnecteralavie.com\/index.php\/science\/';\">\n\t\t\t&nbsp;&#8211; Science\n\t\t\t<\/td>\n\t\t<\/tr>\t\n\t\t<tr>\n\t\t\t<td onmouseover=\"this.className='survol';\" onmouseout=\"this.className='cltr';\" onclick=\"window.location='http:\/\/sereconnecteralavie.com\/index.php\/origine\/';\">\n\t\t\t&nbsp;&#8211; Origine\n\t\t\t<\/td>\n\t\t<\/tr>\n\t\t<tr>\n\t\t\t<td onmouseover=\"this.className='survol';\" onmouseout=\"this.className='cltr';\" onclick=\"window.location='http:\/\/sereconnecteralavie.com\/index.php\/frequence\/';\">\n\t\t\t&nbsp;&#8211; Fr\u00e9quence\n\t\t\t<\/td>\n\t\t<\/tr>\t\n\t\t<tr>\n\t\t\t<td onmouseover=\"this.className='survol';\" onmouseout=\"this.className='cltr';\" onclick=\"window.location='http:\/\/sereconnecteralavie.com\/index.php\/les-cles-denoch\/';\">\n\t\t\t&nbsp;&#8211; Cl\u00e9s d&rsquo;Enoch\n\t\t\t<\/td>\n\t\t<\/tr>\n\t<\/tbody><\/table>\t\n\t<img loading=\"lazy\" decoding=\"async\" class=\"xcenter\" src=\"\/wp-content\/uploads\/2020\/11\/papillon.gif\" width=\"75\" height=\"60\" border=\"0\">\n<\/div>\n\n\n\n<p><strong>Un merveilleux processus d&rsquo;\u00e9volution personnelle&#8230;<br><br>Une exp\u00e9rience unique&#8230;<\/strong><\/p>\n\n\n\n<p><strong>L&rsquo;intention de la Reconnexion<\/strong> est de relier la personne \u00e0 la pl\u00e9nitude de l&rsquo;Univers.<br>En effet, l&rsquo;univers nous met en connexion avec la pl\u00e9nitude de notre \u00eatre et de qui nous sommes, \u00e0 travers un ensemble complexe de fr\u00e9quences.<\/p>\n\n\n\n<p>Ces <strong>fr\u00e9quences \u00e9volutives<\/strong> sont issues d&rsquo;une nouvelle bande passante apport\u00e9e par un spectre de lumi\u00e8re et d&rsquo;information qui n&rsquo;a jamais \u00e9t\u00e9 pr\u00e9sente sur la Terre auparavant.<br>C&rsquo;est par la Reconnexion que nous sommes en mesure d&rsquo;interagir avec ces nouveaux niveaux de lumi\u00e8re et d&rsquo;information. Gr\u00e2ce \u00e0 ces nouveaux niveaux de lumi\u00e8re et d&rsquo;information que nous sommes en mesure de vous reconnecter.<\/p>\n\n\n\n<p>Il s&rsquo;agit d&rsquo;un trac\u00e9 des lignes d&rsquo;acupuncture ou <strong>m\u00e9ridiens<\/strong> de l&rsquo;humain mis \u00e0 nouveau en relation avec les lignes magn\u00e9tiques telluriques de la terre ou <strong>lignes axiatonales<\/strong> et aux <strong>lignes axiales<\/strong> de l&rsquo;univers.<br>Car, il y a fort longtemps, l&rsquo;\u00eatre humain a \u00e9t\u00e9 d\u00e9connect\u00e9 de sa Source&#8230;<\/p>\n\n\n\n<div class=\"wp-block-image\"><figure class=\"aligncenter size-large\"><img loading=\"lazy\" decoding=\"async\" width=\"250\" height=\"171\" src=\"http:\/\/sereconnecteralavie.com\/wp-content\/uploads\/2020\/11\/reconnexion2.jpg\" alt=\"\" class=\"wp-image-271\"\/><\/figure><\/div>\n\n\n\n<p><strong>La Reconnexion s&rsquo;adresse aux personnes qui sont dans une optique de transformation et d&rsquo;\u00e9volution personnelle.<br><br>La Reconnexion se fait une seule fois dans sa vie.<\/strong><\/p>\n\n\n\n<p>La Reconnexion met la personne sur son chemin de vie comme si tout devenait d\u00e9sormais \u00e9vident, fluide, clair et limpide. Plus de questions du genre, \u00ab que dois-je faire pour m&rsquo;\u00e9panouir et exister ? \u00bb<\/p>\n\n\n\n<p>Une fois le lien cr\u00e9\u00e9 avec la <strong>source<\/strong>, celui-ci est pr\u00e9sent pour toujours.<br>La personne b\u00e9n\u00e9ficie de la connexion qui lui permet de recevoir en permanence davantage d&rsquo;\u00e9nergie, de lumi\u00e8re et d&rsquo;information. Elle se sent guid\u00e9e et accompagn\u00e9e chaque jour dans son \u00e9volution personnelle.<br>Elle d\u00e9couvre qui elle est r\u00e9ellement et acc\u00e8de enfin \u00e0 son potentiel.<\/p>\n\n\n\n<p><strong>La Reconnexion repose sur la vibration 333.<\/strong><\/p>\n\n\n\n<p><strong>D\u00e9roulement de la Reconnexion :<\/strong><\/p>\n\n\n\n<p>La Reconnexion se d\u00e9roule en deux sessions, chacune d&rsquo;une dur\u00e9e d&rsquo;environ 45 minutes \u00e0 55 minutes, sur deux journ\u00e9es cons\u00e9cutives.<\/p>\n\n\n\n<p>La Reconnexion est un <strong>processus sacr\u00e9<\/strong> sans contact direct avec le corps de la personne. Elle se trouve sur une table de massage, tout habill\u00e9e.<\/p>\n\n\n\n<p>Un repos suppl\u00e9mentaire peut \u00eatre n\u00e9cessaire dans les jours suivants la reconnexion pour permettre \u00e0 l&rsquo;organisme d&rsquo;assimiler le changement de vibration.<br>Le <strong>processus de reconnexion<\/strong> peut continuer pendant des mois apr\u00e8s la reconnexion effective.<\/p>\n\n\n\n<div class=\"wp-block-image\"><figure class=\"aligncenter size-large is-resized\"><img loading=\"lazy\" decoding=\"async\" src=\"http:\/\/sereconnecteralavie.com\/wp-content\/uploads\/2020\/11\/paragr.gif\" alt=\"\" class=\"wp-image-266\" width=\"333\" height=\"30\"\/><\/figure><\/div>\n\n\n\n<p><strong>Les choses relat\u00e9es par les personnes qui l&rsquo;ont re\u00e7ues&nbsp;:<\/strong><\/p>\n\n\n\n<p>&#8211; Soulagement et l\u00e9g\u00e8ret\u00e9,<br>&#8211; Subit Avancement personnel,<br>&#8211; Ouvertures dans sa vie,<br>&#8211; Grand \u00e9veil,<br>&#8211; Nouveaux centres d&rsquo;int\u00e9r\u00eat,<br>&#8211; Confiance absolue et l\u00e2cher-prise,<br>&#8211; R\u00e9alisation de nouveaux projets,<br>&#8211; Sensation d&rsquo;\u00eatre enfin sur le bon chenin,<br>&#8211; D\u00e9couverte du bonheur,<br>&#8211; Pl\u00e9nitude et Paix&#8230;<\/p>\n\n\n\n<figure class=\"wp-block-image size-large is-resized\"><img loading=\"lazy\" decoding=\"async\" src=\"http:\/\/sereconnecteralavie.com\/wp-content\/uploads\/2020\/11\/paragr.gif\" alt=\"\" class=\"wp-image-266\" width=\"333\" height=\"30\"\/><\/figure>\n\n\n\n<p>\u00ab\u00a0Oser c&rsquo;est perdre pied momentan\u00e9ment, ne pas oser c&rsquo;est se perdre soi-m\u00eame\u00a0\u00bb<br><strong>Kierkegaard<\/strong><\/p>\n\n\n\n<div class=\"wp-block-image\"><figure class=\"aligncenter size-large is-resized\"><img loading=\"lazy\" decoding=\"async\" src=\"http:\/\/sereconnecteralavie.com\/wp-content\/uploads\/2020\/11\/paragr.gif\" alt=\"\" class=\"wp-image-266\" width=\"333\" height=\"30\"\/><\/figure><\/div>\n","protected":false},"excerpt":{"rendered":"<p>La Reconnexion\u00ae (Reconnection\u00ae) Un merveilleux processus d&rsquo;\u00e9volution personnelle&#8230; Une exp\u00e9rience unique&#8230; L&rsquo;intention de la Reconnexion est de relier la personne \u00e0 la pl\u00e9nitude de l&rsquo;Univers.En effet, l&rsquo;univers nous met en connexion avec la pl\u00e9nitude de notre \u00eatre et de qui nous sommes, \u00e0 travers un ensemble complexe de fr\u00e9quences. Ces fr\u00e9quences \u00e9volutives sont issues d&rsquo;une &hellip; <\/p>\n<p class=\"link-more\"><a href=\"https:\/\/sereconnecteralavie.com\/index.php\/reconnexion\/\" class=\"more-link\">Continuer la lecture<span class=\"screen-reader-text\"> de &laquo;&nbsp;Reconnexion&nbsp;&raquo;<\/span><\/a><\/p>\n","protected":false},"author":1,"featured_media":0,"parent":0,"menu_order":0,"comment_status":"closed","ping_status":"closed","template":"","meta":{"footnotes":""},"class_list":["post-202","page","type-page","status-publish","hentry"],"_links":{"self":[{"href":"https:\/\/sereconnecteralavie.com\/index.php\/wp-json\/wp\/v2\/pages\/202","targetHints":{"allow":["GET"]}}],"collection":[{"href":"https:\/\/sereconnecteralavie.com\/index.php\/wp-json\/wp\/v2\/pages"}],"about":[{"href":"https:\/\/sereconnecteralavie.com\/index.php\/wp-json\/wp\/v2\/types\/page"}],"author":[{"embeddable":true,"href":"https:\/\/sereconnecteralavie.com\/index.php\/wp-json\/wp\/v2\/users\/1"}],"replies":[{"embeddable":true,"href":"https:\/\/sereconnecteralavie.com\/index.php\/wp-json\/wp\/v2\/comments?post=202"}],"version-history":[{"count":19,"href":"https:\/\/sereconnecteralavie.com\/index.php\/wp-json\/wp\/v2\/pages\/202\/revisions"}],"predecessor-version":[{"id":275,"href":"https:\/\/sereconnecteralavie.com\/index.php\/wp-json\/wp\/v2\/pages\/202\/revisions\/275"}],"wp:attachment":[{"href":"https:\/\/sereconnecteralavie.com\/index.php\/wp-json\/wp\/v2\/media?parent=202"}],"curies":[{"name":"wp","href":"https:\/\/api.w.org\/{rel}","templated":true}]}}