	{"id":151,"date":"2020-11-26T22:07:55","date_gmt":"2020-11-26T21:07:55","guid":{"rendered":"http:\/\/sereconnecteralavie.com\/?page_id=151"},"modified":"2023-02-28T00:45:00","modified_gmt":"2023-02-27T23:45:00","slug":"actualites-conferences","status":"publish","type":"page","link":"https:\/\/sereconnecteralavie.com\/index.php\/actualites-conferences\/","title":{"rendered":"Actualit\u00e9s"},"content":{"rendered":"\n<h2 class=\"has-text-align-center wp-block-heading\"><strong>Je vous accompagne sur votre chemin de l&rsquo;\u00e9veil<\/strong><br><\/h2>\n\n\n<div class=\"wp-block-image\">\n<figure class=\"aligncenter size-large is-resized\"><img loading=\"lazy\" decoding=\"async\" src=\"http:\/\/sereconnecteralavie.com\/wp-content\/uploads\/2020\/11\/conference.jpg\" alt=\"\" class=\"wp-image-141\" width=\"280\" height=\"145\"\/><\/figure>\n<\/div>\n\n<div class=\"wp-block-image\">\n<figure class=\"aligncenter size-large is-resized\"><img loading=\"lazy\" decoding=\"async\" src=\"http:\/\/sereconnecteralavie.com\/wp-content\/uploads\/2020\/11\/paragr.gif\" alt=\"\" class=\"wp-image-113\" width=\"333\" height=\"30\"\/><\/figure>\n<\/div>\n\n\n<p id=\"xparagr\"><strong>NOUVEAUTE&#8230;&#8230;les fr\u00e9quences &#8230;..\u00e0 votre domicile,<br><br>Je mets en place des s\u00e9ances de groupe \u00e0 distance avec les fr\u00e9quences.<\/strong><br>Soin reconnectif \u00e0 distance les mardis \u00e0 partir du 10 janvier 2023 \u00e0 21H00.<br><br>Vous recevez les fr\u00e9quences chez vous, juste besoin de s&rsquo;allonger pendant 45 minutes,<br>Pas besoin de se connecter \u00e0 mon site ou d&rsquo;appeler mon num\u00e9ro pendant la s\u00e9ance,<br>Pensez \u00e0 vous pr\u00e9parer au moins 5 mn avant votre s\u00e9ance, allongez-vous et fermez les yeux.<br><strong>La s\u00e9ance dure quarante minutes, et pour en profiter pleinement,<\/strong><br><strong>je vous conseille d&rsquo;\u00eatre au calme sans \u00eatre d\u00e9rang\u00e9 du tout.<\/strong><\/p>\n\n\n\n<p id=\"xparagr\"><strong>Inscription<\/strong> :  par  Sms sur tel : 06 30 81 29 12 en pr\u00e9cisant votre nom, pr\u00e9nom, tel et courriel  <br><strong>Paiement<\/strong> : par PayPal en bas de cette page, le co\u00fbt est de 9 euros,<\/p>\n\n\n\n<p id=\"xparagr\">Vous recevrez de ma part un Sms de rappel le mardi dans l&rsquo;apr\u00e8s-midi,<br>et vous pouvez \u00e9crire un Sms  du ressenti des fr\u00e9quences quelques heures ou jours apr\u00e8s la s\u00e9ance.<br>Il est possible de s&rsquo;inscrire le jour m\u00eame jusqu&rsquo;\u00e0 20H00.<\/p>\n\n\n<div class=\"wp-block-image\">\n<figure class=\"aligncenter size-large is-resized\"><img loading=\"lazy\" decoding=\"async\" src=\"http:\/\/sereconnecteralavie.com\/wp-content\/uploads\/2020\/11\/paragr.gif\" alt=\"\" class=\"wp-image-113\" width=\"333\" height=\"30\"\/><\/figure>\n<\/div>\n\n\n<p class=\"has-text-align-center\" id=\"xparagr\">Un atelier, un samedi apr\u00e8s-midi par mois :<br>\u00ab\u00a0<strong>D\u00e9couverte des nouvelles fr\u00e9quences<\/strong>\u00ab\u00a0<br>\u00e0 Dinan (22) &#8211; places limit\u00e9es &#8211;<br>inscription &amp; lieu au 06 30 81 29 12<\/p>\n\n\n<div class=\"wp-block-image\">\n<figure class=\"aligncenter size-large is-resized\"><img loading=\"lazy\" decoding=\"async\" src=\"http:\/\/sereconnecteralavie.com\/wp-content\/uploads\/2020\/11\/paragr.gif\" alt=\"\" class=\"wp-image-113\" width=\"333\" height=\"30\"\/><\/figure>\n<\/div>\n\n\n<h1 class=\"has-text-align-center wp-block-heading\"><strong>Reiki<\/strong><\/h1>\n\n\n\n<p class=\"has-text-align-center\" id=\"xparagr\">Initiation et Enseignement Niveaux 1, 2, 3 et 4<br><strong>un week-end par trimestre aux portes du Mont Saint-Michel :<\/strong><\/p>\n\n\n\n<p class=\"has-text-align-center\"><strong>en Normandie, Avranches (50) Manche,<\/strong><br><strong>ou en Bretagne<\/strong>, <strong>Dinan (22) C\u00f4tes d&rsquo;Armor<\/strong><\/p>\n\n\n\n<p class=\"has-text-align-center\"><a class=\"boutondesignx\" href=\"https:\/\/reiki.sereconnecteralavie.com\" target=\"_blank\" rel=\"noopener\">Site Reiki<\/a><\/p>\n\n\n\n<p><\/p>\n\n\n\n<p class=\"has-text-align-center\"><\/p>\n\n\n<div class=\"wp-block-image\">\n<figure class=\"aligncenter size-large is-resized\"><img loading=\"lazy\" decoding=\"async\" src=\"http:\/\/sereconnecteralavie.com\/wp-content\/uploads\/2020\/11\/paragr.gif\" alt=\"\" class=\"wp-image-113\" width=\"333\" height=\"30\"\/><\/figure>\n<\/div>\n\n\n<p id=\"xparagr\"><em>\u00ab Notre corps est la barque qui nous portera jusqu&rsquo;\u00e0 l&rsquo;autre rive de l&rsquo;oc\u00e9an de la vie. Il faut en prendre soin \u00bb<\/em><br><strong>Swami Vivekananda<\/strong><\/p>\n\n\n<div class=\"wp-block-image\">\n<figure class=\"aligncenter size-large is-resized\"><img loading=\"lazy\" decoding=\"async\" src=\"http:\/\/sereconnecteralavie.com\/wp-content\/uploads\/2020\/11\/paragr.gif\" alt=\"\" class=\"wp-image-113\" width=\"333\" height=\"30\"\/><\/figure>\n<\/div>\n\n\n<h2 class=\"has-text-align-right wp-block-heading\"><strong>Catherine<\/strong><\/h2>\n","protected":false},"excerpt":{"rendered":"<p>Je vous accompagne sur votre chemin de l&rsquo;\u00e9veil NOUVEAUTE&#8230;&#8230;les fr\u00e9quences &#8230;..\u00e0 votre domicile, Je mets en place des s\u00e9ances de groupe \u00e0 distance avec les fr\u00e9quences.Soin reconnectif \u00e0 distance les mardis \u00e0 partir du 10 janvier 2023 \u00e0 21H00. Vous recevez les fr\u00e9quences chez vous, juste besoin de s&rsquo;allonger pendant 45 minutes,Pas besoin de se &hellip; <\/p>\n<p class=\"link-more\"><a href=\"https:\/\/sereconnecteralavie.com\/index.php\/actualites-conferences\/\" class=\"more-link\">Continuer la lecture<span class=\"screen-reader-text\"> de &laquo;&nbsp;Actualit\u00e9s&nbsp;&raquo;<\/span><\/a><\/p>\n","protected":false},"author":1,"featured_media":0,"parent":0,"menu_order":0,"comment_status":"closed","ping_status":"closed","template":"","meta":{"footnotes":""},"class_list":["post-151","page","type-page","status-publish","hentry"],"_links":{"self":[{"href":"https:\/\/sereconnecteralavie.com\/index.php\/wp-json\/wp\/v2\/pages\/151","targetHints":{"allow":["GET"]}}],"collection":[{"href":"https:\/\/sereconnecteralavie.com\/index.php\/wp-json\/wp\/v2\/pages"}],"about":[{"href":"https:\/\/sereconnecteralavie.com\/index.php\/wp-json\/wp\/v2\/types\/page"}],"author":[{"embeddable":true,"href":"https:\/\/sereconnecteralavie.com\/index.php\/wp-json\/wp\/v2\/users\/1"}],"replies":[{"embeddable":true,"href":"https:\/\/sereconnecteralavie.com\/index.php\/wp-json\/wp\/v2\/comments?post=151"}],"version-history":[{"count":35,"href":"https:\/\/sereconnecteralavie.com\/index.php\/wp-json\/wp\/v2\/pages\/151\/revisions"}],"predecessor-version":[{"id":709,"href":"https:\/\/sereconnecteralavie.com\/index.php\/wp-json\/wp\/v2\/pages\/151\/revisions\/709"}],"wp:attachment":[{"href":"https:\/\/sereconnecteralavie.com\/index.php\/wp-json\/wp\/v2\/media?parent=151"}],"curies":[{"name":"wp","href":"https:\/\/api.w.org\/{rel}","templated":true}]}}